{"id":119,"date":"2018-01-21T09:10:47","date_gmt":"2018-01-21T09:10:47","guid":{"rendered":"http:\/\/spielgruppe-chnopf.ch\/sc\/?page_id=119"},"modified":"2022-08-06T07:56:55","modified_gmt":"2022-08-06T07:56:55","slug":"traegerverein","status":"publish","type":"page","link":"https:\/\/spielgruppe-chnopf.ch\/sc\/?page_id=119","title":{"rendered":"Tr\u00e4gerverein"},"content":{"rendered":"<p><img loading=\"lazy\" decoding=\"async\" class=\"alignnone wp-image-856 size-full\" src=\"http:\/\/spielgruppe-chnopf.ch\/sc\/wp-content\/uploads\/2019\/02\/Fotobalken-Ueber-uns-Traegerverein.png\" alt=\"\" width=\"1889\" height=\"484\" srcset=\"https:\/\/spielgruppe-chnopf.ch\/sc\/wp-content\/uploads\/2019\/02\/Fotobalken-Ueber-uns-Traegerverein.png 1889w, https:\/\/spielgruppe-chnopf.ch\/sc\/wp-content\/uploads\/2019\/02\/Fotobalken-Ueber-uns-Traegerverein-300x77.png 300w, https:\/\/spielgruppe-chnopf.ch\/sc\/wp-content\/uploads\/2019\/02\/Fotobalken-Ueber-uns-Traegerverein-768x197.png 768w, https:\/\/spielgruppe-chnopf.ch\/sc\/wp-content\/uploads\/2019\/02\/Fotobalken-Ueber-uns-Traegerverein-1024x262.png 1024w, https:\/\/spielgruppe-chnopf.ch\/sc\/wp-content\/uploads\/2019\/02\/Fotobalken-Ueber-uns-Traegerverein-400x102.png 400w\" sizes=\"auto, (max-width: 1889px) 100vw, 1889px\" \/><\/p>\n<p>Die Spielgruppe Chnopf wird von einem Verein gleichen Namens gef\u00fchrt.<\/p>\n<p class=\"paragraph_style_1\">Die Mitgliedschaft im Tr\u00e4gerverein steht allen Interessierten offen. Sie ist nicht an ein Betreuungsverh\u00e4ltnis gebunden.<\/p>\n<p class=\"paragraph_style_1\">Der Verein setzt sich folgendermassen zusammen:<\/p>\n<div id=\"id3\" class=\"style_SkipStroke_3 shape-with-text\">\n<div class=\"text-content graphic_textbox_layout_style_default_External_108_144\">\n<div class=\"graphic_textbox_layout_style_default\">\n\n<table id=\"tablepress-2\" class=\"tablepress tablepress-id-2\">\n<tbody class=\"row-striping\">\n<tr class=\"row-1\">\n\t<td class=\"column-1\">Pr\u00e4sidentin<\/td><td class=\"column-2\">Raffaela Sanabria<\/td>\n<\/tr>\n<tr class=\"row-2\">\n\t<td class=\"column-1\">Kassier<\/td><td class=\"column-2\">Sibylle Koch<\/td>\n<\/tr>\n<tr class=\"row-3\">\n\t<td class=\"column-1\">Aktuarin<\/td><td class=\"column-2\">Mich\u00e8le Hirter<\/td>\n<\/tr>\n<tr class=\"row-4\">\n\t<td class=\"column-1\">Beisitzerin<\/td><td class=\"column-2\">Nicole Marti<\/td>\n<\/tr>\n<tr class=\"row-5\">\n\t<td class=\"column-1\">Revisorin<\/td><td class=\"column-2\">Denise Aeschlimann<\/td>\n<\/tr>\n<\/tbody>\n<\/table>\n<!-- #tablepress-2 from cache -->\n<p>Der Vorstand bietet Gew\u00e4hr, dass in Pf\u00e4ffikon eine nach den\u00a0<a href=\"http:\/\/spielgruppe-chnopf.ch\/sc\/wp-content\/uploads\/2019\/02\/Spielgruppenpaedagogik.pdf\" target=\"_blank\" rel=\"noopener noreferrer\">Grunds\u00e4tzen\u00a0der\u00a0IG Spielgruppen<\/a>\u00a0gef\u00fchrte Spielgruppe angeboten wird.<\/p>\n<\/div>\n<\/div>\n<\/div>\n","protected":false},"excerpt":{"rendered":"<p>Die Spielgruppe Chnopf wird von einem Verein gleichen Namens gef\u00fchrt. Die Mitgliedschaft im Tr\u00e4gerverein steht allen Interessierten offen. Sie ist nicht an ein Betreuungsverh\u00e4ltnis gebunden. Der Verein setzt sich folgendermassen zusammen: Der Vorstand bietet Gew\u00e4hr, dass in Pf\u00e4ffikon eine nach <a class=\"more-link\" href=\"https:\/\/spielgruppe-chnopf.ch\/sc\/?page_id=119\">weiterlesen&#8230;<\/a><\/p>\n","protected":false},"author":2,"featured_media":0,"parent":49,"menu_order":0,"comment_status":"closed","ping_status":"closed","template":"","meta":{"footnotes":""},"class_list":["post-119","page","type-page","status-publish","hentry"],"yoast_head":"<!-- This site is optimized with the Yoast SEO plugin v27.3 - https:\/\/yoast.com\/product\/yoast-seo-wordpress\/ -->\n<title>Tr\u00e4gerverein - Spielgruppe Chnopf<\/title>\n<meta name=\"robots\" content=\"index, follow, max-snippet:-1, max-image-preview:large, max-video-preview:-1\" \/>\n<link rel=\"canonical\" href=\"https:\/\/spielgruppe-chnopf.ch\/sc\/?page_id=119\" \/>\n<meta property=\"og:locale\" content=\"de_DE\" \/>\n<meta property=\"og:type\" content=\"article\" \/>\n<meta property=\"og:title\" content=\"Tr\u00e4gerverein - Spielgruppe Chnopf\" \/>\n<meta property=\"og:description\" content=\"Die Spielgruppe Chnopf wird von einem Verein gleichen Namens gef\u00fchrt. Die Mitgliedschaft im Tr\u00e4gerverein steht allen Interessierten offen. Sie ist nicht an ein Betreuungsverh\u00e4ltnis gebunden. Der Verein setzt sich folgendermassen zusammen: Der Vorstand bietet Gew\u00e4hr, dass in Pf\u00e4ffikon eine nach weiterlesen...\" \/>\n<meta property=\"og:url\" content=\"https:\/\/spielgruppe-chnopf.ch\/sc\/?page_id=119\" \/>\n<meta property=\"og:site_name\" content=\"Spielgruppe Chnopf\" \/>\n<meta property=\"article:publisher\" content=\"https:\/\/www.facebook.com\/SpielgruppeChnopf\/\" \/>\n<meta property=\"article:modified_time\" content=\"2022-08-06T07:56:55+00:00\" \/>\n<meta property=\"og:image\" content=\"http:\/\/spielgruppe-chnopf.ch\/sc\/wp-content\/uploads\/2019\/02\/Fotobalken-Ueber-uns-Traegerverein.png\" \/>\n<meta name=\"twitter:card\" content=\"summary_large_image\" \/>\n<meta name=\"twitter:label1\" content=\"Gesch\u00e4tzte Lesezeit\" \/>\n\t<meta name=\"twitter:data1\" content=\"1\u00a0Minute\" \/>\n<script type=\"application\/ld+json\" class=\"yoast-schema-graph\">{\"@context\":\"https:\\\/\\\/schema.org\",\"@graph\":[{\"@type\":\"WebPage\",\"@id\":\"https:\\\/\\\/spielgruppe-chnopf.ch\\\/sc\\\/?page_id=119\",\"url\":\"https:\\\/\\\/spielgruppe-chnopf.ch\\\/sc\\\/?page_id=119\",\"name\":\"Tr\u00e4gerverein - Spielgruppe Chnopf\",\"isPartOf\":{\"@id\":\"https:\\\/\\\/spielgruppe-chnopf.ch\\\/sc\\\/#website\"},\"primaryImageOfPage\":{\"@id\":\"https:\\\/\\\/spielgruppe-chnopf.ch\\\/sc\\\/?page_id=119#primaryimage\"},\"image\":{\"@id\":\"https:\\\/\\\/spielgruppe-chnopf.ch\\\/sc\\\/?page_id=119#primaryimage\"},\"thumbnailUrl\":\"http:\\\/\\\/spielgruppe-chnopf.ch\\\/sc\\\/wp-content\\\/uploads\\\/2019\\\/02\\\/Fotobalken-Ueber-uns-Traegerverein.png\",\"datePublished\":\"2018-01-21T09:10:47+00:00\",\"dateModified\":\"2022-08-06T07:56:55+00:00\",\"breadcrumb\":{\"@id\":\"https:\\\/\\\/spielgruppe-chnopf.ch\\\/sc\\\/?page_id=119#breadcrumb\"},\"inLanguage\":\"de\",\"potentialAction\":[{\"@type\":\"ReadAction\",\"target\":[\"https:\\\/\\\/spielgruppe-chnopf.ch\\\/sc\\\/?page_id=119\"]}]},{\"@type\":\"ImageObject\",\"inLanguage\":\"de\",\"@id\":\"https:\\\/\\\/spielgruppe-chnopf.ch\\\/sc\\\/?page_id=119#primaryimage\",\"url\":\"https:\\\/\\\/spielgruppe-chnopf.ch\\\/sc\\\/wp-content\\\/uploads\\\/2019\\\/02\\\/Fotobalken-Ueber-uns-Traegerverein.png\",\"contentUrl\":\"https:\\\/\\\/spielgruppe-chnopf.ch\\\/sc\\\/wp-content\\\/uploads\\\/2019\\\/02\\\/Fotobalken-Ueber-uns-Traegerverein.png\",\"width\":1889,\"height\":484},{\"@type\":\"BreadcrumbList\",\"@id\":\"https:\\\/\\\/spielgruppe-chnopf.ch\\\/sc\\\/?page_id=119#breadcrumb\",\"itemListElement\":[{\"@type\":\"ListItem\",\"position\":1,\"name\":\"Startseite\",\"item\":\"https:\\\/\\\/spielgruppe-chnopf.ch\\\/sc\\\/\"},{\"@type\":\"ListItem\",\"position\":2,\"name\":\"\u00dcber uns\",\"item\":\"https:\\\/\\\/spielgruppe-chnopf.ch\\\/sc\\\/?page_id=49\"},{\"@type\":\"ListItem\",\"position\":3,\"name\":\"Tr\u00e4gerverein\"}]},{\"@type\":\"WebSite\",\"@id\":\"https:\\\/\\\/spielgruppe-chnopf.ch\\\/sc\\\/#website\",\"url\":\"https:\\\/\\\/spielgruppe-chnopf.ch\\\/sc\\\/\",\"name\":\"Spielgruppe Chnopf - Pf\u00e4ffikon ZH\",\"description\":\"Pf\u00e4ffikon ZH\",\"publisher\":{\"@id\":\"https:\\\/\\\/spielgruppe-chnopf.ch\\\/sc\\\/#organization\"},\"potentialAction\":[{\"@type\":\"SearchAction\",\"target\":{\"@type\":\"EntryPoint\",\"urlTemplate\":\"https:\\\/\\\/spielgruppe-chnopf.ch\\\/sc\\\/?s={search_term_string}\"},\"query-input\":{\"@type\":\"PropertyValueSpecification\",\"valueRequired\":true,\"valueName\":\"search_term_string\"}}],\"inLanguage\":\"de\"},{\"@type\":\"Organization\",\"@id\":\"https:\\\/\\\/spielgruppe-chnopf.ch\\\/sc\\\/#organization\",\"name\":\"Spielgruppe Chnopf\",\"url\":\"https:\\\/\\\/spielgruppe-chnopf.ch\\\/sc\\\/\",\"logo\":{\"@type\":\"ImageObject\",\"inLanguage\":\"de\",\"@id\":\"https:\\\/\\\/spielgruppe-chnopf.ch\\\/sc\\\/#\\\/schema\\\/logo\\\/image\\\/\",\"url\":\"https:\\\/\\\/spielgruppe-chnopf.ch\\\/sc\\\/wp-content\\\/uploads\\\/2018\\\/03\\\/neues-Chnopf-Logo-bunt-Chalkboard-3D-zugeschnitten.png\",\"contentUrl\":\"https:\\\/\\\/spielgruppe-chnopf.ch\\\/sc\\\/wp-content\\\/uploads\\\/2018\\\/03\\\/neues-Chnopf-Logo-bunt-Chalkboard-3D-zugeschnitten.png\",\"width\":640,\"height\":328,\"caption\":\"Spielgruppe Chnopf\"},\"image\":{\"@id\":\"https:\\\/\\\/spielgruppe-chnopf.ch\\\/sc\\\/#\\\/schema\\\/logo\\\/image\\\/\"},\"sameAs\":[\"https:\\\/\\\/www.facebook.com\\\/SpielgruppeChnopf\\\/\"]}]}<\/script>\n<!-- \/ Yoast SEO plugin. -->","yoast_head_json":{"title":"Tr\u00e4gerverein - Spielgruppe Chnopf","robots":{"index":"index","follow":"follow","max-snippet":"max-snippet:-1","max-image-preview":"max-image-preview:large","max-video-preview":"max-video-preview:-1"},"canonical":"https:\/\/spielgruppe-chnopf.ch\/sc\/?page_id=119","og_locale":"de_DE","og_type":"article","og_title":"Tr\u00e4gerverein - Spielgruppe Chnopf","og_description":"Die Spielgruppe Chnopf wird von einem Verein gleichen Namens gef\u00fchrt. Die Mitgliedschaft im Tr\u00e4gerverein steht allen Interessierten offen. Sie ist nicht an ein Betreuungsverh\u00e4ltnis gebunden. Der Verein setzt sich folgendermassen zusammen: Der Vorstand bietet Gew\u00e4hr, dass in Pf\u00e4ffikon eine nach weiterlesen...","og_url":"https:\/\/spielgruppe-chnopf.ch\/sc\/?page_id=119","og_site_name":"Spielgruppe Chnopf","article_publisher":"https:\/\/www.facebook.com\/SpielgruppeChnopf\/","article_modified_time":"2022-08-06T07:56:55+00:00","og_image":[{"url":"http:\/\/spielgruppe-chnopf.ch\/sc\/wp-content\/uploads\/2019\/02\/Fotobalken-Ueber-uns-Traegerverein.png","type":"","width":"","height":""}],"twitter_card":"summary_large_image","twitter_misc":{"Gesch\u00e4tzte Lesezeit":"1\u00a0Minute"},"schema":{"@context":"https:\/\/schema.org","@graph":[{"@type":"WebPage","@id":"https:\/\/spielgruppe-chnopf.ch\/sc\/?page_id=119","url":"https:\/\/spielgruppe-chnopf.ch\/sc\/?page_id=119","name":"Tr\u00e4gerverein - Spielgruppe Chnopf","isPartOf":{"@id":"https:\/\/spielgruppe-chnopf.ch\/sc\/#website"},"primaryImageOfPage":{"@id":"https:\/\/spielgruppe-chnopf.ch\/sc\/?page_id=119#primaryimage"},"image":{"@id":"https:\/\/spielgruppe-chnopf.ch\/sc\/?page_id=119#primaryimage"},"thumbnailUrl":"http:\/\/spielgruppe-chnopf.ch\/sc\/wp-content\/uploads\/2019\/02\/Fotobalken-Ueber-uns-Traegerverein.png","datePublished":"2018-01-21T09:10:47+00:00","dateModified":"2022-08-06T07:56:55+00:00","breadcrumb":{"@id":"https:\/\/spielgruppe-chnopf.ch\/sc\/?page_id=119#breadcrumb"},"inLanguage":"de","potentialAction":[{"@type":"ReadAction","target":["https:\/\/spielgruppe-chnopf.ch\/sc\/?page_id=119"]}]},{"@type":"ImageObject","inLanguage":"de","@id":"https:\/\/spielgruppe-chnopf.ch\/sc\/?page_id=119#primaryimage","url":"https:\/\/spielgruppe-chnopf.ch\/sc\/wp-content\/uploads\/2019\/02\/Fotobalken-Ueber-uns-Traegerverein.png","contentUrl":"https:\/\/spielgruppe-chnopf.ch\/sc\/wp-content\/uploads\/2019\/02\/Fotobalken-Ueber-uns-Traegerverein.png","width":1889,"height":484},{"@type":"BreadcrumbList","@id":"https:\/\/spielgruppe-chnopf.ch\/sc\/?page_id=119#breadcrumb","itemListElement":[{"@type":"ListItem","position":1,"name":"Startseite","item":"https:\/\/spielgruppe-chnopf.ch\/sc\/"},{"@type":"ListItem","position":2,"name":"\u00dcber uns","item":"https:\/\/spielgruppe-chnopf.ch\/sc\/?page_id=49"},{"@type":"ListItem","position":3,"name":"Tr\u00e4gerverein"}]},{"@type":"WebSite","@id":"https:\/\/spielgruppe-chnopf.ch\/sc\/#website","url":"https:\/\/spielgruppe-chnopf.ch\/sc\/","name":"Spielgruppe Chnopf - Pf\u00e4ffikon ZH","description":"Pf\u00e4ffikon ZH","publisher":{"@id":"https:\/\/spielgruppe-chnopf.ch\/sc\/#organization"},"potentialAction":[{"@type":"SearchAction","target":{"@type":"EntryPoint","urlTemplate":"https:\/\/spielgruppe-chnopf.ch\/sc\/?s={search_term_string}"},"query-input":{"@type":"PropertyValueSpecification","valueRequired":true,"valueName":"search_term_string"}}],"inLanguage":"de"},{"@type":"Organization","@id":"https:\/\/spielgruppe-chnopf.ch\/sc\/#organization","name":"Spielgruppe Chnopf","url":"https:\/\/spielgruppe-chnopf.ch\/sc\/","logo":{"@type":"ImageObject","inLanguage":"de","@id":"https:\/\/spielgruppe-chnopf.ch\/sc\/#\/schema\/logo\/image\/","url":"https:\/\/spielgruppe-chnopf.ch\/sc\/wp-content\/uploads\/2018\/03\/neues-Chnopf-Logo-bunt-Chalkboard-3D-zugeschnitten.png","contentUrl":"https:\/\/spielgruppe-chnopf.ch\/sc\/wp-content\/uploads\/2018\/03\/neues-Chnopf-Logo-bunt-Chalkboard-3D-zugeschnitten.png","width":640,"height":328,"caption":"Spielgruppe Chnopf"},"image":{"@id":"https:\/\/spielgruppe-chnopf.ch\/sc\/#\/schema\/logo\/image\/"},"sameAs":["https:\/\/www.facebook.com\/SpielgruppeChnopf\/"]}]}},"_links":{"self":[{"href":"https:\/\/spielgruppe-chnopf.ch\/sc\/index.php?rest_route=\/wp\/v2\/pages\/119","targetHints":{"allow":["GET"]}}],"collection":[{"href":"https:\/\/spielgruppe-chnopf.ch\/sc\/index.php?rest_route=\/wp\/v2\/pages"}],"about":[{"href":"https:\/\/spielgruppe-chnopf.ch\/sc\/index.php?rest_route=\/wp\/v2\/types\/page"}],"author":[{"embeddable":true,"href":"https:\/\/spielgruppe-chnopf.ch\/sc\/index.php?rest_route=\/wp\/v2\/users\/2"}],"replies":[{"embeddable":true,"href":"https:\/\/spielgruppe-chnopf.ch\/sc\/index.php?rest_route=%2Fwp%2Fv2%2Fcomments&post=119"}],"version-history":[{"count":15,"href":"https:\/\/spielgruppe-chnopf.ch\/sc\/index.php?rest_route=\/wp\/v2\/pages\/119\/revisions"}],"predecessor-version":[{"id":2344,"href":"https:\/\/spielgruppe-chnopf.ch\/sc\/index.php?rest_route=\/wp\/v2\/pages\/119\/revisions\/2344"}],"up":[{"embeddable":true,"href":"https:\/\/spielgruppe-chnopf.ch\/sc\/index.php?rest_route=\/wp\/v2\/pages\/49"}],"wp:attachment":[{"href":"https:\/\/spielgruppe-chnopf.ch\/sc\/index.php?rest_route=%2Fwp%2Fv2%2Fmedia&parent=119"}],"curies":[{"name":"wp","href":"https:\/\/api.w.org\/{rel}","templated":true}]}}