{"id":133,"date":"2018-01-21T09:29:22","date_gmt":"2018-01-21T09:29:22","guid":{"rendered":"http:\/\/spielgruppe-chnopf.ch\/sc\/?page_id=133"},"modified":"2025-11-18T16:19:02","modified_gmt":"2025-11-18T16:19:02","slug":"leitbild","status":"publish","type":"page","link":"https:\/\/spielgruppe-chnopf.ch\/sc\/?page_id=133","title":{"rendered":"Leitbild"},"content":{"rendered":"\n<figure class=\"wp-block-image\"><img loading=\"lazy\" decoding=\"async\" width=\"1889\" height=\"484\" src=\"http:\/\/spielgruppe-chnopf.ch\/sc\/wp-content\/uploads\/2019\/02\/Fotobalken-Ueber-uns-Leitbild.png\" alt=\"\" class=\"wp-image-837\" srcset=\"https:\/\/spielgruppe-chnopf.ch\/sc\/wp-content\/uploads\/2019\/02\/Fotobalken-Ueber-uns-Leitbild.png 1889w, https:\/\/spielgruppe-chnopf.ch\/sc\/wp-content\/uploads\/2019\/02\/Fotobalken-Ueber-uns-Leitbild-300x77.png 300w, https:\/\/spielgruppe-chnopf.ch\/sc\/wp-content\/uploads\/2019\/02\/Fotobalken-Ueber-uns-Leitbild-768x197.png 768w, https:\/\/spielgruppe-chnopf.ch\/sc\/wp-content\/uploads\/2019\/02\/Fotobalken-Ueber-uns-Leitbild-1024x262.png 1024w, https:\/\/spielgruppe-chnopf.ch\/sc\/wp-content\/uploads\/2019\/02\/Fotobalken-Ueber-uns-Leitbild-400x102.png 400w\" sizes=\"auto, (max-width: 1889px) 100vw, 1889px\" \/><\/figure>\n\n\n\n<p>&nbsp;<\/p>\n\n\n\n<p>    <\/p>\n\n\n\n<figure class=\"wp-block-image size-large\"><img loading=\"lazy\" decoding=\"async\" width=\"724\" height=\"1024\" src=\"https:\/\/spielgruppe-chnopf.ch\/sc\/wp-content\/uploads\/2025\/11\/01_Leitbild-definitiv-10.02.2023-724x1024.png\" alt=\"\" class=\"wp-image-3019\" srcset=\"https:\/\/spielgruppe-chnopf.ch\/sc\/wp-content\/uploads\/2025\/11\/01_Leitbild-definitiv-10.02.2023-724x1024.png 724w, https:\/\/spielgruppe-chnopf.ch\/sc\/wp-content\/uploads\/2025\/11\/01_Leitbild-definitiv-10.02.2023-212x300.png 212w, https:\/\/spielgruppe-chnopf.ch\/sc\/wp-content\/uploads\/2025\/11\/01_Leitbild-definitiv-10.02.2023-768x1086.png 768w, https:\/\/spielgruppe-chnopf.ch\/sc\/wp-content\/uploads\/2025\/11\/01_Leitbild-definitiv-10.02.2023-1086x1536.png 1086w, https:\/\/spielgruppe-chnopf.ch\/sc\/wp-content\/uploads\/2025\/11\/01_Leitbild-definitiv-10.02.2023-1448x2048.png 1448w, https:\/\/spielgruppe-chnopf.ch\/sc\/wp-content\/uploads\/2025\/11\/01_Leitbild-definitiv-10.02.2023-400x566.png 400w, https:\/\/spielgruppe-chnopf.ch\/sc\/wp-content\/uploads\/2025\/11\/01_Leitbild-definitiv-10.02.2023-scaled.png 1810w\" sizes=\"auto, (max-width: 724px) 100vw, 724px\" \/><\/figure>\n\n\n\n<h6 class=\"wp-block-heading\">&nbsp;<\/h6>\n\n\n\n<h6 class=\"wp-block-heading\"><strong>Unsere Konzepte<\/strong><\/h6>\n\n\n\n<ul class=\"wp-block-list\">\n<li><a href=\"https:\/\/spielgruppe-chnopf.ch\/sc\/wp-content\/uploads\/2023\/11\/Paedagogisches-Konzept-Spielgruppe-Chnopf-13.05.2022.pdf\" target=\"_blank\" rel=\"noreferrer noopener\">P\u00e4dagogisches Konzept<\/a><\/li>\n\n\n\n<li><a href=\"https:\/\/spielgruppe-chnopf.ch\/sc\/wp-content\/uploads\/2019\/02\/Spielgruppenpaedagogik.pdf\" target=\"_blank\" rel=\"noreferrer noopener\">Spielgruppen-P\u00e4dagogik<\/a><\/li>\n\n\n\n<li><a href=\"https:\/\/spielgruppe-chnopf.ch\/sc\/wp-content\/uploads\/2023\/11\/Konzept-Elternarbeit-Spielgruppe-Chnopf-25.05.2022.pdf\" target=\"_blank\" rel=\"noreferrer noopener\">Elternzusammenarbeit<\/a><\/li>\n\n\n\n<li><a href=\"https:\/\/spielgruppe-chnopf.ch\/sc\/wp-content\/uploads\/2023\/11\/Konzept-Oeffentlichkeitsarbeit-Vernetzung-Spielgruppe-Chnopf-13.05.2022.pdf\" target=\"_blank\" rel=\"noreferrer noopener\">Konzept \u00d6ffentlichkeitsarbeit und Vernetzung<\/a><\/li>\n\n\n\n<li><a href=\"https:\/\/spielgruppe-chnopf.ch\/sc\/wp-content\/uploads\/2023\/11\/Sprachbildungskonzept-Spielgruppe-Chnopf-13.05.2022.pdf\" target=\"_blank\" rel=\"noreferrer noopener\">Konzept Sprachbildung<\/a><\/li>\n<\/ul>\n\n\n\n<p><\/p>\n\n\n\n<p><\/p>\n\n\n\n<h6 class=\"wp-block-heading\"><strong>Sprache ist wichtig &#8211; von Anfang an<\/strong><\/h6>\n\n\n\n<p>denn Sprache \u00f6ffnet die T\u00fcren f\u00fcr unsere Welt. Deshalb haben wir Konzepte f\u00fcr unsere Spielgruppe und die Umsetzung zur alltagsintegrierten Sprachbildung erarbeitet.<\/p>\n\n\n\n<p>Das Angebot ist Teil der Kantonalen Integrationsprogramme KIP und wird von der Gemeinde Pf\u00e4ffikon, basierend auf einer Leistungsvereinbarung, fachlich und finanziell unterst\u00fctzt.<\/p>\n\n\n\n<p>Was ist Fr\u00fche Sprachbildung? Lesen Sie <a href=\".\/?page_id=193\">hier weiter&#8230;<\/a><\/p>\n\n\n\n<h6 class=\"wp-block-heading\"><strong>Orientierungsrahmen f\u00fcr fr\u00fchkindliche Erziehung<\/strong><\/h6>\n\n\n\n<p>Der&nbsp;<a href=\"https:\/\/www.netzwerk-kinderbetreuung.ch\/media\/filer_public\/eb\/e4\/ebe4a788-061e-44f9-aedf-f71e397d33bf\/orientierungsrahmen_d_3_auflag_160818_lowres.pdf\" target=\"_blank\" rel=\"noreferrer noopener\">\u201eOrientierungsrahmen f\u00fcr Fr\u00fchkindliche Erziehung, Betreuung und Bildung in der Schweiz\u201c<\/a>&nbsp;ist 2012 entstanden und bietet in drei Landessprachen eine fundierte p\u00e4dagogische Grundlage f\u00fcr die Begleitung der Entwicklung von Kindern zwischen 0 und 4 Jahren. Er ist die Basis f\u00fcr die p\u00e4dagogische Arbeit in der Spielgruppe Chnopf.<\/p>\n","protected":false},"excerpt":{"rendered":"<p>&nbsp; &nbsp; Unsere Konzepte Sprache ist wichtig &#8211; von Anfang an denn Sprache \u00f6ffnet die T\u00fcren f\u00fcr unsere Welt. Deshalb haben wir Konzepte f\u00fcr unsere Spielgruppe und die Umsetzung zur alltagsintegrierten Sprachbildung erarbeitet. Das Angebot ist Teil der Kantonalen Integrationsprogramme <a class=\"more-link\" href=\"https:\/\/spielgruppe-chnopf.ch\/sc\/?page_id=133\">weiterlesen&#8230;<\/a><\/p>\n","protected":false},"author":2,"featured_media":0,"parent":49,"menu_order":0,"comment_status":"closed","ping_status":"closed","template":"","meta":{"footnotes":""},"class_list":["post-133","page","type-page","status-publish","hentry"],"yoast_head":"<!-- This site is optimized with the Yoast SEO plugin v27.3 - https:\/\/yoast.com\/product\/yoast-seo-wordpress\/ -->\n<title>Leitbild - Spielgruppe Chnopf<\/title>\n<meta name=\"robots\" content=\"index, follow, max-snippet:-1, max-image-preview:large, max-video-preview:-1\" \/>\n<link rel=\"canonical\" href=\"https:\/\/spielgruppe-chnopf.ch\/sc\/?page_id=133\" \/>\n<meta property=\"og:locale\" content=\"de_DE\" \/>\n<meta property=\"og:type\" content=\"article\" \/>\n<meta property=\"og:title\" content=\"Leitbild - Spielgruppe Chnopf\" \/>\n<meta property=\"og:description\" content=\"&nbsp; &nbsp; Unsere Konzepte Sprache ist wichtig &#8211; von Anfang an denn Sprache \u00f6ffnet die T\u00fcren f\u00fcr unsere Welt. Deshalb haben wir Konzepte f\u00fcr unsere Spielgruppe und die Umsetzung zur alltagsintegrierten Sprachbildung erarbeitet. Das Angebot ist Teil der Kantonalen Integrationsprogramme weiterlesen...\" \/>\n<meta property=\"og:url\" content=\"https:\/\/spielgruppe-chnopf.ch\/sc\/?page_id=133\" \/>\n<meta property=\"og:site_name\" content=\"Spielgruppe Chnopf\" \/>\n<meta property=\"article:publisher\" content=\"https:\/\/www.facebook.com\/SpielgruppeChnopf\/\" \/>\n<meta property=\"article:modified_time\" content=\"2025-11-18T16:19:02+00:00\" \/>\n<meta property=\"og:image\" content=\"https:\/\/spielgruppe-chnopf.ch\/sc\/wp-content\/uploads\/2019\/02\/Fotobalken-Ueber-uns-Leitbild.png\" \/>\n\t<meta property=\"og:image:width\" content=\"1889\" \/>\n\t<meta property=\"og:image:height\" content=\"484\" \/>\n\t<meta property=\"og:image:type\" content=\"image\/png\" \/>\n<meta name=\"twitter:card\" content=\"summary_large_image\" \/>\n<meta name=\"twitter:label1\" content=\"Gesch\u00e4tzte Lesezeit\" \/>\n\t<meta name=\"twitter:data1\" content=\"2\u00a0Minuten\" \/>\n<script type=\"application\/ld+json\" class=\"yoast-schema-graph\">{\"@context\":\"https:\\\/\\\/schema.org\",\"@graph\":[{\"@type\":\"WebPage\",\"@id\":\"https:\\\/\\\/spielgruppe-chnopf.ch\\\/sc\\\/?page_id=133\",\"url\":\"https:\\\/\\\/spielgruppe-chnopf.ch\\\/sc\\\/?page_id=133\",\"name\":\"Leitbild - Spielgruppe Chnopf\",\"isPartOf\":{\"@id\":\"https:\\\/\\\/spielgruppe-chnopf.ch\\\/sc\\\/#website\"},\"primaryImageOfPage\":{\"@id\":\"https:\\\/\\\/spielgruppe-chnopf.ch\\\/sc\\\/?page_id=133#primaryimage\"},\"image\":{\"@id\":\"https:\\\/\\\/spielgruppe-chnopf.ch\\\/sc\\\/?page_id=133#primaryimage\"},\"thumbnailUrl\":\"http:\\\/\\\/spielgruppe-chnopf.ch\\\/sc\\\/wp-content\\\/uploads\\\/2019\\\/02\\\/Fotobalken-Ueber-uns-Leitbild.png\",\"datePublished\":\"2018-01-21T09:29:22+00:00\",\"dateModified\":\"2025-11-18T16:19:02+00:00\",\"breadcrumb\":{\"@id\":\"https:\\\/\\\/spielgruppe-chnopf.ch\\\/sc\\\/?page_id=133#breadcrumb\"},\"inLanguage\":\"de\",\"potentialAction\":[{\"@type\":\"ReadAction\",\"target\":[\"https:\\\/\\\/spielgruppe-chnopf.ch\\\/sc\\\/?page_id=133\"]}]},{\"@type\":\"ImageObject\",\"inLanguage\":\"de\",\"@id\":\"https:\\\/\\\/spielgruppe-chnopf.ch\\\/sc\\\/?page_id=133#primaryimage\",\"url\":\"http:\\\/\\\/spielgruppe-chnopf.ch\\\/sc\\\/wp-content\\\/uploads\\\/2019\\\/02\\\/Fotobalken-Ueber-uns-Leitbild.png\",\"contentUrl\":\"http:\\\/\\\/spielgruppe-chnopf.ch\\\/sc\\\/wp-content\\\/uploads\\\/2019\\\/02\\\/Fotobalken-Ueber-uns-Leitbild.png\"},{\"@type\":\"BreadcrumbList\",\"@id\":\"https:\\\/\\\/spielgruppe-chnopf.ch\\\/sc\\\/?page_id=133#breadcrumb\",\"itemListElement\":[{\"@type\":\"ListItem\",\"position\":1,\"name\":\"Startseite\",\"item\":\"https:\\\/\\\/spielgruppe-chnopf.ch\\\/sc\\\/\"},{\"@type\":\"ListItem\",\"position\":2,\"name\":\"\u00dcber uns\",\"item\":\"https:\\\/\\\/spielgruppe-chnopf.ch\\\/sc\\\/?page_id=49\"},{\"@type\":\"ListItem\",\"position\":3,\"name\":\"Leitbild\"}]},{\"@type\":\"WebSite\",\"@id\":\"https:\\\/\\\/spielgruppe-chnopf.ch\\\/sc\\\/#website\",\"url\":\"https:\\\/\\\/spielgruppe-chnopf.ch\\\/sc\\\/\",\"name\":\"Spielgruppe Chnopf - Pf\u00e4ffikon ZH\",\"description\":\"Pf\u00e4ffikon ZH\",\"publisher\":{\"@id\":\"https:\\\/\\\/spielgruppe-chnopf.ch\\\/sc\\\/#organization\"},\"potentialAction\":[{\"@type\":\"SearchAction\",\"target\":{\"@type\":\"EntryPoint\",\"urlTemplate\":\"https:\\\/\\\/spielgruppe-chnopf.ch\\\/sc\\\/?s={search_term_string}\"},\"query-input\":{\"@type\":\"PropertyValueSpecification\",\"valueRequired\":true,\"valueName\":\"search_term_string\"}}],\"inLanguage\":\"de\"},{\"@type\":\"Organization\",\"@id\":\"https:\\\/\\\/spielgruppe-chnopf.ch\\\/sc\\\/#organization\",\"name\":\"Spielgruppe Chnopf\",\"url\":\"https:\\\/\\\/spielgruppe-chnopf.ch\\\/sc\\\/\",\"logo\":{\"@type\":\"ImageObject\",\"inLanguage\":\"de\",\"@id\":\"https:\\\/\\\/spielgruppe-chnopf.ch\\\/sc\\\/#\\\/schema\\\/logo\\\/image\\\/\",\"url\":\"https:\\\/\\\/spielgruppe-chnopf.ch\\\/sc\\\/wp-content\\\/uploads\\\/2018\\\/03\\\/neues-Chnopf-Logo-bunt-Chalkboard-3D-zugeschnitten.png\",\"contentUrl\":\"https:\\\/\\\/spielgruppe-chnopf.ch\\\/sc\\\/wp-content\\\/uploads\\\/2018\\\/03\\\/neues-Chnopf-Logo-bunt-Chalkboard-3D-zugeschnitten.png\",\"width\":640,\"height\":328,\"caption\":\"Spielgruppe Chnopf\"},\"image\":{\"@id\":\"https:\\\/\\\/spielgruppe-chnopf.ch\\\/sc\\\/#\\\/schema\\\/logo\\\/image\\\/\"},\"sameAs\":[\"https:\\\/\\\/www.facebook.com\\\/SpielgruppeChnopf\\\/\"]}]}<\/script>\n<!-- \/ Yoast SEO plugin. -->","yoast_head_json":{"title":"Leitbild - Spielgruppe Chnopf","robots":{"index":"index","follow":"follow","max-snippet":"max-snippet:-1","max-image-preview":"max-image-preview:large","max-video-preview":"max-video-preview:-1"},"canonical":"https:\/\/spielgruppe-chnopf.ch\/sc\/?page_id=133","og_locale":"de_DE","og_type":"article","og_title":"Leitbild - Spielgruppe Chnopf","og_description":"&nbsp; &nbsp; Unsere Konzepte Sprache ist wichtig &#8211; von Anfang an denn Sprache \u00f6ffnet die T\u00fcren f\u00fcr unsere Welt. Deshalb haben wir Konzepte f\u00fcr unsere Spielgruppe und die Umsetzung zur alltagsintegrierten Sprachbildung erarbeitet. Das Angebot ist Teil der Kantonalen Integrationsprogramme weiterlesen...","og_url":"https:\/\/spielgruppe-chnopf.ch\/sc\/?page_id=133","og_site_name":"Spielgruppe Chnopf","article_publisher":"https:\/\/www.facebook.com\/SpielgruppeChnopf\/","article_modified_time":"2025-11-18T16:19:02+00:00","og_image":[{"width":1889,"height":484,"url":"https:\/\/spielgruppe-chnopf.ch\/sc\/wp-content\/uploads\/2019\/02\/Fotobalken-Ueber-uns-Leitbild.png","type":"image\/png"}],"twitter_card":"summary_large_image","twitter_misc":{"Gesch\u00e4tzte Lesezeit":"2\u00a0Minuten"},"schema":{"@context":"https:\/\/schema.org","@graph":[{"@type":"WebPage","@id":"https:\/\/spielgruppe-chnopf.ch\/sc\/?page_id=133","url":"https:\/\/spielgruppe-chnopf.ch\/sc\/?page_id=133","name":"Leitbild - Spielgruppe Chnopf","isPartOf":{"@id":"https:\/\/spielgruppe-chnopf.ch\/sc\/#website"},"primaryImageOfPage":{"@id":"https:\/\/spielgruppe-chnopf.ch\/sc\/?page_id=133#primaryimage"},"image":{"@id":"https:\/\/spielgruppe-chnopf.ch\/sc\/?page_id=133#primaryimage"},"thumbnailUrl":"http:\/\/spielgruppe-chnopf.ch\/sc\/wp-content\/uploads\/2019\/02\/Fotobalken-Ueber-uns-Leitbild.png","datePublished":"2018-01-21T09:29:22+00:00","dateModified":"2025-11-18T16:19:02+00:00","breadcrumb":{"@id":"https:\/\/spielgruppe-chnopf.ch\/sc\/?page_id=133#breadcrumb"},"inLanguage":"de","potentialAction":[{"@type":"ReadAction","target":["https:\/\/spielgruppe-chnopf.ch\/sc\/?page_id=133"]}]},{"@type":"ImageObject","inLanguage":"de","@id":"https:\/\/spielgruppe-chnopf.ch\/sc\/?page_id=133#primaryimage","url":"http:\/\/spielgruppe-chnopf.ch\/sc\/wp-content\/uploads\/2019\/02\/Fotobalken-Ueber-uns-Leitbild.png","contentUrl":"http:\/\/spielgruppe-chnopf.ch\/sc\/wp-content\/uploads\/2019\/02\/Fotobalken-Ueber-uns-Leitbild.png"},{"@type":"BreadcrumbList","@id":"https:\/\/spielgruppe-chnopf.ch\/sc\/?page_id=133#breadcrumb","itemListElement":[{"@type":"ListItem","position":1,"name":"Startseite","item":"https:\/\/spielgruppe-chnopf.ch\/sc\/"},{"@type":"ListItem","position":2,"name":"\u00dcber uns","item":"https:\/\/spielgruppe-chnopf.ch\/sc\/?page_id=49"},{"@type":"ListItem","position":3,"name":"Leitbild"}]},{"@type":"WebSite","@id":"https:\/\/spielgruppe-chnopf.ch\/sc\/#website","url":"https:\/\/spielgruppe-chnopf.ch\/sc\/","name":"Spielgruppe Chnopf - Pf\u00e4ffikon ZH","description":"Pf\u00e4ffikon ZH","publisher":{"@id":"https:\/\/spielgruppe-chnopf.ch\/sc\/#organization"},"potentialAction":[{"@type":"SearchAction","target":{"@type":"EntryPoint","urlTemplate":"https:\/\/spielgruppe-chnopf.ch\/sc\/?s={search_term_string}"},"query-input":{"@type":"PropertyValueSpecification","valueRequired":true,"valueName":"search_term_string"}}],"inLanguage":"de"},{"@type":"Organization","@id":"https:\/\/spielgruppe-chnopf.ch\/sc\/#organization","name":"Spielgruppe Chnopf","url":"https:\/\/spielgruppe-chnopf.ch\/sc\/","logo":{"@type":"ImageObject","inLanguage":"de","@id":"https:\/\/spielgruppe-chnopf.ch\/sc\/#\/schema\/logo\/image\/","url":"https:\/\/spielgruppe-chnopf.ch\/sc\/wp-content\/uploads\/2018\/03\/neues-Chnopf-Logo-bunt-Chalkboard-3D-zugeschnitten.png","contentUrl":"https:\/\/spielgruppe-chnopf.ch\/sc\/wp-content\/uploads\/2018\/03\/neues-Chnopf-Logo-bunt-Chalkboard-3D-zugeschnitten.png","width":640,"height":328,"caption":"Spielgruppe Chnopf"},"image":{"@id":"https:\/\/spielgruppe-chnopf.ch\/sc\/#\/schema\/logo\/image\/"},"sameAs":["https:\/\/www.facebook.com\/SpielgruppeChnopf\/"]}]}},"_links":{"self":[{"href":"https:\/\/spielgruppe-chnopf.ch\/sc\/index.php?rest_route=\/wp\/v2\/pages\/133","targetHints":{"allow":["GET"]}}],"collection":[{"href":"https:\/\/spielgruppe-chnopf.ch\/sc\/index.php?rest_route=\/wp\/v2\/pages"}],"about":[{"href":"https:\/\/spielgruppe-chnopf.ch\/sc\/index.php?rest_route=\/wp\/v2\/types\/page"}],"author":[{"embeddable":true,"href":"https:\/\/spielgruppe-chnopf.ch\/sc\/index.php?rest_route=\/wp\/v2\/users\/2"}],"replies":[{"embeddable":true,"href":"https:\/\/spielgruppe-chnopf.ch\/sc\/index.php?rest_route=%2Fwp%2Fv2%2Fcomments&post=133"}],"version-history":[{"count":74,"href":"https:\/\/spielgruppe-chnopf.ch\/sc\/index.php?rest_route=\/wp\/v2\/pages\/133\/revisions"}],"predecessor-version":[{"id":3020,"href":"https:\/\/spielgruppe-chnopf.ch\/sc\/index.php?rest_route=\/wp\/v2\/pages\/133\/revisions\/3020"}],"up":[{"embeddable":true,"href":"https:\/\/spielgruppe-chnopf.ch\/sc\/index.php?rest_route=\/wp\/v2\/pages\/49"}],"wp:attachment":[{"href":"https:\/\/spielgruppe-chnopf.ch\/sc\/index.php?rest_route=%2Fwp%2Fv2%2Fmedia&parent=133"}],"curies":[{"name":"wp","href":"https:\/\/api.w.org\/{rel}","templated":true}]}}