{"id":17,"date":"2018-01-06T08:35:42","date_gmt":"2018-01-06T08:35:42","guid":{"rendered":"http:\/\/spielgruppe-chnopf.ch\/sc\/?page_id=17"},"modified":"2025-07-08T06:24:31","modified_gmt":"2025-07-08T06:24:31","slug":"waldspielgruppe","status":"publish","type":"page","link":"https:\/\/spielgruppe-chnopf.ch\/sc\/?page_id=17","title":{"rendered":"Waldspielgruppe"},"content":{"rendered":"<p><img loading=\"lazy\" decoding=\"async\" class=\"alignnone size-full wp-image-549\" src=\"http:\/\/spielgruppe-chnopf.ch\/sc\/wp-content\/uploads\/2018\/07\/Fotobalken-Angebot-Waldspielgruppe.png\" alt=\"\" width=\"1889\" height=\"484\" srcset=\"https:\/\/spielgruppe-chnopf.ch\/sc\/wp-content\/uploads\/2018\/07\/Fotobalken-Angebot-Waldspielgruppe.png 1889w, https:\/\/spielgruppe-chnopf.ch\/sc\/wp-content\/uploads\/2018\/07\/Fotobalken-Angebot-Waldspielgruppe-300x77.png 300w, https:\/\/spielgruppe-chnopf.ch\/sc\/wp-content\/uploads\/2018\/07\/Fotobalken-Angebot-Waldspielgruppe-768x197.png 768w, https:\/\/spielgruppe-chnopf.ch\/sc\/wp-content\/uploads\/2018\/07\/Fotobalken-Angebot-Waldspielgruppe-1024x262.png 1024w, https:\/\/spielgruppe-chnopf.ch\/sc\/wp-content\/uploads\/2018\/07\/Fotobalken-Angebot-Waldspielgruppe-400x102.png 400w\" sizes=\"auto, (max-width: 1889px) 100vw, 1889px\" \/><\/p>\n<h6 class=\"paragraph_style\"><strong>Waldspielgruppe<\/strong><\/h6>\n<p class=\"paragraph_style_1\">Dr\u00e4ckle, die frische Waldluft schnuppern, beobachten, wie im Fr\u00fchling die saftig gr\u00fcnen Bl\u00e4tter spriessen, dem h\u00e4mmernden Specht lauschen, auch mal Wind und Wetter trotzen, die wohlige W\u00e4rme des Feuers erleben, unter den lustig wirbelnden Bl\u00e4tterregen stehen, mit \u00c4sten einen Unterschlupf bauen, entdecken, wie man im Wald auch ohne Spielsachen viele coole Dinge machen kann und erste Freundschaften schliessen. Das und noch so viel mehr entdecken und erleben die Kinder gemeinsam mit den beiden Leiterinnen w\u00e4hrend einem Waldjahr mit viel Herz und allen Sinnen.<\/p>\n<h6><strong>Wann und wo ist Waldspielgruppe?<\/strong><\/h6>\n<p><strong>Pfaffberg:<\/strong> Donnerstag<br \/>9:00 &#8211; 11:30 Uhr (Auffangzeit von 8:50 &#8211; 9:00)<br \/><strong>Treffpunkt:<\/strong> Ab 8:50 Uhr beim Parkplatz Schulhaus Pfaffberg, Pf\u00e4ffikon ZH<br \/><a href=\"https:\/\/spielgruppe-chnopf.ch\/sc\/wp-content\/uploads\/2022\/03\/Treffpunkt-Waldgruppe-Pfaffberg.png\" target=\"_blank\" rel=\"noopener\">Plan zum Treffpunkt&#8230;<\/a><\/p>\n<p><strong>Sulzberg:<\/strong> Dienstag<br \/>9:00 &#8211; 11:30 Uhr (Auffangzeit von 8:50 &#8211; 9:00)<br \/><strong>Treffpunkt:<\/strong> Ab 8:50 Uhr beim &#8222;F\u00fc\u00fcrwehrh\u00fc\u00fcsli&#8220; am Sulzberg<br \/><a href=\"https:\/\/spielgruppe-chnopf.ch\/sc\/wp-content\/uploads\/2022\/03\/Lageplan-Sulzberg.pdf\" target=\"_blank\" rel=\"noopener\">Plan zum Treffpunkt&#8230;<\/a><\/p>\n<p class=\"paragraph_style_1\"><strong>Wetter:<\/strong> Die Waldspielgruppe findet bei jeder Witterung statt. Bei Gewitter oder Sturm haben wir einen gem\u00fctlichen Innenraum als Ausweichsm\u00f6glichkeit.<\/p>\n<h6><img loading=\"lazy\" decoding=\"async\" class=\"alignnone size-medium wp-image-2422\" src=\"http:\/\/spielgruppe-chnopf.ch\/sc\/wp-content\/uploads\/2022\/12\/IMG_2413-225x300.jpg\" alt=\"\" width=\"225\" height=\"300\" srcset=\"https:\/\/spielgruppe-chnopf.ch\/sc\/wp-content\/uploads\/2022\/12\/IMG_2413-225x300.jpg 225w, https:\/\/spielgruppe-chnopf.ch\/sc\/wp-content\/uploads\/2022\/12\/IMG_2413-768x1024.jpg 768w, https:\/\/spielgruppe-chnopf.ch\/sc\/wp-content\/uploads\/2022\/12\/IMG_2413-1152x1536.jpg 1152w, https:\/\/spielgruppe-chnopf.ch\/sc\/wp-content\/uploads\/2022\/12\/IMG_2413-1536x2048.jpg 1536w, https:\/\/spielgruppe-chnopf.ch\/sc\/wp-content\/uploads\/2022\/12\/IMG_2413-400x533.jpg 400w, https:\/\/spielgruppe-chnopf.ch\/sc\/wp-content\/uploads\/2022\/12\/IMG_2413-scaled.jpg 1920w\" sizes=\"auto, (max-width: 225px) 100vw, 225px\" \/><\/h6>\n<h6><strong>Unser Waldpl\u00e4tzli am Pfaffberg<\/strong><\/h6>\n<p>Wir haben viel Freude an unserem Waldplatz, denn es gibt immer etwas Spannendes zu entdecken und zu erleben! Wir suchen nach versteckten Zwergen unter den Wurzeln, vergn\u00fcgen uns beim Rummatschen am Lehmh\u00fcgel, bauen H\u00fctten, Igelh\u00e4uschen und Wippen mit den vielen \u00c4sten, kraxeln den H\u00fcgel rauf und sausen ihn im Winter wieder runter.<br \/>Das Herzst\u00fcck ist die sch\u00f6ne Feuerstelle mit den bequemen Sitzbaumst\u00e4mmen.<br \/>Bei Regenwetter spannen wir unsere grosse Plache, lauschen der Regenmusik und erfinden lustige Regenspiele. Im Winter w\u00e4rmt uns das Feuer, welches wir immer machen und im Sommer k\u00f6nnen wir uns am nahen B\u00e4chlein am Wasser vergn\u00fcgen und uns abk\u00fchlen.<\/p>\n<h6><strong>Unser Waldpl\u00e4tzli am Sulzberg<\/strong><\/h6>\n<p>Vor Wind und Wetter gesch\u00fctzt! Wir haben unseren gem\u00fctlichen Bauwagen, den wir bei kaltem Wetter heizen k\u00f6nnen, juhui! So muss auch im Winter niemand frieren! Wir haben auch einen tollen Grillplatz und unz\u00e4hlige M\u00f6glichkeiten zum Spielen, Klettern, Rutschen, Schaukeln, Matschen und, und, und. Der Fantasie sind (fast) keine Grenzen gesetzt. Oft besuchen wir auch die Tiere ganz in der N\u00e4he.<\/p>\n<h6><strong>Schnuppern<\/strong><\/h6>\n<p>M\u00f6chten Sie und Ihr Kind bei uns reinschnuppern und alles kennenlernen?<br \/>Gerne nehmen wir \u00fcber das <a href=\".\/?page_id=55\" target=\"_blank\" rel=\"noopener\">Kontaktformular oder per Telefon<\/a>\u00a0Ihre Anfrage entgegen und Sie k\u00f6nnen einen Schnuppertag vereinbaren.<\/p>\n<h6><strong>Das leidige Thema Zecken<\/strong><\/h6>\n<p>Da wir regelm\u00e4ssig im Wald unterwegs sind, stellt sich die Frage, wie wir es mit den Zecken handhaben. Dazu empfehlen wir Ihnen einen Blick in die <a href=\"http:\/\/spielgruppe-chnopf.ch\/sc\/wp-content\/uploads\/2019\/02\/Zeckeninfo-SUVA.pdf\" target=\"_blank\" rel=\"noopener noreferrer\">Informations-Brosch\u00fcre der SUVA<\/a>. Dort wird erkl\u00e4rt, wer die Tierchen genau sind, was es mit den Krankheiten auf sich hat und wie man sich dagegen sch\u00fctzen kann.<\/p>\n<h6><strong>Weitere Informationen<\/strong><\/h6>\n<ul>\n<li>Eine <strong>\u00dcbersicht zum Angebot der ganzen Spielgruppe<\/strong> finden Sie <a href=\".\/?page_id=24\">hier.<\/a><\/li>\n<li>Informationen zu den Kosten finden Sie auf unserer Infoseite zu den <a href=\"http:\/\/spielgruppe-chnopf.ch\/sc\/?page_id=69\">Preisen<\/a>.<\/li>\n<li>F\u00fcr weitere Ausk\u00fcnfte k\u00f6nnen Sie sich sehr gerne an unser\u00a0<a href=\"http:\/\/spielgruppe-chnopf.ch\/sc\/?page_id=55\">Sekretariat<\/a> wenden.<\/li>\n<\/ul>\n\n\n<p><\/p>\n\n\n\n<p><\/p>\n\n\n\n<p><\/p>\n\n\n\n<p><\/p>\n","protected":false},"excerpt":{"rendered":"<p>Waldspielgruppe Dr\u00e4ckle, die frische Waldluft schnuppern, beobachten, wie im Fr\u00fchling die saftig gr\u00fcnen Bl\u00e4tter spriessen, dem h\u00e4mmernden Specht lauschen, auch mal Wind und Wetter trotzen, die wohlige W\u00e4rme des Feuers erleben, unter den lustig wirbelnden Bl\u00e4tterregen stehen, mit \u00c4sten einen <a class=\"more-link\" href=\"https:\/\/spielgruppe-chnopf.ch\/sc\/?page_id=17\">weiterlesen&#8230;<\/a><\/p>\n","protected":false},"author":2,"featured_media":0,"parent":24,"menu_order":0,"comment_status":"closed","ping_status":"closed","template":"","meta":{"footnotes":""},"class_list":["post-17","page","type-page","status-publish","hentry"],"yoast_head":"<!-- This site is optimized with the Yoast SEO plugin v27.3 - https:\/\/yoast.com\/product\/yoast-seo-wordpress\/ -->\n<title>Waldspielgruppe - Spielgruppe Chnopf<\/title>\n<meta name=\"robots\" content=\"index, follow, max-snippet:-1, max-image-preview:large, max-video-preview:-1\" \/>\n<link rel=\"canonical\" href=\"https:\/\/spielgruppe-chnopf.ch\/sc\/?page_id=17\" \/>\n<meta property=\"og:locale\" content=\"de_DE\" \/>\n<meta property=\"og:type\" content=\"article\" \/>\n<meta property=\"og:title\" content=\"Waldspielgruppe - Spielgruppe Chnopf\" \/>\n<meta property=\"og:description\" content=\"Waldspielgruppe Dr\u00e4ckle, die frische Waldluft schnuppern, beobachten, wie im Fr\u00fchling die saftig gr\u00fcnen Bl\u00e4tter spriessen, dem h\u00e4mmernden Specht lauschen, auch mal Wind und Wetter trotzen, die wohlige W\u00e4rme des Feuers erleben, unter den lustig wirbelnden Bl\u00e4tterregen stehen, mit \u00c4sten einen weiterlesen...\" \/>\n<meta property=\"og:url\" content=\"https:\/\/spielgruppe-chnopf.ch\/sc\/?page_id=17\" \/>\n<meta property=\"og:site_name\" content=\"Spielgruppe Chnopf\" \/>\n<meta property=\"article:publisher\" content=\"https:\/\/www.facebook.com\/SpielgruppeChnopf\/\" \/>\n<meta property=\"article:modified_time\" content=\"2025-07-08T06:24:31+00:00\" \/>\n<meta property=\"og:image\" content=\"https:\/\/spielgruppe-chnopf.ch\/sc\/wp-content\/uploads\/2018\/07\/Fotobalken-Angebot-Waldspielgruppe.png\" \/>\n\t<meta property=\"og:image:width\" content=\"1889\" \/>\n\t<meta property=\"og:image:height\" content=\"484\" \/>\n\t<meta property=\"og:image:type\" content=\"image\/png\" \/>\n<meta name=\"twitter:card\" content=\"summary_large_image\" \/>\n<meta name=\"twitter:label1\" content=\"Gesch\u00e4tzte Lesezeit\" \/>\n\t<meta name=\"twitter:data1\" content=\"3\u00a0Minuten\" \/>\n<script type=\"application\/ld+json\" class=\"yoast-schema-graph\">{\"@context\":\"https:\\\/\\\/schema.org\",\"@graph\":[{\"@type\":\"WebPage\",\"@id\":\"https:\\\/\\\/spielgruppe-chnopf.ch\\\/sc\\\/?page_id=17\",\"url\":\"https:\\\/\\\/spielgruppe-chnopf.ch\\\/sc\\\/?page_id=17\",\"name\":\"Waldspielgruppe - Spielgruppe Chnopf\",\"isPartOf\":{\"@id\":\"https:\\\/\\\/spielgruppe-chnopf.ch\\\/sc\\\/#website\"},\"primaryImageOfPage\":{\"@id\":\"https:\\\/\\\/spielgruppe-chnopf.ch\\\/sc\\\/?page_id=17#primaryimage\"},\"image\":{\"@id\":\"https:\\\/\\\/spielgruppe-chnopf.ch\\\/sc\\\/?page_id=17#primaryimage\"},\"thumbnailUrl\":\"http:\\\/\\\/spielgruppe-chnopf.ch\\\/sc\\\/wp-content\\\/uploads\\\/2018\\\/07\\\/Fotobalken-Angebot-Waldspielgruppe.png\",\"datePublished\":\"2018-01-06T08:35:42+00:00\",\"dateModified\":\"2025-07-08T06:24:31+00:00\",\"breadcrumb\":{\"@id\":\"https:\\\/\\\/spielgruppe-chnopf.ch\\\/sc\\\/?page_id=17#breadcrumb\"},\"inLanguage\":\"de\",\"potentialAction\":[{\"@type\":\"ReadAction\",\"target\":[\"https:\\\/\\\/spielgruppe-chnopf.ch\\\/sc\\\/?page_id=17\"]}]},{\"@type\":\"ImageObject\",\"inLanguage\":\"de\",\"@id\":\"https:\\\/\\\/spielgruppe-chnopf.ch\\\/sc\\\/?page_id=17#primaryimage\",\"url\":\"https:\\\/\\\/spielgruppe-chnopf.ch\\\/sc\\\/wp-content\\\/uploads\\\/2018\\\/07\\\/Fotobalken-Angebot-Waldspielgruppe.png\",\"contentUrl\":\"https:\\\/\\\/spielgruppe-chnopf.ch\\\/sc\\\/wp-content\\\/uploads\\\/2018\\\/07\\\/Fotobalken-Angebot-Waldspielgruppe.png\",\"width\":1889,\"height\":484},{\"@type\":\"BreadcrumbList\",\"@id\":\"https:\\\/\\\/spielgruppe-chnopf.ch\\\/sc\\\/?page_id=17#breadcrumb\",\"itemListElement\":[{\"@type\":\"ListItem\",\"position\":1,\"name\":\"Startseite\",\"item\":\"https:\\\/\\\/spielgruppe-chnopf.ch\\\/sc\\\/\"},{\"@type\":\"ListItem\",\"position\":2,\"name\":\"Angebot\",\"item\":\"https:\\\/\\\/spielgruppe-chnopf.ch\\\/sc\\\/?page_id=24\"},{\"@type\":\"ListItem\",\"position\":3,\"name\":\"Waldspielgruppe\"}]},{\"@type\":\"WebSite\",\"@id\":\"https:\\\/\\\/spielgruppe-chnopf.ch\\\/sc\\\/#website\",\"url\":\"https:\\\/\\\/spielgruppe-chnopf.ch\\\/sc\\\/\",\"name\":\"Spielgruppe Chnopf - Pf\u00e4ffikon ZH\",\"description\":\"Pf\u00e4ffikon ZH\",\"publisher\":{\"@id\":\"https:\\\/\\\/spielgruppe-chnopf.ch\\\/sc\\\/#organization\"},\"potentialAction\":[{\"@type\":\"SearchAction\",\"target\":{\"@type\":\"EntryPoint\",\"urlTemplate\":\"https:\\\/\\\/spielgruppe-chnopf.ch\\\/sc\\\/?s={search_term_string}\"},\"query-input\":{\"@type\":\"PropertyValueSpecification\",\"valueRequired\":true,\"valueName\":\"search_term_string\"}}],\"inLanguage\":\"de\"},{\"@type\":\"Organization\",\"@id\":\"https:\\\/\\\/spielgruppe-chnopf.ch\\\/sc\\\/#organization\",\"name\":\"Spielgruppe Chnopf\",\"url\":\"https:\\\/\\\/spielgruppe-chnopf.ch\\\/sc\\\/\",\"logo\":{\"@type\":\"ImageObject\",\"inLanguage\":\"de\",\"@id\":\"https:\\\/\\\/spielgruppe-chnopf.ch\\\/sc\\\/#\\\/schema\\\/logo\\\/image\\\/\",\"url\":\"https:\\\/\\\/spielgruppe-chnopf.ch\\\/sc\\\/wp-content\\\/uploads\\\/2018\\\/03\\\/neues-Chnopf-Logo-bunt-Chalkboard-3D-zugeschnitten.png\",\"contentUrl\":\"https:\\\/\\\/spielgruppe-chnopf.ch\\\/sc\\\/wp-content\\\/uploads\\\/2018\\\/03\\\/neues-Chnopf-Logo-bunt-Chalkboard-3D-zugeschnitten.png\",\"width\":640,\"height\":328,\"caption\":\"Spielgruppe Chnopf\"},\"image\":{\"@id\":\"https:\\\/\\\/spielgruppe-chnopf.ch\\\/sc\\\/#\\\/schema\\\/logo\\\/image\\\/\"},\"sameAs\":[\"https:\\\/\\\/www.facebook.com\\\/SpielgruppeChnopf\\\/\"]}]}<\/script>\n<!-- \/ Yoast SEO plugin. -->","yoast_head_json":{"title":"Waldspielgruppe - Spielgruppe Chnopf","robots":{"index":"index","follow":"follow","max-snippet":"max-snippet:-1","max-image-preview":"max-image-preview:large","max-video-preview":"max-video-preview:-1"},"canonical":"https:\/\/spielgruppe-chnopf.ch\/sc\/?page_id=17","og_locale":"de_DE","og_type":"article","og_title":"Waldspielgruppe - Spielgruppe Chnopf","og_description":"Waldspielgruppe Dr\u00e4ckle, die frische Waldluft schnuppern, beobachten, wie im Fr\u00fchling die saftig gr\u00fcnen Bl\u00e4tter spriessen, dem h\u00e4mmernden Specht lauschen, auch mal Wind und Wetter trotzen, die wohlige W\u00e4rme des Feuers erleben, unter den lustig wirbelnden Bl\u00e4tterregen stehen, mit \u00c4sten einen weiterlesen...","og_url":"https:\/\/spielgruppe-chnopf.ch\/sc\/?page_id=17","og_site_name":"Spielgruppe Chnopf","article_publisher":"https:\/\/www.facebook.com\/SpielgruppeChnopf\/","article_modified_time":"2025-07-08T06:24:31+00:00","og_image":[{"width":1889,"height":484,"url":"https:\/\/spielgruppe-chnopf.ch\/sc\/wp-content\/uploads\/2018\/07\/Fotobalken-Angebot-Waldspielgruppe.png","type":"image\/png"}],"twitter_card":"summary_large_image","twitter_misc":{"Gesch\u00e4tzte Lesezeit":"3\u00a0Minuten"},"schema":{"@context":"https:\/\/schema.org","@graph":[{"@type":"WebPage","@id":"https:\/\/spielgruppe-chnopf.ch\/sc\/?page_id=17","url":"https:\/\/spielgruppe-chnopf.ch\/sc\/?page_id=17","name":"Waldspielgruppe - Spielgruppe Chnopf","isPartOf":{"@id":"https:\/\/spielgruppe-chnopf.ch\/sc\/#website"},"primaryImageOfPage":{"@id":"https:\/\/spielgruppe-chnopf.ch\/sc\/?page_id=17#primaryimage"},"image":{"@id":"https:\/\/spielgruppe-chnopf.ch\/sc\/?page_id=17#primaryimage"},"thumbnailUrl":"http:\/\/spielgruppe-chnopf.ch\/sc\/wp-content\/uploads\/2018\/07\/Fotobalken-Angebot-Waldspielgruppe.png","datePublished":"2018-01-06T08:35:42+00:00","dateModified":"2025-07-08T06:24:31+00:00","breadcrumb":{"@id":"https:\/\/spielgruppe-chnopf.ch\/sc\/?page_id=17#breadcrumb"},"inLanguage":"de","potentialAction":[{"@type":"ReadAction","target":["https:\/\/spielgruppe-chnopf.ch\/sc\/?page_id=17"]}]},{"@type":"ImageObject","inLanguage":"de","@id":"https:\/\/spielgruppe-chnopf.ch\/sc\/?page_id=17#primaryimage","url":"https:\/\/spielgruppe-chnopf.ch\/sc\/wp-content\/uploads\/2018\/07\/Fotobalken-Angebot-Waldspielgruppe.png","contentUrl":"https:\/\/spielgruppe-chnopf.ch\/sc\/wp-content\/uploads\/2018\/07\/Fotobalken-Angebot-Waldspielgruppe.png","width":1889,"height":484},{"@type":"BreadcrumbList","@id":"https:\/\/spielgruppe-chnopf.ch\/sc\/?page_id=17#breadcrumb","itemListElement":[{"@type":"ListItem","position":1,"name":"Startseite","item":"https:\/\/spielgruppe-chnopf.ch\/sc\/"},{"@type":"ListItem","position":2,"name":"Angebot","item":"https:\/\/spielgruppe-chnopf.ch\/sc\/?page_id=24"},{"@type":"ListItem","position":3,"name":"Waldspielgruppe"}]},{"@type":"WebSite","@id":"https:\/\/spielgruppe-chnopf.ch\/sc\/#website","url":"https:\/\/spielgruppe-chnopf.ch\/sc\/","name":"Spielgruppe Chnopf - Pf\u00e4ffikon ZH","description":"Pf\u00e4ffikon ZH","publisher":{"@id":"https:\/\/spielgruppe-chnopf.ch\/sc\/#organization"},"potentialAction":[{"@type":"SearchAction","target":{"@type":"EntryPoint","urlTemplate":"https:\/\/spielgruppe-chnopf.ch\/sc\/?s={search_term_string}"},"query-input":{"@type":"PropertyValueSpecification","valueRequired":true,"valueName":"search_term_string"}}],"inLanguage":"de"},{"@type":"Organization","@id":"https:\/\/spielgruppe-chnopf.ch\/sc\/#organization","name":"Spielgruppe Chnopf","url":"https:\/\/spielgruppe-chnopf.ch\/sc\/","logo":{"@type":"ImageObject","inLanguage":"de","@id":"https:\/\/spielgruppe-chnopf.ch\/sc\/#\/schema\/logo\/image\/","url":"https:\/\/spielgruppe-chnopf.ch\/sc\/wp-content\/uploads\/2018\/03\/neues-Chnopf-Logo-bunt-Chalkboard-3D-zugeschnitten.png","contentUrl":"https:\/\/spielgruppe-chnopf.ch\/sc\/wp-content\/uploads\/2018\/03\/neues-Chnopf-Logo-bunt-Chalkboard-3D-zugeschnitten.png","width":640,"height":328,"caption":"Spielgruppe Chnopf"},"image":{"@id":"https:\/\/spielgruppe-chnopf.ch\/sc\/#\/schema\/logo\/image\/"},"sameAs":["https:\/\/www.facebook.com\/SpielgruppeChnopf\/"]}]}},"_links":{"self":[{"href":"https:\/\/spielgruppe-chnopf.ch\/sc\/index.php?rest_route=\/wp\/v2\/pages\/17","targetHints":{"allow":["GET"]}}],"collection":[{"href":"https:\/\/spielgruppe-chnopf.ch\/sc\/index.php?rest_route=\/wp\/v2\/pages"}],"about":[{"href":"https:\/\/spielgruppe-chnopf.ch\/sc\/index.php?rest_route=\/wp\/v2\/types\/page"}],"author":[{"embeddable":true,"href":"https:\/\/spielgruppe-chnopf.ch\/sc\/index.php?rest_route=\/wp\/v2\/users\/2"}],"replies":[{"embeddable":true,"href":"https:\/\/spielgruppe-chnopf.ch\/sc\/index.php?rest_route=%2Fwp%2Fv2%2Fcomments&post=17"}],"version-history":[{"count":64,"href":"https:\/\/spielgruppe-chnopf.ch\/sc\/index.php?rest_route=\/wp\/v2\/pages\/17\/revisions"}],"predecessor-version":[{"id":3007,"href":"https:\/\/spielgruppe-chnopf.ch\/sc\/index.php?rest_route=\/wp\/v2\/pages\/17\/revisions\/3007"}],"up":[{"embeddable":true,"href":"https:\/\/spielgruppe-chnopf.ch\/sc\/index.php?rest_route=\/wp\/v2\/pages\/24"}],"wp:attachment":[{"href":"https:\/\/spielgruppe-chnopf.ch\/sc\/index.php?rest_route=%2Fwp%2Fv2%2Fmedia&parent=17"}],"curies":[{"name":"wp","href":"https:\/\/api.w.org\/{rel}","templated":true}]}}