{"id":19,"date":"2018-01-06T08:36:06","date_gmt":"2018-01-06T08:36:06","guid":{"rendered":"http:\/\/spielgruppe-chnopf.ch\/sc\/?page_id=19"},"modified":"2026-03-30T11:59:38","modified_gmt":"2026-03-30T11:59:38","slug":"innenspielgruppe","status":"publish","type":"page","link":"https:\/\/spielgruppe-chnopf.ch\/sc\/?page_id=19","title":{"rendered":"Innenspielgruppe"},"content":{"rendered":"<p><img loading=\"lazy\" decoding=\"async\" class=\"alignnone wp-image-352\" src=\"http:\/\/spielgruppe-chnopf.ch\/sc\/wp-content\/uploads\/2018\/04\/Fotobalken-Angebot-Innenspielgruppe.png\" alt=\"\" width=\"1889\" height=\"481\" srcset=\"https:\/\/spielgruppe-chnopf.ch\/sc\/wp-content\/uploads\/2018\/04\/Fotobalken-Angebot-Innenspielgruppe.png 640w, https:\/\/spielgruppe-chnopf.ch\/sc\/wp-content\/uploads\/2018\/04\/Fotobalken-Angebot-Innenspielgruppe-300x76.png 300w, https:\/\/spielgruppe-chnopf.ch\/sc\/wp-content\/uploads\/2018\/04\/Fotobalken-Angebot-Innenspielgruppe-400x102.png 400w\" sizes=\"auto, (max-width: 1889px) 100vw, 1889px\" \/><\/p>\n<h6><strong>Was uns wichtig ist<\/strong><\/h6>\n<p class=\"paragraph_style\">In der Spielgruppe wird in warmer Atmosph\u00e4re gespielt und gewerkt. Um die grosse Kreativit\u00e4t der Kinder zu unterst\u00fctzen, gestalten sie ihre Werke selber und geniessen viel Freiraum.<\/p>\n<p class=\"paragraph_style_1\">Klare Regeln und Grenzen machen die Spielgruppe zu einem Ort, wo Kinder erste Erfahrungen in der Gruppe sammeln k\u00f6nnen und lernen aufeinander R\u00fccksicht zu nehmen.<\/p>\n<p>Dem Abl\u00f6sungsprozess schenken wir grosse Beachtung. Wir geben den Kindern gen\u00fcgend Zeit bei diesem ersten grossen Schritt in die Selbstst\u00e4ndigkeit und begleiten Kinder und Eltern individuell und mit viel Herz.<\/p>\n<h6><strong>Wann findet die Innenspielgruppe statt?<\/strong><\/h6>\n<p><strong>Morgengruppen<\/strong><br \/>\nMontag bis Freitag von 9:00 &#8211; 11:30 Uhr<br \/>\nAb 8:30 Uhr haben wir Auffangzeit.<\/p>\n<p><strong>Nachmittagsgruppen<\/strong><strong><br \/>\n<\/strong>Im Moment bieten wir keine Nachmittagsgruppen an.<\/p>\n<h6><strong>So sieht es bei uns aus<\/strong><\/h6>\n<p><strong>Das Spielzimmer drinnen&#8230;<\/strong><br \/>\nEin heimeliges und helles Zimmer zum Spielen, B\u00fcchlein anschauen, Ausruhen, Verkleiderlis spielen, Rumtoben und, und, und&#8230;<\/p>\n<p><img loading=\"lazy\" decoding=\"async\" class=\"size-medium wp-image-2216 alignnone\" src=\"http:\/\/spielgruppe-chnopf.ch\/sc\/wp-content\/uploads\/2022\/07\/Foto-Innen-2022-1-300x225.png\" alt=\"\" width=\"300\" height=\"225\" srcset=\"https:\/\/spielgruppe-chnopf.ch\/sc\/wp-content\/uploads\/2022\/07\/Foto-Innen-2022-1-300x225.png 300w, https:\/\/spielgruppe-chnopf.ch\/sc\/wp-content\/uploads\/2022\/07\/Foto-Innen-2022-1-1024x768.png 1024w, https:\/\/spielgruppe-chnopf.ch\/sc\/wp-content\/uploads\/2022\/07\/Foto-Innen-2022-1-768x576.png 768w, https:\/\/spielgruppe-chnopf.ch\/sc\/wp-content\/uploads\/2022\/07\/Foto-Innen-2022-1-1536x1152.png 1536w, https:\/\/spielgruppe-chnopf.ch\/sc\/wp-content\/uploads\/2022\/07\/Foto-Innen-2022-1-400x300.png 400w, https:\/\/spielgruppe-chnopf.ch\/sc\/wp-content\/uploads\/2022\/07\/Foto-Innen-2022-1.png 2017w\" sizes=\"auto, (max-width: 300px) 100vw, 300px\" \/><\/p>\n<p><strong>&#8230; und das &#8222;Spielzimmer&#8220; draussen<\/strong><br \/>\nMit tollen M\u00f6glichkeiten zum Spielen und Austoben. Besonders ans Herz gewachsen ist den Kindern unser herziges Spielhaus, die &#8222;Villa Chn\u00f6pfli&#8220;.<\/p>\n<p><img loading=\"lazy\" decoding=\"async\" class=\"size-medium wp-image-2225 alignnone\" src=\"http:\/\/spielgruppe-chnopf.ch\/sc\/wp-content\/uploads\/2022\/07\/Foto-Garten-2022-300x181.png\" alt=\"\" width=\"300\" height=\"181\" srcset=\"https:\/\/spielgruppe-chnopf.ch\/sc\/wp-content\/uploads\/2022\/07\/Foto-Garten-2022-300x181.png 300w, https:\/\/spielgruppe-chnopf.ch\/sc\/wp-content\/uploads\/2022\/07\/Foto-Garten-2022-1024x619.png 1024w, https:\/\/spielgruppe-chnopf.ch\/sc\/wp-content\/uploads\/2022\/07\/Foto-Garten-2022-768x464.png 768w, https:\/\/spielgruppe-chnopf.ch\/sc\/wp-content\/uploads\/2022\/07\/Foto-Garten-2022-1536x929.png 1536w, https:\/\/spielgruppe-chnopf.ch\/sc\/wp-content\/uploads\/2022\/07\/Foto-Garten-2022-400x242.png 400w, https:\/\/spielgruppe-chnopf.ch\/sc\/wp-content\/uploads\/2022\/07\/Foto-Garten-2022.png 1932w\" sizes=\"auto, (max-width: 300px) 100vw, 300px\" \/><\/p>\n<p><strong>Unsere Bastelstube und Zn\u00fcniecke<\/strong><br \/>\nHier wird geleimt, geschnippselt, gemalt, gepuzzelt, geknetet und vieles mehr. Ebenso essen die Kinder hier zusammen mit den Leiterinnen ihren Zn\u00fcni. Bei sehr sch\u00f6nem Wetter geniessen wir den Zn\u00fcni auch mal im Garten auf der Picknickdecke.<br \/>\n<img loading=\"lazy\" decoding=\"async\" class=\"alignnone size-medium wp-image-563\" src=\"http:\/\/spielgruppe-chnopf.ch\/sc\/wp-content\/uploads\/2018\/07\/Spielgruppe-Raum-2-Bastelzimmer-300x225.jpg\" alt=\"\" width=\"300\" height=\"225\" srcset=\"https:\/\/spielgruppe-chnopf.ch\/sc\/wp-content\/uploads\/2018\/07\/Spielgruppe-Raum-2-Bastelzimmer-300x225.jpg 300w, https:\/\/spielgruppe-chnopf.ch\/sc\/wp-content\/uploads\/2018\/07\/Spielgruppe-Raum-2-Bastelzimmer-768x576.jpg 768w, https:\/\/spielgruppe-chnopf.ch\/sc\/wp-content\/uploads\/2018\/07\/Spielgruppe-Raum-2-Bastelzimmer.jpg 1024w, https:\/\/spielgruppe-chnopf.ch\/sc\/wp-content\/uploads\/2018\/07\/Spielgruppe-Raum-2-Bastelzimmer-400x300.jpg 400w\" sizes=\"auto, (max-width: 300px) 100vw, 300px\" \/><br \/>\nSelbstverst\u00e4ndlich geh\u00f6rt zum Spielgruppenlokal auch eine kindergerecht eingerichtete Toilette.<\/p>\n<h6><strong>Weitere Informationen<\/strong><\/h6>\n<ul>\n<li>Eine <strong>\u00dcbersicht zum Angebot der ganzen Spielgruppe<\/strong> finden Sie <a href=\".\/?page_id=24\">hier.<\/a><\/li>\n<li><span style=\"font-size: revert;\">Informationen zu den Kosten finden Sie auf unserer Infoseite zu den <\/span><a style=\"font-size: revert;\" href=\"http:\/\/spielgruppe-chnopf.ch\/sc\/?page_id=69\">Preisen<\/a><span style=\"font-size: revert;\">.<\/span><\/li>\n<li><span style=\"font-size: revert;\">F\u00fcr weitere Ausk\u00fcnfte k\u00f6nnen Sie sich sehr gerne an unser\u00a0<\/span><a style=\"font-size: revert;\" href=\"http:\/\/spielgruppe-chnopf.ch\/sc\/?page_id=55\">Sekretariat<\/a><span style=\"font-size: revert;\"> wenden.<\/span><\/li>\n<\/ul>\n","protected":false},"excerpt":{"rendered":"<p>Was uns wichtig ist In der Spielgruppe wird in warmer Atmosph\u00e4re gespielt und gewerkt. Um die grosse Kreativit\u00e4t der Kinder zu unterst\u00fctzen, gestalten sie ihre Werke selber und geniessen viel Freiraum. Klare Regeln und Grenzen machen die Spielgruppe zu einem <a class=\"more-link\" href=\"https:\/\/spielgruppe-chnopf.ch\/sc\/?page_id=19\">weiterlesen&#8230;<\/a><\/p>\n","protected":false},"author":2,"featured_media":0,"parent":24,"menu_order":0,"comment_status":"closed","ping_status":"closed","template":"","meta":{"footnotes":""},"class_list":["post-19","page","type-page","status-publish","hentry"],"yoast_head":"<!-- This site is optimized with the Yoast SEO plugin v27.3 - https:\/\/yoast.com\/product\/yoast-seo-wordpress\/ -->\n<title>Innenspielgruppe - Spielgruppe Chnopf<\/title>\n<meta name=\"robots\" content=\"index, follow, max-snippet:-1, max-image-preview:large, max-video-preview:-1\" \/>\n<link rel=\"canonical\" href=\"https:\/\/spielgruppe-chnopf.ch\/sc\/?page_id=19\" \/>\n<meta property=\"og:locale\" content=\"de_DE\" \/>\n<meta property=\"og:type\" content=\"article\" \/>\n<meta property=\"og:title\" content=\"Innenspielgruppe - Spielgruppe Chnopf\" \/>\n<meta property=\"og:description\" content=\"Was uns wichtig ist In der Spielgruppe wird in warmer Atmosph\u00e4re gespielt und gewerkt. Um die grosse Kreativit\u00e4t der Kinder zu unterst\u00fctzen, gestalten sie ihre Werke selber und geniessen viel Freiraum. Klare Regeln und Grenzen machen die Spielgruppe zu einem weiterlesen...\" \/>\n<meta property=\"og:url\" content=\"https:\/\/spielgruppe-chnopf.ch\/sc\/?page_id=19\" \/>\n<meta property=\"og:site_name\" content=\"Spielgruppe Chnopf\" \/>\n<meta property=\"article:publisher\" content=\"https:\/\/www.facebook.com\/SpielgruppeChnopf\/\" \/>\n<meta property=\"article:modified_time\" content=\"2026-03-30T11:59:38+00:00\" \/>\n<meta property=\"og:image\" content=\"https:\/\/spielgruppe-chnopf.ch\/sc\/wp-content\/uploads\/2018\/04\/Fotobalken-Angebot-Innenspielgruppe.png\" \/>\n\t<meta property=\"og:image:width\" content=\"640\" \/>\n\t<meta property=\"og:image:height\" content=\"163\" \/>\n\t<meta property=\"og:image:type\" content=\"image\/png\" \/>\n<meta name=\"twitter:card\" content=\"summary_large_image\" \/>\n<meta name=\"twitter:label1\" content=\"Gesch\u00e4tzte Lesezeit\" \/>\n\t<meta name=\"twitter:data1\" content=\"3\u00a0Minuten\" \/>\n<script type=\"application\/ld+json\" class=\"yoast-schema-graph\">{\"@context\":\"https:\\\/\\\/schema.org\",\"@graph\":[{\"@type\":\"WebPage\",\"@id\":\"https:\\\/\\\/spielgruppe-chnopf.ch\\\/sc\\\/?page_id=19\",\"url\":\"https:\\\/\\\/spielgruppe-chnopf.ch\\\/sc\\\/?page_id=19\",\"name\":\"Innenspielgruppe - Spielgruppe Chnopf\",\"isPartOf\":{\"@id\":\"https:\\\/\\\/spielgruppe-chnopf.ch\\\/sc\\\/#website\"},\"primaryImageOfPage\":{\"@id\":\"https:\\\/\\\/spielgruppe-chnopf.ch\\\/sc\\\/?page_id=19#primaryimage\"},\"image\":{\"@id\":\"https:\\\/\\\/spielgruppe-chnopf.ch\\\/sc\\\/?page_id=19#primaryimage\"},\"thumbnailUrl\":\"http:\\\/\\\/spielgruppe-chnopf.ch\\\/sc\\\/wp-content\\\/uploads\\\/2018\\\/04\\\/Fotobalken-Angebot-Innenspielgruppe.png\",\"datePublished\":\"2018-01-06T08:36:06+00:00\",\"dateModified\":\"2026-03-30T11:59:38+00:00\",\"breadcrumb\":{\"@id\":\"https:\\\/\\\/spielgruppe-chnopf.ch\\\/sc\\\/?page_id=19#breadcrumb\"},\"inLanguage\":\"de\",\"potentialAction\":[{\"@type\":\"ReadAction\",\"target\":[\"https:\\\/\\\/spielgruppe-chnopf.ch\\\/sc\\\/?page_id=19\"]}]},{\"@type\":\"ImageObject\",\"inLanguage\":\"de\",\"@id\":\"https:\\\/\\\/spielgruppe-chnopf.ch\\\/sc\\\/?page_id=19#primaryimage\",\"url\":\"https:\\\/\\\/spielgruppe-chnopf.ch\\\/sc\\\/wp-content\\\/uploads\\\/2018\\\/04\\\/Fotobalken-Angebot-Innenspielgruppe.png\",\"contentUrl\":\"https:\\\/\\\/spielgruppe-chnopf.ch\\\/sc\\\/wp-content\\\/uploads\\\/2018\\\/04\\\/Fotobalken-Angebot-Innenspielgruppe.png\",\"width\":640,\"height\":163},{\"@type\":\"BreadcrumbList\",\"@id\":\"https:\\\/\\\/spielgruppe-chnopf.ch\\\/sc\\\/?page_id=19#breadcrumb\",\"itemListElement\":[{\"@type\":\"ListItem\",\"position\":1,\"name\":\"Startseite\",\"item\":\"https:\\\/\\\/spielgruppe-chnopf.ch\\\/sc\\\/\"},{\"@type\":\"ListItem\",\"position\":2,\"name\":\"Angebot\",\"item\":\"https:\\\/\\\/spielgruppe-chnopf.ch\\\/sc\\\/?page_id=24\"},{\"@type\":\"ListItem\",\"position\":3,\"name\":\"Innenspielgruppe\"}]},{\"@type\":\"WebSite\",\"@id\":\"https:\\\/\\\/spielgruppe-chnopf.ch\\\/sc\\\/#website\",\"url\":\"https:\\\/\\\/spielgruppe-chnopf.ch\\\/sc\\\/\",\"name\":\"Spielgruppe Chnopf - Pf\u00e4ffikon ZH\",\"description\":\"Pf\u00e4ffikon ZH\",\"publisher\":{\"@id\":\"https:\\\/\\\/spielgruppe-chnopf.ch\\\/sc\\\/#organization\"},\"potentialAction\":[{\"@type\":\"SearchAction\",\"target\":{\"@type\":\"EntryPoint\",\"urlTemplate\":\"https:\\\/\\\/spielgruppe-chnopf.ch\\\/sc\\\/?s={search_term_string}\"},\"query-input\":{\"@type\":\"PropertyValueSpecification\",\"valueRequired\":true,\"valueName\":\"search_term_string\"}}],\"inLanguage\":\"de\"},{\"@type\":\"Organization\",\"@id\":\"https:\\\/\\\/spielgruppe-chnopf.ch\\\/sc\\\/#organization\",\"name\":\"Spielgruppe Chnopf\",\"url\":\"https:\\\/\\\/spielgruppe-chnopf.ch\\\/sc\\\/\",\"logo\":{\"@type\":\"ImageObject\",\"inLanguage\":\"de\",\"@id\":\"https:\\\/\\\/spielgruppe-chnopf.ch\\\/sc\\\/#\\\/schema\\\/logo\\\/image\\\/\",\"url\":\"https:\\\/\\\/spielgruppe-chnopf.ch\\\/sc\\\/wp-content\\\/uploads\\\/2018\\\/03\\\/neues-Chnopf-Logo-bunt-Chalkboard-3D-zugeschnitten.png\",\"contentUrl\":\"https:\\\/\\\/spielgruppe-chnopf.ch\\\/sc\\\/wp-content\\\/uploads\\\/2018\\\/03\\\/neues-Chnopf-Logo-bunt-Chalkboard-3D-zugeschnitten.png\",\"width\":640,\"height\":328,\"caption\":\"Spielgruppe Chnopf\"},\"image\":{\"@id\":\"https:\\\/\\\/spielgruppe-chnopf.ch\\\/sc\\\/#\\\/schema\\\/logo\\\/image\\\/\"},\"sameAs\":[\"https:\\\/\\\/www.facebook.com\\\/SpielgruppeChnopf\\\/\"]}]}<\/script>\n<!-- \/ Yoast SEO plugin. -->","yoast_head_json":{"title":"Innenspielgruppe - Spielgruppe Chnopf","robots":{"index":"index","follow":"follow","max-snippet":"max-snippet:-1","max-image-preview":"max-image-preview:large","max-video-preview":"max-video-preview:-1"},"canonical":"https:\/\/spielgruppe-chnopf.ch\/sc\/?page_id=19","og_locale":"de_DE","og_type":"article","og_title":"Innenspielgruppe - Spielgruppe Chnopf","og_description":"Was uns wichtig ist In der Spielgruppe wird in warmer Atmosph\u00e4re gespielt und gewerkt. Um die grosse Kreativit\u00e4t der Kinder zu unterst\u00fctzen, gestalten sie ihre Werke selber und geniessen viel Freiraum. Klare Regeln und Grenzen machen die Spielgruppe zu einem weiterlesen...","og_url":"https:\/\/spielgruppe-chnopf.ch\/sc\/?page_id=19","og_site_name":"Spielgruppe Chnopf","article_publisher":"https:\/\/www.facebook.com\/SpielgruppeChnopf\/","article_modified_time":"2026-03-30T11:59:38+00:00","og_image":[{"width":640,"height":163,"url":"https:\/\/spielgruppe-chnopf.ch\/sc\/wp-content\/uploads\/2018\/04\/Fotobalken-Angebot-Innenspielgruppe.png","type":"image\/png"}],"twitter_card":"summary_large_image","twitter_misc":{"Gesch\u00e4tzte Lesezeit":"3\u00a0Minuten"},"schema":{"@context":"https:\/\/schema.org","@graph":[{"@type":"WebPage","@id":"https:\/\/spielgruppe-chnopf.ch\/sc\/?page_id=19","url":"https:\/\/spielgruppe-chnopf.ch\/sc\/?page_id=19","name":"Innenspielgruppe - Spielgruppe Chnopf","isPartOf":{"@id":"https:\/\/spielgruppe-chnopf.ch\/sc\/#website"},"primaryImageOfPage":{"@id":"https:\/\/spielgruppe-chnopf.ch\/sc\/?page_id=19#primaryimage"},"image":{"@id":"https:\/\/spielgruppe-chnopf.ch\/sc\/?page_id=19#primaryimage"},"thumbnailUrl":"http:\/\/spielgruppe-chnopf.ch\/sc\/wp-content\/uploads\/2018\/04\/Fotobalken-Angebot-Innenspielgruppe.png","datePublished":"2018-01-06T08:36:06+00:00","dateModified":"2026-03-30T11:59:38+00:00","breadcrumb":{"@id":"https:\/\/spielgruppe-chnopf.ch\/sc\/?page_id=19#breadcrumb"},"inLanguage":"de","potentialAction":[{"@type":"ReadAction","target":["https:\/\/spielgruppe-chnopf.ch\/sc\/?page_id=19"]}]},{"@type":"ImageObject","inLanguage":"de","@id":"https:\/\/spielgruppe-chnopf.ch\/sc\/?page_id=19#primaryimage","url":"https:\/\/spielgruppe-chnopf.ch\/sc\/wp-content\/uploads\/2018\/04\/Fotobalken-Angebot-Innenspielgruppe.png","contentUrl":"https:\/\/spielgruppe-chnopf.ch\/sc\/wp-content\/uploads\/2018\/04\/Fotobalken-Angebot-Innenspielgruppe.png","width":640,"height":163},{"@type":"BreadcrumbList","@id":"https:\/\/spielgruppe-chnopf.ch\/sc\/?page_id=19#breadcrumb","itemListElement":[{"@type":"ListItem","position":1,"name":"Startseite","item":"https:\/\/spielgruppe-chnopf.ch\/sc\/"},{"@type":"ListItem","position":2,"name":"Angebot","item":"https:\/\/spielgruppe-chnopf.ch\/sc\/?page_id=24"},{"@type":"ListItem","position":3,"name":"Innenspielgruppe"}]},{"@type":"WebSite","@id":"https:\/\/spielgruppe-chnopf.ch\/sc\/#website","url":"https:\/\/spielgruppe-chnopf.ch\/sc\/","name":"Spielgruppe Chnopf - Pf\u00e4ffikon ZH","description":"Pf\u00e4ffikon ZH","publisher":{"@id":"https:\/\/spielgruppe-chnopf.ch\/sc\/#organization"},"potentialAction":[{"@type":"SearchAction","target":{"@type":"EntryPoint","urlTemplate":"https:\/\/spielgruppe-chnopf.ch\/sc\/?s={search_term_string}"},"query-input":{"@type":"PropertyValueSpecification","valueRequired":true,"valueName":"search_term_string"}}],"inLanguage":"de"},{"@type":"Organization","@id":"https:\/\/spielgruppe-chnopf.ch\/sc\/#organization","name":"Spielgruppe Chnopf","url":"https:\/\/spielgruppe-chnopf.ch\/sc\/","logo":{"@type":"ImageObject","inLanguage":"de","@id":"https:\/\/spielgruppe-chnopf.ch\/sc\/#\/schema\/logo\/image\/","url":"https:\/\/spielgruppe-chnopf.ch\/sc\/wp-content\/uploads\/2018\/03\/neues-Chnopf-Logo-bunt-Chalkboard-3D-zugeschnitten.png","contentUrl":"https:\/\/spielgruppe-chnopf.ch\/sc\/wp-content\/uploads\/2018\/03\/neues-Chnopf-Logo-bunt-Chalkboard-3D-zugeschnitten.png","width":640,"height":328,"caption":"Spielgruppe Chnopf"},"image":{"@id":"https:\/\/spielgruppe-chnopf.ch\/sc\/#\/schema\/logo\/image\/"},"sameAs":["https:\/\/www.facebook.com\/SpielgruppeChnopf\/"]}]}},"_links":{"self":[{"href":"https:\/\/spielgruppe-chnopf.ch\/sc\/index.php?rest_route=\/wp\/v2\/pages\/19","targetHints":{"allow":["GET"]}}],"collection":[{"href":"https:\/\/spielgruppe-chnopf.ch\/sc\/index.php?rest_route=\/wp\/v2\/pages"}],"about":[{"href":"https:\/\/spielgruppe-chnopf.ch\/sc\/index.php?rest_route=\/wp\/v2\/types\/page"}],"author":[{"embeddable":true,"href":"https:\/\/spielgruppe-chnopf.ch\/sc\/index.php?rest_route=\/wp\/v2\/users\/2"}],"replies":[{"embeddable":true,"href":"https:\/\/spielgruppe-chnopf.ch\/sc\/index.php?rest_route=%2Fwp%2Fv2%2Fcomments&post=19"}],"version-history":[{"count":39,"href":"https:\/\/spielgruppe-chnopf.ch\/sc\/index.php?rest_route=\/wp\/v2\/pages\/19\/revisions"}],"predecessor-version":[{"id":3063,"href":"https:\/\/spielgruppe-chnopf.ch\/sc\/index.php?rest_route=\/wp\/v2\/pages\/19\/revisions\/3063"}],"up":[{"embeddable":true,"href":"https:\/\/spielgruppe-chnopf.ch\/sc\/index.php?rest_route=\/wp\/v2\/pages\/24"}],"wp:attachment":[{"href":"https:\/\/spielgruppe-chnopf.ch\/sc\/index.php?rest_route=%2Fwp%2Fv2%2Fmedia&parent=19"}],"curies":[{"name":"wp","href":"https:\/\/api.w.org\/{rel}","templated":true}]}}