{"id":24,"date":"2018-01-06T08:39:08","date_gmt":"2018-01-06T08:39:08","guid":{"rendered":"http:\/\/spielgruppe-chnopf.ch\/sc\/?page_id=24"},"modified":"2026-03-30T11:58:53","modified_gmt":"2026-03-30T11:58:53","slug":"angebot","status":"publish","type":"page","link":"https:\/\/spielgruppe-chnopf.ch\/sc\/?page_id=24","title":{"rendered":"Angebot"},"content":{"rendered":"<p><img loading=\"lazy\" decoding=\"async\" class=\"alignnone wp-image-348\" src=\"http:\/\/spielgruppe-chnopf.ch\/sc\/wp-content\/uploads\/2018\/04\/Fotobalken-Angebot.png\" alt=\"\" width=\"1889\" height=\"481\" srcset=\"https:\/\/spielgruppe-chnopf.ch\/sc\/wp-content\/uploads\/2018\/04\/Fotobalken-Angebot.png 640w, https:\/\/spielgruppe-chnopf.ch\/sc\/wp-content\/uploads\/2018\/04\/Fotobalken-Angebot-300x76.png 300w, https:\/\/spielgruppe-chnopf.ch\/sc\/wp-content\/uploads\/2018\/04\/Fotobalken-Angebot-400x102.png 400w\" sizes=\"auto, (max-width: 1889px) 100vw, 1889px\" \/><\/p>\n<h6><strong>Unser Angebot<\/strong><\/h6>\n<p><img loading=\"lazy\" decoding=\"async\" class=\"size-full wp-image-3059 alignnone\" src=\"https:\/\/spielgruppe-chnopf.ch\/sc\/wp-content\/uploads\/2026\/03\/Angebot-ab-01.03.2026-1.png\" alt=\"\" width=\"2316\" height=\"704\" srcset=\"https:\/\/spielgruppe-chnopf.ch\/sc\/wp-content\/uploads\/2026\/03\/Angebot-ab-01.03.2026-1.png 2316w, https:\/\/spielgruppe-chnopf.ch\/sc\/wp-content\/uploads\/2026\/03\/Angebot-ab-01.03.2026-1-300x91.png 300w, https:\/\/spielgruppe-chnopf.ch\/sc\/wp-content\/uploads\/2026\/03\/Angebot-ab-01.03.2026-1-1024x311.png 1024w, https:\/\/spielgruppe-chnopf.ch\/sc\/wp-content\/uploads\/2026\/03\/Angebot-ab-01.03.2026-1-768x233.png 768w, https:\/\/spielgruppe-chnopf.ch\/sc\/wp-content\/uploads\/2026\/03\/Angebot-ab-01.03.2026-1-1536x467.png 1536w, https:\/\/spielgruppe-chnopf.ch\/sc\/wp-content\/uploads\/2026\/03\/Angebot-ab-01.03.2026-1-2048x623.png 2048w, https:\/\/spielgruppe-chnopf.ch\/sc\/wp-content\/uploads\/2026\/03\/Angebot-ab-01.03.2026-1-400x122.png 400w\" sizes=\"auto, (max-width: 2316px) 100vw, 2316px\" \/><\/p>\n<ul>\n<li><strong>Innenspielgruppe<br \/>\n<\/strong>Montag bis Freitag<br \/>\n9:00 &#8211; 11:30 Uhr, Auffangzeit ab 8:30 Uhr<br \/>\n&#8212;&#8212;&#8212;&#8212;&#8212;&#8212;&#8212;&#8212;&#8212;&#8212;&#8212;&#8212;&#8212;&#8212;&#8212;&#8212;&#8212;&#8212;<\/li>\n<li><strong>Waldspielgruppe<\/strong><br \/>\nSulzberg: Dienstag, 9:00 bis 11:30 Uhr, Treffen ab 8:50 Uhr<br \/>\nPfaffberg: Donnerstag, 9:00 &#8211; 11:30 Uhr, Treffen ab 8:50 Uhr<strong><br \/>\n<\/strong>&#8212;&#8212;&#8212;&#8212;&#8212;&#8212;&#8212;&#8212;&#8212;&#8212;&#8212;&#8212;&#8212;&#8212;&#8212;&#8212;&#8212;&#8212;<\/li>\n<li><strong>Spielgruppe Sprache PLUS (alltagsintegrierte Sprachbildung)<br \/>\n<\/strong>In allen Innen- und Waldgruppen<br \/>\n<span style=\"font-size: revert;\">&#8212;&#8212;&#8212;&#8212;&#8212;&#8212;&#8212;&#8212;&#8212;&#8212;&#8212;&#8212;&#8212;&#8212;&#8212;&#8212;&#8212;&#8212;<\/span><\/li>\n<\/ul>\n<h6><strong>Ab welchem Alter ist ein Eintritt m\u00f6glich?<\/strong><\/h6>\n<ul>\n<li class=\"paragraph_style_1\"><a href=\".\/?page_id=19\"><strong>Innenspielgruppe<\/strong><\/a>: Kinder ab 2.5 Jahren. J\u00fcngere Kinder in gegenseitiger Absprache<\/li>\n<li class=\"paragraph_style_1\"><a href=\".\/?page_id=17\"><strong>Waldspielgruppe<\/strong><\/a>: Kinder ab ca. 3 Jahren. J\u00fcngere Kinder in gegenseitiger Absprache<\/li>\n<\/ul>\n<h6><strong>Wann ist ein Eintritt m\u00f6glich?<\/strong><\/h6>\n<p>Ein Eintritt ist grunds\u00e4tzlich jederzeit m\u00f6glich.<br \/>\nBei Kapazit\u00e4tsengp\u00e4ssen wird eine Warteliste gef\u00fchrt.<\/p>\n<h6><strong>Was uns wichtig ist<\/strong><\/h6>\n<p class=\"paragraph_style_1\">F\u00fcr viele Kinder ist die Spielgruppe der erste Ort ohne Mami oder Papi und die Spielgruppenleiterin ist die erste neue Bezugsperson ausserhalb des Familienkreises. Auf diesen Umstand nehmen wir besondere R\u00fccksicht. Die behutsame Eingew\u00f6hnung der Kinder liegt uns sehr am Herzen. Wir nehmen Kinder wie Eltern in ihrer individuellen Art ernst, begleiten den Abl\u00f6sungsprozess wo n\u00f6tig und unterst\u00fctzen Kinder und Eltern nach ihren individuellen Bed\u00fcrfnissen.<\/p>\n<p>F\u00fcr einen entspannten Auftakt in das Abenteuer Spielgruppe gibt die Brosch\u00fcre <strong><a href=\".\/wp-content\/uploads\/2019\/04\/So-gelingt-der-Spielgruppenstart-LetsFamily.pdf\" target=\"_blank\" rel=\"noopener noreferrer\">&#8222;So gelingt der Spielgruppenstart&#8220;<\/a><\/strong> von Letsfamily.ch hilfreiche Antworten.<\/p>\n<p><a href=\".\/wp-content\/uploads\/2019\/04\/So-gelingt-der-Spielgruppenstart-LetsFamily.pdf\" target=\"_blank\" rel=\"noopener noreferrer\"><img loading=\"lazy\" decoding=\"async\" class=\"alignnone size-medium wp-image-1096\" src=\"http:\/\/spielgruppe-chnopf.ch\/sc\/wp-content\/uploads\/2019\/04\/Titelbild-So-gelingt-der-Spielgruppenstart-300x225.png\" alt=\"\" width=\"300\" height=\"225\" srcset=\"https:\/\/spielgruppe-chnopf.ch\/sc\/wp-content\/uploads\/2019\/04\/Titelbild-So-gelingt-der-Spielgruppenstart-300x225.png 300w, https:\/\/spielgruppe-chnopf.ch\/sc\/wp-content\/uploads\/2019\/04\/Titelbild-So-gelingt-der-Spielgruppenstart-768x576.png 768w, https:\/\/spielgruppe-chnopf.ch\/sc\/wp-content\/uploads\/2019\/04\/Titelbild-So-gelingt-der-Spielgruppenstart-1024x768.png 1024w, https:\/\/spielgruppe-chnopf.ch\/sc\/wp-content\/uploads\/2019\/04\/Titelbild-So-gelingt-der-Spielgruppenstart-400x300.png 400w, https:\/\/spielgruppe-chnopf.ch\/sc\/wp-content\/uploads\/2019\/04\/Titelbild-So-gelingt-der-Spielgruppenstart.png 1544w\" sizes=\"auto, (max-width: 300px) 100vw, 300px\" \/><\/a><\/p>\n<h6><strong>Unsere Extras<\/strong><\/h6>\n<p><strong>Sprache PLUS mit alltagsintegrierter Sprachbildung:<\/strong> Von diesem Angebot profitieren alle Kinder gleichermassen, egal ob Deutsch ihre Muttersprache oder eine Fremdsprache ist. Auf spielerische und fantasievolle Art werden im Spielgruppenalltag vielf\u00e4ltige Sprachanl\u00e4sse erm\u00f6glicht und gef\u00f6rdert.<a href=\"https:\/\/spielgruppe-chnopf.ch\/sc\/?page_id=193\" target=\"_blank\" rel=\"noopener\"> Mehr dazu&#8230;<\/a><\/p>\n<p><strong>Vorkindergarten:<\/strong> Die Vorbereitung f\u00fcr den Kindergarten ist auch in unserer Spielgruppe Thema und wird spielerisch in den Spielgruppenalltag eingebaut. Insbesondere Kinder, welche im Sommer in den Kindergarten kommen und noch etwas \u201eEndspurthilfe\u201c brauchen werden in ihren St\u00e4rken gef\u00f6rdert und einf\u00fchlsam und kompetent auf den grossen Schritt in den Kindergarten herangef\u00fchrt.<\/p>\n<h6 class=\"paragraph_style\"><strong>Eintritt w\u00e4hrend dem Spielgruppenjahr<\/strong><\/h6>\n<p class=\"paragraph_style\">Bei uns im Chnopf ist ein Eintritt in die Spielgruppe jederzeit m\u00f6glich, sofern freie Pl\u00e4tze verf\u00fcgbar sind.<\/p>\n<p>F\u00fcr Fragen und Ausk\u00fcnfte steht Ihnen unsere Administratorin Sibylle Koch gerne zur Verf\u00fcgung, erreichbar unter:\u00a0078 806 85 25 oder \u00fcber das <a href=\".\/?page_id=55\">Kontaktformular f\u00fcr Fragen und Ausk\u00fcnfte<\/a>.<br \/>\nF\u00fcr Anmeldungen steht Ihnen das <a href=\".\/?page_id=93\">Anmeldeformular<\/a> zur Verf\u00fcgung.<\/p>\n<p>Wir freuen uns auf euch!<\/p>\n<h6><strong>Sie m\u00f6chten bei uns vorbeischauen?<\/strong><\/h6>\n<p>Nutzen Sie die Gelegenheit und besuchen Sie uns am Morgen der offenen T\u00fcr, den wir j\u00e4hrlich im Mai anbieten. \u00dcber das genaue Datum informieren wir jeweils in der Agenda auf unserer Homepage.<\/p>\n<h3 class=\"paragraph_style\"><strong>Vertragsbedingungen f\u00fcr eine Anmeldung in der Spielgruppe Chnopf<\/strong><\/h3>\n<div>\n<p class=\"paragraphstyle1\">Die Anmeldung des Kindes gilt f\u00fcr das ganze Spielgruppenjahr. Das Spielgruppenjahr beginnt im August. Der Vertrag l\u00e4uft automatisch am Ende des Spielgruppenjahres per Ende Juli aus.<\/p>\n<\/div>\n<div>\n<p class=\"paragraphstyle1\">Bei der Anmeldung ist eine Einschreibegeb\u00fchr von Fr. 40.- zu entrichten. Die Kosten f\u00fcr den Besuch der Spielgruppe werden gleichm\u00e4ssig auf vier Rechnungen aufgeteilt. Die Beitr\u00e4ge sind jeweils viertelj\u00e4hrlich im Voraus zu zahlen.<\/p>\n<\/div>\n<div>\n<p class=\"paragraphstyle1\">Die Spielgruppe Chnopf richtet sich nach den Schulferien sowie diversen schulfreien Tagen gem\u00e4ss Ferienplan der Schule Pf\u00e4ffikon ZH. Der Ferienplan ist auf der Homepage der Spielgruppe Chnopf einsehbar.<\/p>\n<\/div>\n<div>\n<p class=\"paragraphstyle1\">Spielgruppenmorgen, welche auf Feiertage oder schulfreie Tage (z.B. M\u00e4rt, Fasnacht) fallen, werden nicht nachgeholt oder r\u00fcckverg\u00fctet.<\/p>\n<\/div>\n<div>\n<p class=\"paragraphstyle1\">F\u00e4llt eine Leiterin krankheitshalber kurzfristig aus, wird nach einer Vertretung gesucht. Ist es trotz aller Bem\u00fchungen nicht m\u00f6glich, eine Vertretung zu finden, f\u00e4llt der Spielgruppenmorgen aus. In diesem Fall erfolgt keine R\u00fcckerstattung. Bei l\u00e4ngerer Abwesenheit der Leiterin wird f\u00fcr eine kompetente Vertretung gesorgt.<\/p>\n<\/div>\n<div>\n<p class=\"paragraphstyle1\">Die Spielgruppe organisiert Elternanl\u00e4sse (z.B. Kennenlernmorgen, Samichlausmorgen, Papi-Morgen, Abschlussmorgen etc.), bei denen das Kind die Spielgruppe gemeinsam mit einer Begleitperson (z.B. Mami, Papi, Grosseltern, Gotti, G\u00f6tti) besuchen kann. Die Teilnahme an diesen speziellen Anl\u00e4ssen ist freiwillig. Bei Nichtteilnahme erfolgt keine R\u00fcckerstattung.<\/p>\n<\/div>\n<div>\n<p class=\"paragraphstyle1\">Eine K\u00fcndigung w\u00e4hrend des Jahres ist schriftlich per Mail und unter Einhaltung einer dreimonatigen K\u00fcndigungsfrist m\u00f6glich. Per Ende Juni ist keine K\u00fcndigung m\u00f6glich.<\/p>\n<\/div>\n<div>\n<p class=\"paragraphstyle1\">Die Anmeldung f\u00fcr die Spielgruppe ist verbindlich. Bei einer K\u00fcndigung vor Start des Spielgruppenjahres m\u00fcssen folgende Kosten \u00fcbernommen werden:<br \/>\n&#8211; K\u00fcndigung bis Ende April: ohne Kostenfolgen<br \/>\n&#8211; K\u00fcndigung bis Ende Mai: ein Monatsbeitrag<br \/>\n&#8211; K\u00fcndigung bis Ende Juni: zwei Monatsbeitr\u00e4ge<br \/>\n&#8211; K\u00fcndigung bis Ende Juli: drei Monatsbeitr\u00e4ge<\/p>\n<\/div>\n<div>\n<p class=\"paragraphstyle1\">F\u00fcr eine g\u00fcltige Unfall- und Haftpflichtversicherung sind die Eltern verantwortlich.<\/p>\n<\/div>\n","protected":false},"excerpt":{"rendered":"<p>Unser Angebot Innenspielgruppe Montag bis Freitag 9:00 &#8211; 11:30 Uhr, Auffangzeit ab 8:30 Uhr &#8212;&#8212;&#8212;&#8212;&#8212;&#8212;&#8212;&#8212;&#8212;&#8212;&#8212;&#8212;&#8212;&#8212;&#8212;&#8212;&#8212;&#8212; Waldspielgruppe Sulzberg: Dienstag, 9:00 bis 11:30 Uhr, Treffen ab 8:50 Uhr Pfaffberg: Donnerstag, 9:00 &#8211; 11:30 Uhr, Treffen ab 8:50 Uhr &#8212;&#8212;&#8212;&#8212;&#8212;&#8212;&#8212;&#8212;&#8212;&#8212;&#8212;&#8212;&#8212;&#8212;&#8212;&#8212;&#8212;&#8212; Spielgruppe Sprache PLUS <a class=\"more-link\" href=\"https:\/\/spielgruppe-chnopf.ch\/sc\/?page_id=24\">weiterlesen&#8230;<\/a><\/p>\n","protected":false},"author":2,"featured_media":0,"parent":0,"menu_order":0,"comment_status":"closed","ping_status":"closed","template":"","meta":{"footnotes":""},"class_list":["post-24","page","type-page","status-publish","hentry"],"yoast_head":"<!-- This site is optimized with the Yoast SEO plugin v27.3 - https:\/\/yoast.com\/product\/yoast-seo-wordpress\/ -->\n<title>Angebot - Spielgruppe Chnopf<\/title>\n<meta name=\"robots\" content=\"index, follow, max-snippet:-1, max-image-preview:large, max-video-preview:-1\" \/>\n<link rel=\"canonical\" href=\"https:\/\/spielgruppe-chnopf.ch\/sc\/?page_id=24\" \/>\n<meta property=\"og:locale\" content=\"de_DE\" \/>\n<meta property=\"og:type\" content=\"article\" \/>\n<meta property=\"og:title\" content=\"Angebot - Spielgruppe Chnopf\" \/>\n<meta property=\"og:description\" content=\"Unser Angebot Innenspielgruppe Montag bis Freitag 9:00 &#8211; 11:30 Uhr, Auffangzeit ab 8:30 Uhr &#8212;&#8212;&#8212;&#8212;&#8212;&#8212;&#8212;&#8212;&#8212;&#8212;&#8212;&#8212;&#8212;&#8212;&#8212;&#8212;&#8212;&#8212; Waldspielgruppe Sulzberg: Dienstag, 9:00 bis 11:30 Uhr, Treffen ab 8:50 Uhr Pfaffberg: Donnerstag, 9:00 &#8211; 11:30 Uhr, Treffen ab 8:50 Uhr &#8212;&#8212;&#8212;&#8212;&#8212;&#8212;&#8212;&#8212;&#8212;&#8212;&#8212;&#8212;&#8212;&#8212;&#8212;&#8212;&#8212;&#8212; Spielgruppe Sprache PLUS weiterlesen...\" \/>\n<meta property=\"og:url\" content=\"https:\/\/spielgruppe-chnopf.ch\/sc\/?page_id=24\" \/>\n<meta property=\"og:site_name\" content=\"Spielgruppe Chnopf\" \/>\n<meta property=\"article:publisher\" content=\"https:\/\/www.facebook.com\/SpielgruppeChnopf\/\" \/>\n<meta property=\"article:modified_time\" content=\"2026-03-30T11:58:53+00:00\" \/>\n<meta property=\"og:image\" content=\"https:\/\/spielgruppe-chnopf.ch\/sc\/wp-content\/uploads\/2018\/04\/Fotobalken-Angebot.png\" \/>\n\t<meta property=\"og:image:width\" content=\"640\" \/>\n\t<meta property=\"og:image:height\" content=\"163\" \/>\n\t<meta property=\"og:image:type\" content=\"image\/png\" \/>\n<meta name=\"twitter:card\" content=\"summary_large_image\" \/>\n<meta name=\"twitter:label1\" content=\"Gesch\u00e4tzte Lesezeit\" \/>\n\t<meta name=\"twitter:data1\" content=\"5\u00a0Minuten\" \/>\n<script type=\"application\/ld+json\" class=\"yoast-schema-graph\">{\"@context\":\"https:\\\/\\\/schema.org\",\"@graph\":[{\"@type\":\"WebPage\",\"@id\":\"https:\\\/\\\/spielgruppe-chnopf.ch\\\/sc\\\/?page_id=24\",\"url\":\"https:\\\/\\\/spielgruppe-chnopf.ch\\\/sc\\\/?page_id=24\",\"name\":\"Angebot - Spielgruppe Chnopf\",\"isPartOf\":{\"@id\":\"https:\\\/\\\/spielgruppe-chnopf.ch\\\/sc\\\/#website\"},\"primaryImageOfPage\":{\"@id\":\"https:\\\/\\\/spielgruppe-chnopf.ch\\\/sc\\\/?page_id=24#primaryimage\"},\"image\":{\"@id\":\"https:\\\/\\\/spielgruppe-chnopf.ch\\\/sc\\\/?page_id=24#primaryimage\"},\"thumbnailUrl\":\"http:\\\/\\\/spielgruppe-chnopf.ch\\\/sc\\\/wp-content\\\/uploads\\\/2018\\\/04\\\/Fotobalken-Angebot.png\",\"datePublished\":\"2018-01-06T08:39:08+00:00\",\"dateModified\":\"2026-03-30T11:58:53+00:00\",\"breadcrumb\":{\"@id\":\"https:\\\/\\\/spielgruppe-chnopf.ch\\\/sc\\\/?page_id=24#breadcrumb\"},\"inLanguage\":\"de\",\"potentialAction\":[{\"@type\":\"ReadAction\",\"target\":[\"https:\\\/\\\/spielgruppe-chnopf.ch\\\/sc\\\/?page_id=24\"]}]},{\"@type\":\"ImageObject\",\"inLanguage\":\"de\",\"@id\":\"https:\\\/\\\/spielgruppe-chnopf.ch\\\/sc\\\/?page_id=24#primaryimage\",\"url\":\"https:\\\/\\\/spielgruppe-chnopf.ch\\\/sc\\\/wp-content\\\/uploads\\\/2018\\\/04\\\/Fotobalken-Angebot.png\",\"contentUrl\":\"https:\\\/\\\/spielgruppe-chnopf.ch\\\/sc\\\/wp-content\\\/uploads\\\/2018\\\/04\\\/Fotobalken-Angebot.png\",\"width\":640,\"height\":163},{\"@type\":\"BreadcrumbList\",\"@id\":\"https:\\\/\\\/spielgruppe-chnopf.ch\\\/sc\\\/?page_id=24#breadcrumb\",\"itemListElement\":[{\"@type\":\"ListItem\",\"position\":1,\"name\":\"Startseite\",\"item\":\"https:\\\/\\\/spielgruppe-chnopf.ch\\\/sc\\\/\"},{\"@type\":\"ListItem\",\"position\":2,\"name\":\"Angebot\"}]},{\"@type\":\"WebSite\",\"@id\":\"https:\\\/\\\/spielgruppe-chnopf.ch\\\/sc\\\/#website\",\"url\":\"https:\\\/\\\/spielgruppe-chnopf.ch\\\/sc\\\/\",\"name\":\"Spielgruppe Chnopf - Pf\u00e4ffikon ZH\",\"description\":\"Pf\u00e4ffikon ZH\",\"publisher\":{\"@id\":\"https:\\\/\\\/spielgruppe-chnopf.ch\\\/sc\\\/#organization\"},\"potentialAction\":[{\"@type\":\"SearchAction\",\"target\":{\"@type\":\"EntryPoint\",\"urlTemplate\":\"https:\\\/\\\/spielgruppe-chnopf.ch\\\/sc\\\/?s={search_term_string}\"},\"query-input\":{\"@type\":\"PropertyValueSpecification\",\"valueRequired\":true,\"valueName\":\"search_term_string\"}}],\"inLanguage\":\"de\"},{\"@type\":\"Organization\",\"@id\":\"https:\\\/\\\/spielgruppe-chnopf.ch\\\/sc\\\/#organization\",\"name\":\"Spielgruppe Chnopf\",\"url\":\"https:\\\/\\\/spielgruppe-chnopf.ch\\\/sc\\\/\",\"logo\":{\"@type\":\"ImageObject\",\"inLanguage\":\"de\",\"@id\":\"https:\\\/\\\/spielgruppe-chnopf.ch\\\/sc\\\/#\\\/schema\\\/logo\\\/image\\\/\",\"url\":\"https:\\\/\\\/spielgruppe-chnopf.ch\\\/sc\\\/wp-content\\\/uploads\\\/2018\\\/03\\\/neues-Chnopf-Logo-bunt-Chalkboard-3D-zugeschnitten.png\",\"contentUrl\":\"https:\\\/\\\/spielgruppe-chnopf.ch\\\/sc\\\/wp-content\\\/uploads\\\/2018\\\/03\\\/neues-Chnopf-Logo-bunt-Chalkboard-3D-zugeschnitten.png\",\"width\":640,\"height\":328,\"caption\":\"Spielgruppe Chnopf\"},\"image\":{\"@id\":\"https:\\\/\\\/spielgruppe-chnopf.ch\\\/sc\\\/#\\\/schema\\\/logo\\\/image\\\/\"},\"sameAs\":[\"https:\\\/\\\/www.facebook.com\\\/SpielgruppeChnopf\\\/\"]}]}<\/script>\n<!-- \/ Yoast SEO plugin. -->","yoast_head_json":{"title":"Angebot - Spielgruppe Chnopf","robots":{"index":"index","follow":"follow","max-snippet":"max-snippet:-1","max-image-preview":"max-image-preview:large","max-video-preview":"max-video-preview:-1"},"canonical":"https:\/\/spielgruppe-chnopf.ch\/sc\/?page_id=24","og_locale":"de_DE","og_type":"article","og_title":"Angebot - Spielgruppe Chnopf","og_description":"Unser Angebot Innenspielgruppe Montag bis Freitag 9:00 &#8211; 11:30 Uhr, Auffangzeit ab 8:30 Uhr &#8212;&#8212;&#8212;&#8212;&#8212;&#8212;&#8212;&#8212;&#8212;&#8212;&#8212;&#8212;&#8212;&#8212;&#8212;&#8212;&#8212;&#8212; Waldspielgruppe Sulzberg: Dienstag, 9:00 bis 11:30 Uhr, Treffen ab 8:50 Uhr Pfaffberg: Donnerstag, 9:00 &#8211; 11:30 Uhr, Treffen ab 8:50 Uhr &#8212;&#8212;&#8212;&#8212;&#8212;&#8212;&#8212;&#8212;&#8212;&#8212;&#8212;&#8212;&#8212;&#8212;&#8212;&#8212;&#8212;&#8212; Spielgruppe Sprache PLUS weiterlesen...","og_url":"https:\/\/spielgruppe-chnopf.ch\/sc\/?page_id=24","og_site_name":"Spielgruppe Chnopf","article_publisher":"https:\/\/www.facebook.com\/SpielgruppeChnopf\/","article_modified_time":"2026-03-30T11:58:53+00:00","og_image":[{"width":640,"height":163,"url":"https:\/\/spielgruppe-chnopf.ch\/sc\/wp-content\/uploads\/2018\/04\/Fotobalken-Angebot.png","type":"image\/png"}],"twitter_card":"summary_large_image","twitter_misc":{"Gesch\u00e4tzte Lesezeit":"5\u00a0Minuten"},"schema":{"@context":"https:\/\/schema.org","@graph":[{"@type":"WebPage","@id":"https:\/\/spielgruppe-chnopf.ch\/sc\/?page_id=24","url":"https:\/\/spielgruppe-chnopf.ch\/sc\/?page_id=24","name":"Angebot - Spielgruppe Chnopf","isPartOf":{"@id":"https:\/\/spielgruppe-chnopf.ch\/sc\/#website"},"primaryImageOfPage":{"@id":"https:\/\/spielgruppe-chnopf.ch\/sc\/?page_id=24#primaryimage"},"image":{"@id":"https:\/\/spielgruppe-chnopf.ch\/sc\/?page_id=24#primaryimage"},"thumbnailUrl":"http:\/\/spielgruppe-chnopf.ch\/sc\/wp-content\/uploads\/2018\/04\/Fotobalken-Angebot.png","datePublished":"2018-01-06T08:39:08+00:00","dateModified":"2026-03-30T11:58:53+00:00","breadcrumb":{"@id":"https:\/\/spielgruppe-chnopf.ch\/sc\/?page_id=24#breadcrumb"},"inLanguage":"de","potentialAction":[{"@type":"ReadAction","target":["https:\/\/spielgruppe-chnopf.ch\/sc\/?page_id=24"]}]},{"@type":"ImageObject","inLanguage":"de","@id":"https:\/\/spielgruppe-chnopf.ch\/sc\/?page_id=24#primaryimage","url":"https:\/\/spielgruppe-chnopf.ch\/sc\/wp-content\/uploads\/2018\/04\/Fotobalken-Angebot.png","contentUrl":"https:\/\/spielgruppe-chnopf.ch\/sc\/wp-content\/uploads\/2018\/04\/Fotobalken-Angebot.png","width":640,"height":163},{"@type":"BreadcrumbList","@id":"https:\/\/spielgruppe-chnopf.ch\/sc\/?page_id=24#breadcrumb","itemListElement":[{"@type":"ListItem","position":1,"name":"Startseite","item":"https:\/\/spielgruppe-chnopf.ch\/sc\/"},{"@type":"ListItem","position":2,"name":"Angebot"}]},{"@type":"WebSite","@id":"https:\/\/spielgruppe-chnopf.ch\/sc\/#website","url":"https:\/\/spielgruppe-chnopf.ch\/sc\/","name":"Spielgruppe Chnopf - Pf\u00e4ffikon ZH","description":"Pf\u00e4ffikon ZH","publisher":{"@id":"https:\/\/spielgruppe-chnopf.ch\/sc\/#organization"},"potentialAction":[{"@type":"SearchAction","target":{"@type":"EntryPoint","urlTemplate":"https:\/\/spielgruppe-chnopf.ch\/sc\/?s={search_term_string}"},"query-input":{"@type":"PropertyValueSpecification","valueRequired":true,"valueName":"search_term_string"}}],"inLanguage":"de"},{"@type":"Organization","@id":"https:\/\/spielgruppe-chnopf.ch\/sc\/#organization","name":"Spielgruppe Chnopf","url":"https:\/\/spielgruppe-chnopf.ch\/sc\/","logo":{"@type":"ImageObject","inLanguage":"de","@id":"https:\/\/spielgruppe-chnopf.ch\/sc\/#\/schema\/logo\/image\/","url":"https:\/\/spielgruppe-chnopf.ch\/sc\/wp-content\/uploads\/2018\/03\/neues-Chnopf-Logo-bunt-Chalkboard-3D-zugeschnitten.png","contentUrl":"https:\/\/spielgruppe-chnopf.ch\/sc\/wp-content\/uploads\/2018\/03\/neues-Chnopf-Logo-bunt-Chalkboard-3D-zugeschnitten.png","width":640,"height":328,"caption":"Spielgruppe Chnopf"},"image":{"@id":"https:\/\/spielgruppe-chnopf.ch\/sc\/#\/schema\/logo\/image\/"},"sameAs":["https:\/\/www.facebook.com\/SpielgruppeChnopf\/"]}]}},"_links":{"self":[{"href":"https:\/\/spielgruppe-chnopf.ch\/sc\/index.php?rest_route=\/wp\/v2\/pages\/24","targetHints":{"allow":["GET"]}}],"collection":[{"href":"https:\/\/spielgruppe-chnopf.ch\/sc\/index.php?rest_route=\/wp\/v2\/pages"}],"about":[{"href":"https:\/\/spielgruppe-chnopf.ch\/sc\/index.php?rest_route=\/wp\/v2\/types\/page"}],"author":[{"embeddable":true,"href":"https:\/\/spielgruppe-chnopf.ch\/sc\/index.php?rest_route=\/wp\/v2\/users\/2"}],"replies":[{"embeddable":true,"href":"https:\/\/spielgruppe-chnopf.ch\/sc\/index.php?rest_route=%2Fwp%2Fv2%2Fcomments&post=24"}],"version-history":[{"count":153,"href":"https:\/\/spielgruppe-chnopf.ch\/sc\/index.php?rest_route=\/wp\/v2\/pages\/24\/revisions"}],"predecessor-version":[{"id":3062,"href":"https:\/\/spielgruppe-chnopf.ch\/sc\/index.php?rest_route=\/wp\/v2\/pages\/24\/revisions\/3062"}],"wp:attachment":[{"href":"https:\/\/spielgruppe-chnopf.ch\/sc\/index.php?rest_route=%2Fwp%2Fv2%2Fmedia&parent=24"}],"curies":[{"name":"wp","href":"https:\/\/api.w.org\/{rel}","templated":true}]}}