{"id":441,"date":"2018-05-18T10:51:57","date_gmt":"2018-05-18T10:51:57","guid":{"rendered":"http:\/\/spielgruppe-chnopf.ch\/sc\/?page_id=441"},"modified":"2023-10-22T10:56:03","modified_gmt":"2023-10-22T10:56:03","slug":"impressum-datenschutz","status":"publish","type":"page","link":"https:\/\/spielgruppe-chnopf.ch\/sc\/?page_id=441","title":{"rendered":"IMPRESSUM &#038; DATENSCHUTZ"},"content":{"rendered":"<p><strong><span class=\"color2\">Verantwortlich f\u00fcr den Inhalt:<\/span><\/strong><br \/>\nSpielgruppe Chnopf<br \/>\nWallikerstrasse 10<br \/>\n8330 Pf\u00e4ffikon ZH<br \/>\nSchweiz<br \/>\n078 \/ 806 85 25<br \/>\ninfo at spielgruppe-chnopf.ch<\/p>\n<p><strong>Anwendbares Recht:<\/strong><br \/>\nAuf die folgende Datenschutz- und Haftungserkl\u00e4rung ist Schweizer Recht anwendbar. Ausschliesslicher Gerichtsstand ist Pf\u00e4ffikon ZH, Schweiz.<\/p>\n<p class=\"font8\"><strong><span class=\"color2\">Copyright:<br \/>\n<\/span><\/strong><span class=\"color2\">Alle Elemente dieser Homepage unterliegen dem Urheberrecht und d\u00fcrfen nicht ohne vorherige ausdr\u00fcckliche und schriftliche Genehmigung kopiert, ver\u00e4ndert oder f\u00fcr andere Zwecke benutzt werden.<\/span><\/p>\n<p class=\"font8\"><strong><span class=\"color2\">Haftung f\u00fcr Inhalte:<br \/>\n<\/span><\/strong><span class=\"color2\">Die Inhalte unserer Seiten wurden mit gr\u00f6sster Sorgfalt erstellt. F\u00fcr die Richtigkeit, Vollst\u00e4ndigkeit und Aktualit\u00e4t der Inhalte k\u00f6nnen wir jedoch keine Gew\u00e4hr \u00fcbernehmen.<\/span><\/p>\n<p class=\"font8\"><strong><span class=\"color2\">Haftung f\u00fcr Links:<br \/>\n<\/span><\/strong><span class=\"color2\">Unsere Homepage enth\u00e4lt Links zu externen Webseiten Dritter, auf deren Inhalt wir keinen Einfluss haben. Deshalb k\u00f6nnen wir f\u00fcr diese fremden Inhalte keine Gew\u00e4hr \u00fcbernehmen. F\u00fcr die Inhalte der verlinkten Seiten ist stets der jeweilige Anbieter oder Betreiber der Seiten verantwortlich. Die verlinkten Seiten wurden zum Zeitpunkt der Verlinkung auf m\u00f6gliche Rechtsverst\u00f6sse \u00fcberpr\u00fcft. Rechtswidrige Inhalte waren zum Zeitpunkt der Verlinkung nicht erkennbar. Eine permanente inhaltliche Kontrolle der verlinkten Seiten ist jedoch ohne konkreten Anhaltspunkte einer Rechtsverletzung nicht zumutbar. Bei Bekanntwerden von Rechtsverletzungen werden wir derartige Links umgehend entfernen.<\/span><\/p>\n<p class=\"font8\"><strong><span class=\"color2\">Datenschutz:<br \/>\n<\/span><\/strong><span class=\"color2\">Der Spielgruppe Chnopf ist der Schutz Ihrer Daten wichtig. Wir handeln in \u00dcbereinstimmung mit geltendem Datenschutzrecht, insbesondere dem Schweizerischen Datenschutzgesetz (Bundesgesetz \u00fcber Datenschutz DSG vom 25. September 2020, SR. 235.1).<\/span><\/p>\n<p>Die Nutzung unserer Webseite ist in der Regel ohne Angabe personenbezogener Daten m\u00f6glich. Soweit auf unserer Seiten personenbezogene Daten erhoben werden, erfolgt dies, soweit m\u00f6glich, stets auf freiwilliger Basis. Diese Daten werden ohne Ihre ausdr\u00fcckliche Zustimmung nicht an Dritte weitergegeben. Wir weisen darauf hin, dass die Daten\u00fcbertragung im Internet Sicherheitsl\u00fccken aufweisen kann. Ein l\u00fcckenloser Schutz der Daten vor dem Zugriff durch Dritte ist nicht m\u00f6glich. Der Nutzung von im Rahmen der Impressumspflicht ver\u00f6ffentlichten Kontaktdaten durch Dritte zur \u00dcbersendung von nicht ausdr\u00fccklich aufgeforderter Werbung und Informationsmaterialien wird hiermit ausdr\u00fccklich widersprochen. Die Betreiber der Seiten behalten sich ausdr\u00fccklich rechtliche Schritte im Falle der unverlangten Zusendung von Werbeinformationen, etwa durch Spam-Mails vor.<\/p>\n<p><strong>Datenschutzerkl\u00e4rung der Spielgruppe Chnopf<\/strong><br \/>\nWir bearbeiten folgende Kategorien der Personendaten f\u00fcr Sie:<\/p>\n<ul>\n<li>Kontaktdaten (Vorname, Name, Adresse, E-Mail, Telefonnummer)<\/li>\n<li>Pers\u00f6nliche Angaben zu Ihrem Kind (Geburtsdatum, Geschlecht, Allergien, Sprachkenntnisse, ggf. zus\u00e4tzliche Informationen, wenn dies durch die Eltern als n\u00f6tig erachtet wird)<\/li>\n<li>Eintrittsdatum in die Spielgruppe<\/li>\n<li>Zahlungsdaten<\/li>\n<li>Fotos und Bildmaterial<\/li>\n<\/ul>\n<p>Wir nutzen Ihre Personendaten ausschliesslich f\u00fcr folgende Zwecke:<\/p>\n<ul>\n<li>Erf\u00fcllung des Spielgruppenvertrages<\/li>\n<li>Administration<\/li>\n<li>Kommunikation mit Erziehungsberechtigten<\/li>\n<li>Organisation von Veranstaltungen<\/li>\n<li>Rechnungsstellung<\/li>\n<\/ul>\n<p>Die Spielgruppe Chnopf gibt keine Personendaten an Dritte weiter.<br \/>\nDie personenbezogenen Daten werden auf einen Server der Firma Metanet und Clubdesk mit Sitz in der Schweiz gespeichert.<br \/>\nZum Schutz Ihrer Personendaten treffen wir angemessene technische und organisatorische Massnahmen.<br \/>\nDie Personendaten werden so lange aufbewahrt, wie es die gesetzlichen und vertraglichen Aufbewahrungsfristen verlangen. Nach Ablauf der Aufbewahrungsfrist werden die Personendaten gel\u00f6scht oder anonymisiert.<\/p>\n<p>Sie haben als betroffene Person das Recht auf Auskunft, welche Daten wir. \u00fcber Sie bearbeiten. Sie haben zudem das Recht, die Berichtigung, L\u00f6schung oder Einschr\u00e4nkung der Bearbeitung Ihrer Daten zu verlangen, sowie das Recht auf Daten\u00fcbertragbarkeit\/Datenherausgabe. Diese Rechte bestehen, sofern keine gesetzlichen Aufbewahrungspflichten oder eigene berechtigte Interessen dem Begehren entgegenstehen. Sie sind jederzeit berechtigt, eine einmal erteilte Einwilligung in eine Datenbearbeitung zu widerrufen.<\/p>\n<p>S\u00e4mtliche Rechte k\u00f6nnen Sie geltend machen, indem Sie uns \u00fcber das Kontaktformular kontaktieren.<\/p>\n<p>Wir \u00fcbernehmen keine Haftung f\u00fcr direkte oder indirekte Sch\u00e4den, die Sie durch die freiwillige Kommunikation Ihrer pers\u00f6nlichen Daten, z.B. durch die Nutzung von E-Mail oder der Kontaktformulare unserer Website erleiden. Die Haftung der Spielgruppe ist soweit ausgeschlossen, als dieser Ausschluss gesetzlich zul\u00e4ssig ist.<\/p>\n<p>Wir k\u00f6nnen die Bestimmungen der vorliegenden Datenschutzerkl\u00e4rung bei Bedarf anpassen. Es gilt die jeweils aktuelle, auf unserer Website publizierte Fassung.<\/p>\n<p><strong>Google Analytics und Google Maps:<br \/>\n<\/strong>Diese Website benutzt Google Analytics, einen Webanalysedienst der Google Inc., Mountain View, USA (\u201eGoogle\u201c), sowie Google Maps, ein Kartendienst der Google Inc., Mountain View, USA (\u201eGoogle\u201c) . Google Analytics und Google Maps verwenden sog. \u201eCookies\u201c, Textdateien, die auf Ihrem Computer gespeichert werden und die eine Analyse der Benutzung der Website durch Sie erm\u00f6glichen. Die durch den Cookie erzeugten Informationen \u00fcber Ihre Benutzung dieser Website werden in der Regel an einen Server von Google in den USA \u00fcbertragen und dort gespeichert. Im Falle der Aktivierung der IP-Anonymisierung auf dieser Webseite wird Ihre IP-Adresse von Google jedoch innerhalb von Mitgliedstaaten der Europ\u00e4ischen Union oder in anderen Vertragsstaaten des Abkommens \u00fcber den Europ\u00e4ischen Wirtschaftsraum zuvor gek\u00fcrzt.<br \/>\nNur in Ausnahmef\u00e4llen wird die volle IP-Adresse an einen Server von Google in den USA \u00fcbertragen und dort gek\u00fcrzt. Google wird diese Informationen benutzen, um Ihre Nutzung der Website auszuwerten, um Reports \u00fcber die Websiteaktivit\u00e4ten f\u00fcr die Websitebetreiber zusammenzustellen und um weitere mit der Websitenutzung und der Internetnutzung verbundene Dienstleistungen zu erbringen. Auch wird Google diese Informationen gegebenenfalls an Dritte \u00fcbertragen, sofern dies gesetzlich vorgeschrieben oder soweit Dritte diese Daten im Auftrag von Google verarbeiten. Die im Rahmen von Google Analytics und Google Maps von Ihrem Browser \u00fcbermittelte IP-Adresse wird nicht mit anderen Daten von Google zusammengef\u00fchrt.<br \/>\nSie k\u00f6nnen die Installation der Cookies durch eine entsprechende Einstellung Ihrer Browser Software verhindern; wir weisen Sie jedoch darauf hin, dass Sie in diesem Fall gegebenenfalls nicht s\u00e4mtliche Funktionen dieser Website voll umf\u00e4nglich nutzen k\u00f6nnen. Durch die Nutzung dieser Website erkl\u00e4ren Sie sich mit der Bearbeitung der \u00fcber Sie erhobenen Daten durch Google in der zuvor beschriebenen Art und Weise und zu dem zuvor benannten Zweck einverstanden<\/p>\n<p><strong><span class=\"color2\">Cookies:<br \/>\n<\/span><\/strong>Diese Website verwendet Cookies. Cookies sind kleine Textdateien, die beim Besuch dieser Website in Ihrem Computer dauerhaft oder tempor\u00e4r gespeichert werden. Zweck der Cookies ist insbesondere die Analyse der Nutzung dieser Website zur statistischen Auswertung sowie f\u00fcr kontinuierliche Verbesserungen.<br \/>\nIn Ihrem Browser k\u00f6nnen Sie Cookies in den Einstellungen jederzeit ganz oder teilweise deaktivieren. Bei deaktivierten Cookies stehen Ihnen allenfalls nicht mehr alle Funktionen dieser Website zur Verf\u00fcgung.<\/p>\n","protected":false},"excerpt":{"rendered":"<p>Verantwortlich f\u00fcr den Inhalt: Spielgruppe Chnopf Wallikerstrasse 10 8330 Pf\u00e4ffikon ZH Schweiz 078 \/ 806 85 25 info at spielgruppe-chnopf.ch Anwendbares Recht: Auf die folgende Datenschutz- und Haftungserkl\u00e4rung ist Schweizer Recht anwendbar. Ausschliesslicher Gerichtsstand ist Pf\u00e4ffikon ZH, Schweiz. Copyright: Alle <a class=\"more-link\" href=\"https:\/\/spielgruppe-chnopf.ch\/sc\/?page_id=441\">weiterlesen&#8230;<\/a><\/p>\n","protected":false},"author":2,"featured_media":0,"parent":0,"menu_order":0,"comment_status":"closed","ping_status":"closed","template":"","meta":{"footnotes":""},"class_list":["post-441","page","type-page","status-publish","hentry"],"yoast_head":"<!-- This site is optimized with the Yoast SEO plugin v27.3 - https:\/\/yoast.com\/product\/yoast-seo-wordpress\/ -->\n<title>IMPRESSUM &amp; DATENSCHUTZ - Spielgruppe Chnopf<\/title>\n<meta name=\"robots\" content=\"index, follow, max-snippet:-1, max-image-preview:large, max-video-preview:-1\" \/>\n<link rel=\"canonical\" href=\"https:\/\/spielgruppe-chnopf.ch\/sc\/?page_id=441\" \/>\n<meta property=\"og:locale\" content=\"de_DE\" \/>\n<meta property=\"og:type\" content=\"article\" \/>\n<meta property=\"og:title\" content=\"IMPRESSUM &amp; DATENSCHUTZ - Spielgruppe Chnopf\" \/>\n<meta property=\"og:description\" content=\"Verantwortlich f\u00fcr den Inhalt: Spielgruppe Chnopf Wallikerstrasse 10 8330 Pf\u00e4ffikon ZH Schweiz 078 \/ 806 85 25 info at spielgruppe-chnopf.ch Anwendbares Recht: Auf die folgende Datenschutz- und Haftungserkl\u00e4rung ist Schweizer Recht anwendbar. Ausschliesslicher Gerichtsstand ist Pf\u00e4ffikon ZH, Schweiz. Copyright: Alle weiterlesen...\" \/>\n<meta property=\"og:url\" content=\"https:\/\/spielgruppe-chnopf.ch\/sc\/?page_id=441\" \/>\n<meta property=\"og:site_name\" content=\"Spielgruppe Chnopf\" \/>\n<meta property=\"article:publisher\" content=\"https:\/\/www.facebook.com\/SpielgruppeChnopf\/\" \/>\n<meta property=\"article:modified_time\" content=\"2023-10-22T10:56:03+00:00\" \/>\n<meta name=\"twitter:card\" content=\"summary_large_image\" \/>\n<meta name=\"twitter:label1\" content=\"Gesch\u00e4tzte Lesezeit\" \/>\n\t<meta name=\"twitter:data1\" content=\"6\u00a0Minuten\" \/>\n<script type=\"application\/ld+json\" class=\"yoast-schema-graph\">{\"@context\":\"https:\\\/\\\/schema.org\",\"@graph\":[{\"@type\":\"WebPage\",\"@id\":\"https:\\\/\\\/spielgruppe-chnopf.ch\\\/sc\\\/?page_id=441\",\"url\":\"https:\\\/\\\/spielgruppe-chnopf.ch\\\/sc\\\/?page_id=441\",\"name\":\"IMPRESSUM & DATENSCHUTZ - Spielgruppe Chnopf\",\"isPartOf\":{\"@id\":\"https:\\\/\\\/spielgruppe-chnopf.ch\\\/sc\\\/#website\"},\"datePublished\":\"2018-05-18T10:51:57+00:00\",\"dateModified\":\"2023-10-22T10:56:03+00:00\",\"breadcrumb\":{\"@id\":\"https:\\\/\\\/spielgruppe-chnopf.ch\\\/sc\\\/?page_id=441#breadcrumb\"},\"inLanguage\":\"de\",\"potentialAction\":[{\"@type\":\"ReadAction\",\"target\":[\"https:\\\/\\\/spielgruppe-chnopf.ch\\\/sc\\\/?page_id=441\"]}]},{\"@type\":\"BreadcrumbList\",\"@id\":\"https:\\\/\\\/spielgruppe-chnopf.ch\\\/sc\\\/?page_id=441#breadcrumb\",\"itemListElement\":[{\"@type\":\"ListItem\",\"position\":1,\"name\":\"Startseite\",\"item\":\"https:\\\/\\\/spielgruppe-chnopf.ch\\\/sc\\\/\"},{\"@type\":\"ListItem\",\"position\":2,\"name\":\"IMPRESSUM &#038; DATENSCHUTZ\"}]},{\"@type\":\"WebSite\",\"@id\":\"https:\\\/\\\/spielgruppe-chnopf.ch\\\/sc\\\/#website\",\"url\":\"https:\\\/\\\/spielgruppe-chnopf.ch\\\/sc\\\/\",\"name\":\"Spielgruppe Chnopf - Pf\u00e4ffikon ZH\",\"description\":\"Pf\u00e4ffikon ZH\",\"publisher\":{\"@id\":\"https:\\\/\\\/spielgruppe-chnopf.ch\\\/sc\\\/#organization\"},\"potentialAction\":[{\"@type\":\"SearchAction\",\"target\":{\"@type\":\"EntryPoint\",\"urlTemplate\":\"https:\\\/\\\/spielgruppe-chnopf.ch\\\/sc\\\/?s={search_term_string}\"},\"query-input\":{\"@type\":\"PropertyValueSpecification\",\"valueRequired\":true,\"valueName\":\"search_term_string\"}}],\"inLanguage\":\"de\"},{\"@type\":\"Organization\",\"@id\":\"https:\\\/\\\/spielgruppe-chnopf.ch\\\/sc\\\/#organization\",\"name\":\"Spielgruppe Chnopf\",\"url\":\"https:\\\/\\\/spielgruppe-chnopf.ch\\\/sc\\\/\",\"logo\":{\"@type\":\"ImageObject\",\"inLanguage\":\"de\",\"@id\":\"https:\\\/\\\/spielgruppe-chnopf.ch\\\/sc\\\/#\\\/schema\\\/logo\\\/image\\\/\",\"url\":\"https:\\\/\\\/spielgruppe-chnopf.ch\\\/sc\\\/wp-content\\\/uploads\\\/2018\\\/03\\\/neues-Chnopf-Logo-bunt-Chalkboard-3D-zugeschnitten.png\",\"contentUrl\":\"https:\\\/\\\/spielgruppe-chnopf.ch\\\/sc\\\/wp-content\\\/uploads\\\/2018\\\/03\\\/neues-Chnopf-Logo-bunt-Chalkboard-3D-zugeschnitten.png\",\"width\":640,\"height\":328,\"caption\":\"Spielgruppe Chnopf\"},\"image\":{\"@id\":\"https:\\\/\\\/spielgruppe-chnopf.ch\\\/sc\\\/#\\\/schema\\\/logo\\\/image\\\/\"},\"sameAs\":[\"https:\\\/\\\/www.facebook.com\\\/SpielgruppeChnopf\\\/\"]}]}<\/script>\n<!-- \/ Yoast SEO plugin. -->","yoast_head_json":{"title":"IMPRESSUM & DATENSCHUTZ - Spielgruppe Chnopf","robots":{"index":"index","follow":"follow","max-snippet":"max-snippet:-1","max-image-preview":"max-image-preview:large","max-video-preview":"max-video-preview:-1"},"canonical":"https:\/\/spielgruppe-chnopf.ch\/sc\/?page_id=441","og_locale":"de_DE","og_type":"article","og_title":"IMPRESSUM & DATENSCHUTZ - Spielgruppe Chnopf","og_description":"Verantwortlich f\u00fcr den Inhalt: Spielgruppe Chnopf Wallikerstrasse 10 8330 Pf\u00e4ffikon ZH Schweiz 078 \/ 806 85 25 info at spielgruppe-chnopf.ch Anwendbares Recht: Auf die folgende Datenschutz- und Haftungserkl\u00e4rung ist Schweizer Recht anwendbar. Ausschliesslicher Gerichtsstand ist Pf\u00e4ffikon ZH, Schweiz. Copyright: Alle weiterlesen...","og_url":"https:\/\/spielgruppe-chnopf.ch\/sc\/?page_id=441","og_site_name":"Spielgruppe Chnopf","article_publisher":"https:\/\/www.facebook.com\/SpielgruppeChnopf\/","article_modified_time":"2023-10-22T10:56:03+00:00","twitter_card":"summary_large_image","twitter_misc":{"Gesch\u00e4tzte Lesezeit":"6\u00a0Minuten"},"schema":{"@context":"https:\/\/schema.org","@graph":[{"@type":"WebPage","@id":"https:\/\/spielgruppe-chnopf.ch\/sc\/?page_id=441","url":"https:\/\/spielgruppe-chnopf.ch\/sc\/?page_id=441","name":"IMPRESSUM & DATENSCHUTZ - Spielgruppe Chnopf","isPartOf":{"@id":"https:\/\/spielgruppe-chnopf.ch\/sc\/#website"},"datePublished":"2018-05-18T10:51:57+00:00","dateModified":"2023-10-22T10:56:03+00:00","breadcrumb":{"@id":"https:\/\/spielgruppe-chnopf.ch\/sc\/?page_id=441#breadcrumb"},"inLanguage":"de","potentialAction":[{"@type":"ReadAction","target":["https:\/\/spielgruppe-chnopf.ch\/sc\/?page_id=441"]}]},{"@type":"BreadcrumbList","@id":"https:\/\/spielgruppe-chnopf.ch\/sc\/?page_id=441#breadcrumb","itemListElement":[{"@type":"ListItem","position":1,"name":"Startseite","item":"https:\/\/spielgruppe-chnopf.ch\/sc\/"},{"@type":"ListItem","position":2,"name":"IMPRESSUM &#038; DATENSCHUTZ"}]},{"@type":"WebSite","@id":"https:\/\/spielgruppe-chnopf.ch\/sc\/#website","url":"https:\/\/spielgruppe-chnopf.ch\/sc\/","name":"Spielgruppe Chnopf - Pf\u00e4ffikon ZH","description":"Pf\u00e4ffikon ZH","publisher":{"@id":"https:\/\/spielgruppe-chnopf.ch\/sc\/#organization"},"potentialAction":[{"@type":"SearchAction","target":{"@type":"EntryPoint","urlTemplate":"https:\/\/spielgruppe-chnopf.ch\/sc\/?s={search_term_string}"},"query-input":{"@type":"PropertyValueSpecification","valueRequired":true,"valueName":"search_term_string"}}],"inLanguage":"de"},{"@type":"Organization","@id":"https:\/\/spielgruppe-chnopf.ch\/sc\/#organization","name":"Spielgruppe Chnopf","url":"https:\/\/spielgruppe-chnopf.ch\/sc\/","logo":{"@type":"ImageObject","inLanguage":"de","@id":"https:\/\/spielgruppe-chnopf.ch\/sc\/#\/schema\/logo\/image\/","url":"https:\/\/spielgruppe-chnopf.ch\/sc\/wp-content\/uploads\/2018\/03\/neues-Chnopf-Logo-bunt-Chalkboard-3D-zugeschnitten.png","contentUrl":"https:\/\/spielgruppe-chnopf.ch\/sc\/wp-content\/uploads\/2018\/03\/neues-Chnopf-Logo-bunt-Chalkboard-3D-zugeschnitten.png","width":640,"height":328,"caption":"Spielgruppe Chnopf"},"image":{"@id":"https:\/\/spielgruppe-chnopf.ch\/sc\/#\/schema\/logo\/image\/"},"sameAs":["https:\/\/www.facebook.com\/SpielgruppeChnopf\/"]}]}},"_links":{"self":[{"href":"https:\/\/spielgruppe-chnopf.ch\/sc\/index.php?rest_route=\/wp\/v2\/pages\/441","targetHints":{"allow":["GET"]}}],"collection":[{"href":"https:\/\/spielgruppe-chnopf.ch\/sc\/index.php?rest_route=\/wp\/v2\/pages"}],"about":[{"href":"https:\/\/spielgruppe-chnopf.ch\/sc\/index.php?rest_route=\/wp\/v2\/types\/page"}],"author":[{"embeddable":true,"href":"https:\/\/spielgruppe-chnopf.ch\/sc\/index.php?rest_route=\/wp\/v2\/users\/2"}],"replies":[{"embeddable":true,"href":"https:\/\/spielgruppe-chnopf.ch\/sc\/index.php?rest_route=%2Fwp%2Fv2%2Fcomments&post=441"}],"version-history":[{"count":6,"href":"https:\/\/spielgruppe-chnopf.ch\/sc\/index.php?rest_route=\/wp\/v2\/pages\/441\/revisions"}],"predecessor-version":[{"id":2683,"href":"https:\/\/spielgruppe-chnopf.ch\/sc\/index.php?rest_route=\/wp\/v2\/pages\/441\/revisions\/2683"}],"wp:attachment":[{"href":"https:\/\/spielgruppe-chnopf.ch\/sc\/index.php?rest_route=%2Fwp%2Fv2%2Fmedia&parent=441"}],"curies":[{"name":"wp","href":"https:\/\/api.w.org\/{rel}","templated":true}]}}