{"id":49,"date":"2018-01-07T08:36:37","date_gmt":"2018-01-07T08:36:37","guid":{"rendered":"http:\/\/spielgruppe-chnopf.ch\/sc\/?page_id=49"},"modified":"2026-01-21T07:18:11","modified_gmt":"2026-01-21T07:18:11","slug":"ueber-uns","status":"publish","type":"page","link":"https:\/\/spielgruppe-chnopf.ch\/sc\/?page_id=49","title":{"rendered":"\u00dcber uns"},"content":{"rendered":"<p><img loading=\"lazy\" decoding=\"async\" class=\"size-full wp-image-1965 alignnone\" src=\"http:\/\/spielgruppe-chnopf.ch\/sc\/wp-content\/uploads\/2022\/01\/Fotobalken-Ueber-uns.jpg\" alt=\"\" width=\"1890\" height=\"485\" srcset=\"https:\/\/spielgruppe-chnopf.ch\/sc\/wp-content\/uploads\/2022\/01\/Fotobalken-Ueber-uns.jpg 1890w, https:\/\/spielgruppe-chnopf.ch\/sc\/wp-content\/uploads\/2022\/01\/Fotobalken-Ueber-uns-300x77.jpg 300w, https:\/\/spielgruppe-chnopf.ch\/sc\/wp-content\/uploads\/2022\/01\/Fotobalken-Ueber-uns-1024x263.jpg 1024w, https:\/\/spielgruppe-chnopf.ch\/sc\/wp-content\/uploads\/2022\/01\/Fotobalken-Ueber-uns-768x197.jpg 768w, https:\/\/spielgruppe-chnopf.ch\/sc\/wp-content\/uploads\/2022\/01\/Fotobalken-Ueber-uns-1536x394.jpg 1536w, https:\/\/spielgruppe-chnopf.ch\/sc\/wp-content\/uploads\/2022\/01\/Fotobalken-Ueber-uns-400x103.jpg 400w\" sizes=\"auto, (max-width: 1890px) 100vw, 1890px\" \/><\/p>\n<h6><strong>Gr\u00fcezi!<\/strong><\/h6>\n<h6><strong>D\u00fcrfen wir Ihnen ein wenig \u00fcber uns und den Chnopf erz\u00e4hlen?<\/strong><\/h6>\n<p>Die Spiel- und Waldspielgruppe Chnopf: Das sind eine Handvoll aufgestellte Leiterinnen, ein sch\u00f6nes Haus mit Garten, zwei tolle Waldpl\u00e4tze und nat\u00fcrlich unsere G\u00e4ste, die bunte Kinderschar.<\/p>\n<p><strong>Unsere Innenspielgruppe<br \/>\n<\/strong>Gleich das erste Zimmer im Spielgruppenlokal l\u00e4sst die Kinderherzen h\u00f6herschlagen. Dort finden sie grosse Softbausteine und T\u00fccher zum H\u00fcttenbauen, eine Spielk\u00fcche, Verkleiderlisachen und vieles mehr, um in die Welt des Spielens einzutauchen. Wer lieber etwas anderes machen m\u00f6chte, kann sich im Bastelraum beim Zeichnen, Basteln oder Puzzeln verweilen.<br \/>\nDie Leiterinnen begleiten das freie Spiel der Kinder mit viel Einf\u00fchlungsverm\u00f6gen, setzten den erforderlichen Rahmen und lassen ihnen den n\u00f6tigen Freiraum, um ihr Spiel zu entfalten. Denn Spielen ist Lernen!<br \/>\nAuch die Gemeinschaft wird gepflegt, sei es beim gemeinsamen Zn\u00fcniessen, beim Geschichtenh\u00f6ren oder zusammen Singen und Fingerversli sprechen.<\/p>\n<p><strong>Draussen im Wald<\/strong><br \/>\nEs gibt keinen besseren Ort, um seiner Fantasie freien Lauf zu lassen, als den Wald. Auch hier steht das freie Spiel im Zentrum, Jahreszeiten werden intensiv erfahren, die Sinne gesch\u00e4rft und die Grobmotorik durch die Umgebung gef\u00f6rdert.<br \/>\nUnsere Waldgruppen haben ihre zwei Pl\u00e4tze am Pfaffberg und am Sulzberg.<br \/>\nBesonders stolz sind wir auf unseren mit viel Herzblut gestalteten Waldplatz am Pfaffberg mit Feuerstelle, praktischen Baumstamm-B\u00e4nken, Baum-Garderobe und vielem mehr. Im Sommer geniessen wir gem\u00fctliche Momente am nahen B\u00e4chlein.<br \/>\nEin Highlight in unserer Waldgruppe am Sulzberg sind der Bauwagen als Unterschlupf f\u00fcr k\u00fchlere Tage und die vielen Tiere und abwechslungsreichen Stellen, die es zu Entdecken gibt.<\/p>\n<p><strong>Interessantes zum Chnopf<\/strong><br \/>\nDie Spielgruppe Chnopf ist in Pf\u00e4ffikon zu Hause, gegr\u00fcndet wurde sie 1972. Den Chnopf gibt es also schon seit \u00fcber 50 Jahren. Mit unserer jahrelangen Pr\u00e4senz am Mai- und Martinim\u00e4rt und anderen Anl\u00e4ssen im Dorf beteiligen wir uns als Verein aktiv am Dorfleben. Ein ganz besonderes Erlebnis f\u00fcr die Kinder der Spielgruppe Chnopf ist der Samichlaus-Anlass im Dezember, bei dem sogar die Esel vom Samichlaus zu Besuch sind.<\/p>\n<p>Wir sind offen und gehen mit der Zeit, tauschen uns als Team regelm\u00e4ssig aus und bilden uns weiter. Wir haben als ganzes Team die Weiterbildung zum Thema &#8222;Alltagsintegrierte Sprachbildung bei Kindern&#8220; abgeschlossen, sowie unser Leitbild \u00fcberarbeitet und Konzepte f\u00fcr die ganze Spielgruppe erarbeitet.<\/p>\n<h6><strong>Und das Wichtigste<\/strong><\/h6>\n<h6>Eines bleibt immer bestehen: Unsere Freude, die Kinder in ihrer Fantasie, ihrer Offenheit und Individualit\u00e4t ein St\u00fcck ihres Weges begleiten zu d\u00fcrfen.<\/h6>\n<p><strong>Sie m\u00f6chten gerne mehr wissen?<\/strong><br \/>\nWer Fragen hat oder sich f\u00fcr einen Platz in der Spielgruppe Chnopf interessiert, ist herzlich zu einem Besuch am Morgen der offenen T\u00fcr jeweils im Mai eingeladen oder kann sich gerne an unser <a href=\".\/?page_id=55\">Sekretariat<\/a> wenden.<\/p>\n<p><strong>Unsere Adresse<\/strong><br \/>\nSpiel- und Waldspielgruppe Chnopf<br \/>\nWallikerstrasse 10<br \/>\n8330 Pf\u00e4ffikon ZH<\/p>\n<p>Aktuelle News gibts auf unserer Homepage in der Agenda.<\/p>\n","protected":false},"excerpt":{"rendered":"<p>Gr\u00fcezi! D\u00fcrfen wir Ihnen ein wenig \u00fcber uns und den Chnopf erz\u00e4hlen? Die Spiel- und Waldspielgruppe Chnopf: Das sind eine Handvoll aufgestellte Leiterinnen, ein sch\u00f6nes Haus mit Garten, zwei tolle Waldpl\u00e4tze und nat\u00fcrlich unsere G\u00e4ste, die bunte Kinderschar. Unsere Innenspielgruppe <a class=\"more-link\" href=\"https:\/\/spielgruppe-chnopf.ch\/sc\/?page_id=49\">weiterlesen&#8230;<\/a><\/p>\n","protected":false},"author":2,"featured_media":0,"parent":0,"menu_order":0,"comment_status":"closed","ping_status":"closed","template":"","meta":{"footnotes":""},"class_list":["post-49","page","type-page","status-publish","hentry"],"yoast_head":"<!-- This site is optimized with the Yoast SEO plugin v27.3 - https:\/\/yoast.com\/product\/yoast-seo-wordpress\/ -->\n<title>\u00dcber uns - Spielgruppe Chnopf<\/title>\n<meta name=\"robots\" content=\"index, follow, max-snippet:-1, max-image-preview:large, max-video-preview:-1\" \/>\n<link rel=\"canonical\" href=\"https:\/\/spielgruppe-chnopf.ch\/sc\/?page_id=49\" \/>\n<meta property=\"og:locale\" content=\"de_DE\" \/>\n<meta property=\"og:type\" content=\"article\" \/>\n<meta property=\"og:title\" content=\"\u00dcber uns - Spielgruppe Chnopf\" \/>\n<meta property=\"og:description\" content=\"Gr\u00fcezi! D\u00fcrfen wir Ihnen ein wenig \u00fcber uns und den Chnopf erz\u00e4hlen? Die Spiel- und Waldspielgruppe Chnopf: Das sind eine Handvoll aufgestellte Leiterinnen, ein sch\u00f6nes Haus mit Garten, zwei tolle Waldpl\u00e4tze und nat\u00fcrlich unsere G\u00e4ste, die bunte Kinderschar. Unsere Innenspielgruppe weiterlesen...\" \/>\n<meta property=\"og:url\" content=\"https:\/\/spielgruppe-chnopf.ch\/sc\/?page_id=49\" \/>\n<meta property=\"og:site_name\" content=\"Spielgruppe Chnopf\" \/>\n<meta property=\"article:publisher\" content=\"https:\/\/www.facebook.com\/SpielgruppeChnopf\/\" \/>\n<meta property=\"article:modified_time\" content=\"2026-01-21T07:18:11+00:00\" \/>\n<meta property=\"og:image\" content=\"https:\/\/spielgruppe-chnopf.ch\/sc\/wp-content\/uploads\/2022\/01\/Fotobalken-Ueber-uns.jpg\" \/>\n\t<meta property=\"og:image:width\" content=\"1890\" \/>\n\t<meta property=\"og:image:height\" content=\"485\" \/>\n\t<meta property=\"og:image:type\" content=\"image\/jpeg\" \/>\n<meta name=\"twitter:card\" content=\"summary_large_image\" \/>\n<meta name=\"twitter:label1\" content=\"Gesch\u00e4tzte Lesezeit\" \/>\n\t<meta name=\"twitter:data1\" content=\"3\u00a0Minuten\" \/>\n<script type=\"application\/ld+json\" class=\"yoast-schema-graph\">{\"@context\":\"https:\\\/\\\/schema.org\",\"@graph\":[{\"@type\":\"WebPage\",\"@id\":\"https:\\\/\\\/spielgruppe-chnopf.ch\\\/sc\\\/?page_id=49\",\"url\":\"https:\\\/\\\/spielgruppe-chnopf.ch\\\/sc\\\/?page_id=49\",\"name\":\"\u00dcber uns - Spielgruppe Chnopf\",\"isPartOf\":{\"@id\":\"https:\\\/\\\/spielgruppe-chnopf.ch\\\/sc\\\/#website\"},\"primaryImageOfPage\":{\"@id\":\"https:\\\/\\\/spielgruppe-chnopf.ch\\\/sc\\\/?page_id=49#primaryimage\"},\"image\":{\"@id\":\"https:\\\/\\\/spielgruppe-chnopf.ch\\\/sc\\\/?page_id=49#primaryimage\"},\"thumbnailUrl\":\"http:\\\/\\\/spielgruppe-chnopf.ch\\\/sc\\\/wp-content\\\/uploads\\\/2022\\\/01\\\/Fotobalken-Ueber-uns.jpg\",\"datePublished\":\"2018-01-07T08:36:37+00:00\",\"dateModified\":\"2026-01-21T07:18:11+00:00\",\"breadcrumb\":{\"@id\":\"https:\\\/\\\/spielgruppe-chnopf.ch\\\/sc\\\/?page_id=49#breadcrumb\"},\"inLanguage\":\"de\",\"potentialAction\":[{\"@type\":\"ReadAction\",\"target\":[\"https:\\\/\\\/spielgruppe-chnopf.ch\\\/sc\\\/?page_id=49\"]}]},{\"@type\":\"ImageObject\",\"inLanguage\":\"de\",\"@id\":\"https:\\\/\\\/spielgruppe-chnopf.ch\\\/sc\\\/?page_id=49#primaryimage\",\"url\":\"http:\\\/\\\/spielgruppe-chnopf.ch\\\/sc\\\/wp-content\\\/uploads\\\/2022\\\/01\\\/Fotobalken-Ueber-uns.jpg\",\"contentUrl\":\"http:\\\/\\\/spielgruppe-chnopf.ch\\\/sc\\\/wp-content\\\/uploads\\\/2022\\\/01\\\/Fotobalken-Ueber-uns.jpg\"},{\"@type\":\"BreadcrumbList\",\"@id\":\"https:\\\/\\\/spielgruppe-chnopf.ch\\\/sc\\\/?page_id=49#breadcrumb\",\"itemListElement\":[{\"@type\":\"ListItem\",\"position\":1,\"name\":\"Startseite\",\"item\":\"https:\\\/\\\/spielgruppe-chnopf.ch\\\/sc\\\/\"},{\"@type\":\"ListItem\",\"position\":2,\"name\":\"\u00dcber uns\"}]},{\"@type\":\"WebSite\",\"@id\":\"https:\\\/\\\/spielgruppe-chnopf.ch\\\/sc\\\/#website\",\"url\":\"https:\\\/\\\/spielgruppe-chnopf.ch\\\/sc\\\/\",\"name\":\"Spielgruppe Chnopf - Pf\u00e4ffikon ZH\",\"description\":\"Pf\u00e4ffikon ZH\",\"publisher\":{\"@id\":\"https:\\\/\\\/spielgruppe-chnopf.ch\\\/sc\\\/#organization\"},\"potentialAction\":[{\"@type\":\"SearchAction\",\"target\":{\"@type\":\"EntryPoint\",\"urlTemplate\":\"https:\\\/\\\/spielgruppe-chnopf.ch\\\/sc\\\/?s={search_term_string}\"},\"query-input\":{\"@type\":\"PropertyValueSpecification\",\"valueRequired\":true,\"valueName\":\"search_term_string\"}}],\"inLanguage\":\"de\"},{\"@type\":\"Organization\",\"@id\":\"https:\\\/\\\/spielgruppe-chnopf.ch\\\/sc\\\/#organization\",\"name\":\"Spielgruppe Chnopf\",\"url\":\"https:\\\/\\\/spielgruppe-chnopf.ch\\\/sc\\\/\",\"logo\":{\"@type\":\"ImageObject\",\"inLanguage\":\"de\",\"@id\":\"https:\\\/\\\/spielgruppe-chnopf.ch\\\/sc\\\/#\\\/schema\\\/logo\\\/image\\\/\",\"url\":\"https:\\\/\\\/spielgruppe-chnopf.ch\\\/sc\\\/wp-content\\\/uploads\\\/2018\\\/03\\\/neues-Chnopf-Logo-bunt-Chalkboard-3D-zugeschnitten.png\",\"contentUrl\":\"https:\\\/\\\/spielgruppe-chnopf.ch\\\/sc\\\/wp-content\\\/uploads\\\/2018\\\/03\\\/neues-Chnopf-Logo-bunt-Chalkboard-3D-zugeschnitten.png\",\"width\":640,\"height\":328,\"caption\":\"Spielgruppe Chnopf\"},\"image\":{\"@id\":\"https:\\\/\\\/spielgruppe-chnopf.ch\\\/sc\\\/#\\\/schema\\\/logo\\\/image\\\/\"},\"sameAs\":[\"https:\\\/\\\/www.facebook.com\\\/SpielgruppeChnopf\\\/\"]}]}<\/script>\n<!-- \/ Yoast SEO plugin. -->","yoast_head_json":{"title":"\u00dcber uns - Spielgruppe Chnopf","robots":{"index":"index","follow":"follow","max-snippet":"max-snippet:-1","max-image-preview":"max-image-preview:large","max-video-preview":"max-video-preview:-1"},"canonical":"https:\/\/spielgruppe-chnopf.ch\/sc\/?page_id=49","og_locale":"de_DE","og_type":"article","og_title":"\u00dcber uns - Spielgruppe Chnopf","og_description":"Gr\u00fcezi! D\u00fcrfen wir Ihnen ein wenig \u00fcber uns und den Chnopf erz\u00e4hlen? Die Spiel- und Waldspielgruppe Chnopf: Das sind eine Handvoll aufgestellte Leiterinnen, ein sch\u00f6nes Haus mit Garten, zwei tolle Waldpl\u00e4tze und nat\u00fcrlich unsere G\u00e4ste, die bunte Kinderschar. Unsere Innenspielgruppe weiterlesen...","og_url":"https:\/\/spielgruppe-chnopf.ch\/sc\/?page_id=49","og_site_name":"Spielgruppe Chnopf","article_publisher":"https:\/\/www.facebook.com\/SpielgruppeChnopf\/","article_modified_time":"2026-01-21T07:18:11+00:00","og_image":[{"width":1890,"height":485,"url":"https:\/\/spielgruppe-chnopf.ch\/sc\/wp-content\/uploads\/2022\/01\/Fotobalken-Ueber-uns.jpg","type":"image\/jpeg"}],"twitter_card":"summary_large_image","twitter_misc":{"Gesch\u00e4tzte Lesezeit":"3\u00a0Minuten"},"schema":{"@context":"https:\/\/schema.org","@graph":[{"@type":"WebPage","@id":"https:\/\/spielgruppe-chnopf.ch\/sc\/?page_id=49","url":"https:\/\/spielgruppe-chnopf.ch\/sc\/?page_id=49","name":"\u00dcber uns - Spielgruppe Chnopf","isPartOf":{"@id":"https:\/\/spielgruppe-chnopf.ch\/sc\/#website"},"primaryImageOfPage":{"@id":"https:\/\/spielgruppe-chnopf.ch\/sc\/?page_id=49#primaryimage"},"image":{"@id":"https:\/\/spielgruppe-chnopf.ch\/sc\/?page_id=49#primaryimage"},"thumbnailUrl":"http:\/\/spielgruppe-chnopf.ch\/sc\/wp-content\/uploads\/2022\/01\/Fotobalken-Ueber-uns.jpg","datePublished":"2018-01-07T08:36:37+00:00","dateModified":"2026-01-21T07:18:11+00:00","breadcrumb":{"@id":"https:\/\/spielgruppe-chnopf.ch\/sc\/?page_id=49#breadcrumb"},"inLanguage":"de","potentialAction":[{"@type":"ReadAction","target":["https:\/\/spielgruppe-chnopf.ch\/sc\/?page_id=49"]}]},{"@type":"ImageObject","inLanguage":"de","@id":"https:\/\/spielgruppe-chnopf.ch\/sc\/?page_id=49#primaryimage","url":"http:\/\/spielgruppe-chnopf.ch\/sc\/wp-content\/uploads\/2022\/01\/Fotobalken-Ueber-uns.jpg","contentUrl":"http:\/\/spielgruppe-chnopf.ch\/sc\/wp-content\/uploads\/2022\/01\/Fotobalken-Ueber-uns.jpg"},{"@type":"BreadcrumbList","@id":"https:\/\/spielgruppe-chnopf.ch\/sc\/?page_id=49#breadcrumb","itemListElement":[{"@type":"ListItem","position":1,"name":"Startseite","item":"https:\/\/spielgruppe-chnopf.ch\/sc\/"},{"@type":"ListItem","position":2,"name":"\u00dcber uns"}]},{"@type":"WebSite","@id":"https:\/\/spielgruppe-chnopf.ch\/sc\/#website","url":"https:\/\/spielgruppe-chnopf.ch\/sc\/","name":"Spielgruppe Chnopf - Pf\u00e4ffikon ZH","description":"Pf\u00e4ffikon ZH","publisher":{"@id":"https:\/\/spielgruppe-chnopf.ch\/sc\/#organization"},"potentialAction":[{"@type":"SearchAction","target":{"@type":"EntryPoint","urlTemplate":"https:\/\/spielgruppe-chnopf.ch\/sc\/?s={search_term_string}"},"query-input":{"@type":"PropertyValueSpecification","valueRequired":true,"valueName":"search_term_string"}}],"inLanguage":"de"},{"@type":"Organization","@id":"https:\/\/spielgruppe-chnopf.ch\/sc\/#organization","name":"Spielgruppe Chnopf","url":"https:\/\/spielgruppe-chnopf.ch\/sc\/","logo":{"@type":"ImageObject","inLanguage":"de","@id":"https:\/\/spielgruppe-chnopf.ch\/sc\/#\/schema\/logo\/image\/","url":"https:\/\/spielgruppe-chnopf.ch\/sc\/wp-content\/uploads\/2018\/03\/neues-Chnopf-Logo-bunt-Chalkboard-3D-zugeschnitten.png","contentUrl":"https:\/\/spielgruppe-chnopf.ch\/sc\/wp-content\/uploads\/2018\/03\/neues-Chnopf-Logo-bunt-Chalkboard-3D-zugeschnitten.png","width":640,"height":328,"caption":"Spielgruppe Chnopf"},"image":{"@id":"https:\/\/spielgruppe-chnopf.ch\/sc\/#\/schema\/logo\/image\/"},"sameAs":["https:\/\/www.facebook.com\/SpielgruppeChnopf\/"]}]}},"_links":{"self":[{"href":"https:\/\/spielgruppe-chnopf.ch\/sc\/index.php?rest_route=\/wp\/v2\/pages\/49","targetHints":{"allow":["GET"]}}],"collection":[{"href":"https:\/\/spielgruppe-chnopf.ch\/sc\/index.php?rest_route=\/wp\/v2\/pages"}],"about":[{"href":"https:\/\/spielgruppe-chnopf.ch\/sc\/index.php?rest_route=\/wp\/v2\/types\/page"}],"author":[{"embeddable":true,"href":"https:\/\/spielgruppe-chnopf.ch\/sc\/index.php?rest_route=\/wp\/v2\/users\/2"}],"replies":[{"embeddable":true,"href":"https:\/\/spielgruppe-chnopf.ch\/sc\/index.php?rest_route=%2Fwp%2Fv2%2Fcomments&post=49"}],"version-history":[{"count":38,"href":"https:\/\/spielgruppe-chnopf.ch\/sc\/index.php?rest_route=\/wp\/v2\/pages\/49\/revisions"}],"predecessor-version":[{"id":3034,"href":"https:\/\/spielgruppe-chnopf.ch\/sc\/index.php?rest_route=\/wp\/v2\/pages\/49\/revisions\/3034"}],"wp:attachment":[{"href":"https:\/\/spielgruppe-chnopf.ch\/sc\/index.php?rest_route=%2Fwp%2Fv2%2Fmedia&parent=49"}],"curies":[{"name":"wp","href":"https:\/\/api.w.org\/{rel}","templated":true}]}}