{"id":51,"date":"2018-01-07T08:37:02","date_gmt":"2018-01-07T08:37:02","guid":{"rendered":"http:\/\/spielgruppe-chnopf.ch\/sc\/?page_id=51"},"modified":"2026-03-17T07:03:50","modified_gmt":"2026-03-17T07:03:50","slug":"aktuell","status":"publish","type":"page","link":"https:\/\/spielgruppe-chnopf.ch\/sc\/?page_id=51","title":{"rendered":"Anl\u00e4sse"},"content":{"rendered":"<h6><\/h6>\n<p><img loading=\"lazy\" decoding=\"async\" class=\"alignnone wp-image-353\" src=\"http:\/\/spielgruppe-chnopf.ch\/sc\/wp-content\/uploads\/2018\/04\/Fotobalken-Aktuell.png\" alt=\"\" width=\"1889\" height=\"481\" srcset=\"https:\/\/spielgruppe-chnopf.ch\/sc\/wp-content\/uploads\/2018\/04\/Fotobalken-Aktuell.png 640w, https:\/\/spielgruppe-chnopf.ch\/sc\/wp-content\/uploads\/2018\/04\/Fotobalken-Aktuell-300x76.png 300w, https:\/\/spielgruppe-chnopf.ch\/sc\/wp-content\/uploads\/2018\/04\/Fotobalken-Aktuell-400x102.png 400w\" sizes=\"auto, (max-width: 1889px) 100vw, 1889px\" \/><\/p>\n<h6><strong>UNSERE ANL\u00c4SSE<\/strong><\/h6>\n<h4>&#8230;<\/h4>\n<h3><strong>Morgen der offenen T\u00fcr<\/strong><\/h3>\n<p>F\u00fcr alle\u00a0interessierten Eltern mit Kindern im Spielgruppenalter \u00f6ffnen wir jeweils im Mai an einem Samstagmorgen unsere T\u00fcren.<\/p>\n<p>Schauen Sie vorbei und nutzen Sie die Gelegenheit, Spielgruppenluft zu schnuppern, die Leiterinnen und das sch\u00f6ne Lokal mit Garten kennen zu lernen und Fragen zu stellen.<br \/>\nAuch Geschwister und Grosseltern sind herzlich willkommen.<\/p>\n<p>F\u00fcr weitere Informationen k\u00f6nnen Sie sich gerne mit unserem Sekretariat in Verbindung setzen.<\/p>\n<p>Wir freuen uns auf Sie und Ihr Kind \/ Ihre Kinder!<\/p>\n<p><img loading=\"lazy\" decoding=\"async\" class=\"alignnone size-medium wp-image-1170\" src=\"http:\/\/spielgruppe-chnopf.ch\/sc\/wp-content\/uploads\/2019\/05\/29e8cc7e-54d2-4661-9556-8df0250b5acf-300x169.jpg\" alt=\"\" width=\"300\" height=\"169\" srcset=\"https:\/\/spielgruppe-chnopf.ch\/sc\/wp-content\/uploads\/2019\/05\/29e8cc7e-54d2-4661-9556-8df0250b5acf-300x169.jpg 300w, https:\/\/spielgruppe-chnopf.ch\/sc\/wp-content\/uploads\/2019\/05\/29e8cc7e-54d2-4661-9556-8df0250b5acf-768x432.jpg 768w, https:\/\/spielgruppe-chnopf.ch\/sc\/wp-content\/uploads\/2019\/05\/29e8cc7e-54d2-4661-9556-8df0250b5acf-1024x576.jpg 1024w, https:\/\/spielgruppe-chnopf.ch\/sc\/wp-content\/uploads\/2019\/05\/29e8cc7e-54d2-4661-9556-8df0250b5acf-400x225.jpg 400w, https:\/\/spielgruppe-chnopf.ch\/sc\/wp-content\/uploads\/2019\/05\/29e8cc7e-54d2-4661-9556-8df0250b5acf-780x439.jpg 780w, https:\/\/spielgruppe-chnopf.ch\/sc\/wp-content\/uploads\/2019\/05\/29e8cc7e-54d2-4661-9556-8df0250b5acf.jpg 1920w\" sizes=\"auto, (max-width: 300px) 100vw, 300px\" \/><\/p>\n<h3><\/h3>\n<h3 class=\"paragraph_style\"><strong>Unser Stand am M\u00e4rt<\/strong><\/h3>\n<p>Besuchen Sie unseren beliebten Stand am Maim\u00e4rt oder am Martinim\u00e4rt und lassen Sie sich mit einem Getr\u00e4nk oder etwas Feinem zum Knabbern verw\u00f6hnen. Auch f\u00fcr Ihre Anliegen und Fragen nehmen wir uns gerne Zeit.<br \/>\nUnsere kleinen G\u00e4ste finden spannende Abwechslung beim P\u00e4cklifischen und wer Gl\u00fcck hat, trifft sogar die Spielgruppenleiterin vom eigenen Spielgruppentag.<\/p>\n<p>Der Maim\u00e4rt findet jeweils am ersten Dienstag im Mai, der Martinim\u00e4rt am ersten Dienstag im November statt. Die genauen Daten k\u00f6nnen Sie dem Ferienplan der Schule Pf\u00e4ffikon entnehmen.<\/p>\n<p><img loading=\"lazy\" decoding=\"async\" class=\"alignnone size-thumbnail wp-image-2785\" src=\"https:\/\/spielgruppe-chnopf.ch\/sc\/wp-content\/uploads\/2024\/01\/83c7bfd9-9d34-439a-b870-0f039607fc25-1-150x150.jpg\" alt=\"\" width=\"150\" height=\"150\" srcset=\"https:\/\/spielgruppe-chnopf.ch\/sc\/wp-content\/uploads\/2024\/01\/83c7bfd9-9d34-439a-b870-0f039607fc25-1-150x150.jpg 150w, https:\/\/spielgruppe-chnopf.ch\/sc\/wp-content\/uploads\/2024\/01\/83c7bfd9-9d34-439a-b870-0f039607fc25-1-300x300.jpg 300w, https:\/\/spielgruppe-chnopf.ch\/sc\/wp-content\/uploads\/2024\/01\/83c7bfd9-9d34-439a-b870-0f039607fc25-1-1024x1024.jpg 1024w, https:\/\/spielgruppe-chnopf.ch\/sc\/wp-content\/uploads\/2024\/01\/83c7bfd9-9d34-439a-b870-0f039607fc25-1-768x768.jpg 768w, https:\/\/spielgruppe-chnopf.ch\/sc\/wp-content\/uploads\/2024\/01\/83c7bfd9-9d34-439a-b870-0f039607fc25-1-1536x1536.jpg 1536w, https:\/\/spielgruppe-chnopf.ch\/sc\/wp-content\/uploads\/2024\/01\/83c7bfd9-9d34-439a-b870-0f039607fc25-1-400x400.jpg 400w, https:\/\/spielgruppe-chnopf.ch\/sc\/wp-content\/uploads\/2024\/01\/83c7bfd9-9d34-439a-b870-0f039607fc25-1.jpg 1728w\" sizes=\"auto, (max-width: 150px) 100vw, 150px\" \/> <img loading=\"lazy\" decoding=\"async\" class=\"alignnone size-thumbnail wp-image-2784\" src=\"https:\/\/spielgruppe-chnopf.ch\/sc\/wp-content\/uploads\/2024\/01\/920c526e-1263-472e-88c6-5f66db1471fe-150x150.jpg\" alt=\"\" width=\"150\" height=\"150\" srcset=\"https:\/\/spielgruppe-chnopf.ch\/sc\/wp-content\/uploads\/2024\/01\/920c526e-1263-472e-88c6-5f66db1471fe-150x150.jpg 150w, https:\/\/spielgruppe-chnopf.ch\/sc\/wp-content\/uploads\/2024\/01\/920c526e-1263-472e-88c6-5f66db1471fe-300x300.jpg 300w, https:\/\/spielgruppe-chnopf.ch\/sc\/wp-content\/uploads\/2024\/01\/920c526e-1263-472e-88c6-5f66db1471fe-1024x1024.jpg 1024w, https:\/\/spielgruppe-chnopf.ch\/sc\/wp-content\/uploads\/2024\/01\/920c526e-1263-472e-88c6-5f66db1471fe-768x768.jpg 768w, https:\/\/spielgruppe-chnopf.ch\/sc\/wp-content\/uploads\/2024\/01\/920c526e-1263-472e-88c6-5f66db1471fe-1536x1536.jpg 1536w, https:\/\/spielgruppe-chnopf.ch\/sc\/wp-content\/uploads\/2024\/01\/920c526e-1263-472e-88c6-5f66db1471fe-400x400.jpg 400w, https:\/\/spielgruppe-chnopf.ch\/sc\/wp-content\/uploads\/2024\/01\/920c526e-1263-472e-88c6-5f66db1471fe.jpg 1728w\" sizes=\"auto, (max-width: 150px) 100vw, 150px\" \/> <img loading=\"lazy\" decoding=\"async\" class=\"alignnone size-thumbnail wp-image-2783\" src=\"https:\/\/spielgruppe-chnopf.ch\/sc\/wp-content\/uploads\/2024\/01\/b8196829-f377-4f32-a5d3-f0ef4186216e-1-150x150.jpg\" alt=\"\" width=\"150\" height=\"150\" srcset=\"https:\/\/spielgruppe-chnopf.ch\/sc\/wp-content\/uploads\/2024\/01\/b8196829-f377-4f32-a5d3-f0ef4186216e-1-150x150.jpg 150w, https:\/\/spielgruppe-chnopf.ch\/sc\/wp-content\/uploads\/2024\/01\/b8196829-f377-4f32-a5d3-f0ef4186216e-1-300x300.jpg 300w, https:\/\/spielgruppe-chnopf.ch\/sc\/wp-content\/uploads\/2024\/01\/b8196829-f377-4f32-a5d3-f0ef4186216e-1-1024x1024.jpg 1024w, https:\/\/spielgruppe-chnopf.ch\/sc\/wp-content\/uploads\/2024\/01\/b8196829-f377-4f32-a5d3-f0ef4186216e-1-768x768.jpg 768w, https:\/\/spielgruppe-chnopf.ch\/sc\/wp-content\/uploads\/2024\/01\/b8196829-f377-4f32-a5d3-f0ef4186216e-1-1536x1536.jpg 1536w, https:\/\/spielgruppe-chnopf.ch\/sc\/wp-content\/uploads\/2024\/01\/b8196829-f377-4f32-a5d3-f0ef4186216e-1-400x400.jpg 400w, https:\/\/spielgruppe-chnopf.ch\/sc\/wp-content\/uploads\/2024\/01\/b8196829-f377-4f32-a5d3-f0ef4186216e-1.jpg 1728w\" sizes=\"auto, (max-width: 150px) 100vw, 150px\" \/> <img loading=\"lazy\" decoding=\"async\" class=\"alignnone size-thumbnail wp-image-2786\" src=\"https:\/\/spielgruppe-chnopf.ch\/sc\/wp-content\/uploads\/2024\/01\/IMG_3321-150x150.jpg\" alt=\"\" width=\"150\" height=\"150\" \/> <img loading=\"lazy\" decoding=\"async\" class=\"alignnone size-thumbnail wp-image-2781\" src=\"https:\/\/spielgruppe-chnopf.ch\/sc\/wp-content\/uploads\/2024\/01\/IMG_3307-150x150.jpg\" alt=\"\" width=\"150\" height=\"150\" \/><\/p>\n<h3><strong>De Samichlaus chunnt<\/strong><\/h3>\n<p>F\u00fcr alle Kinder der Spiel- und Waldspielgruppe Chnopf nehmen sich Samichlaus und Schmutzli in der Samichlauswoche vom 6. Dezember an einem Morgen exklusiv f\u00fcr uns Zeit und kommen zu Besuch in den Wald.<\/p>\n<p>Gemeinsam feiern wir den sch\u00f6nen Anlass zusammen mit Eltern, Grosseltern und kleineren Geschwistern. Und wer weiss, vielleicht sind dieses Jahr die Esel wieder mit dabei?<\/p>\n<p><img loading=\"lazy\" decoding=\"async\" class=\"alignnone size-thumbnail wp-image-583\" src=\"https:\/\/spielgruppe-chnopf.ch\/sc\/wp-content\/uploads\/2018\/03\/DSC_1207-150x150.jpg\" alt=\"\" width=\"150\" height=\"150\" \/> <img loading=\"lazy\" decoding=\"async\" class=\"alignnone size-thumbnail wp-image-587\" src=\"https:\/\/spielgruppe-chnopf.ch\/sc\/wp-content\/uploads\/2018\/03\/UNADJUSTEDNONRAW_thumb_1228a-150x150.jpg\" alt=\"\" width=\"150\" height=\"150\" \/> <img loading=\"lazy\" decoding=\"async\" class=\"alignnone size-thumbnail wp-image-428\" src=\"https:\/\/spielgruppe-chnopf.ch\/sc\/wp-content\/uploads\/2018\/03\/IMG_3301-150x150.jpg\" alt=\"\" width=\"150\" height=\"150\" \/> <img loading=\"lazy\" decoding=\"async\" class=\"alignnone size-thumbnail wp-image-586\" src=\"https:\/\/spielgruppe-chnopf.ch\/sc\/wp-content\/uploads\/2018\/03\/DSC_5591-150x150.jpg\" alt=\"\" width=\"150\" height=\"150\" \/> <img loading=\"lazy\" decoding=\"async\" class=\"alignnone size-thumbnail wp-image-2779\" src=\"https:\/\/spielgruppe-chnopf.ch\/sc\/wp-content\/uploads\/2018\/03\/IMG_4042-150x150.jpg\" alt=\"\" width=\"150\" height=\"150\" \/><\/p>\n<h3><strong>Kinder-Fasnacht<\/strong><\/h3>\n<p>Die Kinderfasnacht ist ein Highlight in Pf\u00e4ffikon! Dank der hervorragenden Zusammenarbeit mit dem Familienverein Pf\u00e4ffikon, den Banauslikern und dem grossen Engagement von vielen freiwilligen Helferinnen und Helfern konnten wir die Kinderfasnacht 2016 in Pf\u00e4ffikon wieder ins Leben rufen und im Februar 2020 das f\u00fcnfj\u00e4hrige Kinderfasnacht-Jubil\u00e4um feiern. Ganz nach dem Motto High Five!<\/p>\n<p><img loading=\"lazy\" decoding=\"async\" class=\"alignnone size-thumbnail wp-image-225\" src=\"https:\/\/spielgruppe-chnopf.ch\/sc\/wp-content\/uploads\/2018\/03\/Bild-8-150x150.jpg\" alt=\"\" width=\"150\" height=\"150\" \/> <img loading=\"lazy\" decoding=\"async\" class=\"alignnone size-thumbnail wp-image-280\" src=\"https:\/\/spielgruppe-chnopf.ch\/sc\/wp-content\/uploads\/2018\/03\/UNADJUSTEDNONRAW_thumb_119f5-150x150.jpg\" alt=\"\" width=\"150\" height=\"150\" \/> <img loading=\"lazy\" decoding=\"async\" class=\"alignnone size-thumbnail wp-image-284\" src=\"https:\/\/spielgruppe-chnopf.ch\/sc\/wp-content\/uploads\/2018\/03\/UNADJUSTEDNONRAW_thumb_119f6-150x150.jpg\" alt=\"\" width=\"150\" height=\"150\" \/> <img loading=\"lazy\" decoding=\"async\" class=\"alignnone size-thumbnail wp-image-1310\" src=\"https:\/\/spielgruppe-chnopf.ch\/sc\/wp-content\/uploads\/2020\/02\/30D9AA8C-F218-44EB-B0CA-27F2A30D7EE7_1_105_c-150x150.jpeg\" alt=\"\" width=\"150\" height=\"150\" \/> <img loading=\"lazy\" decoding=\"async\" class=\"alignnone size-thumbnail wp-image-1355\" src=\"https:\/\/spielgruppe-chnopf.ch\/sc\/wp-content\/uploads\/2020\/02\/Kinderfasnacht_Pfaeffikon_2020_c-Weymann-071-150x150.jpg\" alt=\"\" width=\"150\" height=\"150\" \/><\/p>\n","protected":false},"excerpt":{"rendered":"<p>UNSERE ANL\u00c4SSE &#8230; Morgen der offenen T\u00fcr F\u00fcr alle\u00a0interessierten Eltern mit Kindern im Spielgruppenalter \u00f6ffnen wir jeweils im Mai an einem Samstagmorgen unsere T\u00fcren. Schauen Sie vorbei und nutzen Sie die Gelegenheit, Spielgruppenluft zu schnuppern, die Leiterinnen und das sch\u00f6ne <a class=\"more-link\" href=\"https:\/\/spielgruppe-chnopf.ch\/sc\/?page_id=51\">weiterlesen&#8230;<\/a><\/p>\n","protected":false},"author":2,"featured_media":0,"parent":0,"menu_order":0,"comment_status":"closed","ping_status":"closed","template":"","meta":{"footnotes":""},"class_list":["post-51","page","type-page","status-publish","hentry"],"yoast_head":"<!-- This site is optimized with the Yoast SEO plugin v27.3 - https:\/\/yoast.com\/product\/yoast-seo-wordpress\/ -->\n<title>Anl\u00e4sse - Spielgruppe Chnopf<\/title>\n<meta name=\"robots\" content=\"index, follow, max-snippet:-1, max-image-preview:large, max-video-preview:-1\" \/>\n<link rel=\"canonical\" href=\"https:\/\/spielgruppe-chnopf.ch\/sc\/?page_id=51\" \/>\n<meta property=\"og:locale\" content=\"de_DE\" \/>\n<meta property=\"og:type\" content=\"article\" \/>\n<meta property=\"og:title\" content=\"Anl\u00e4sse - Spielgruppe Chnopf\" \/>\n<meta property=\"og:description\" content=\"UNSERE ANL\u00c4SSE &#8230; Morgen der offenen T\u00fcr F\u00fcr alle\u00a0interessierten Eltern mit Kindern im Spielgruppenalter \u00f6ffnen wir jeweils im Mai an einem Samstagmorgen unsere T\u00fcren. Schauen Sie vorbei und nutzen Sie die Gelegenheit, Spielgruppenluft zu schnuppern, die Leiterinnen und das sch\u00f6ne weiterlesen...\" \/>\n<meta property=\"og:url\" content=\"https:\/\/spielgruppe-chnopf.ch\/sc\/?page_id=51\" \/>\n<meta property=\"og:site_name\" content=\"Spielgruppe Chnopf\" \/>\n<meta property=\"article:publisher\" content=\"https:\/\/www.facebook.com\/SpielgruppeChnopf\/\" \/>\n<meta property=\"article:modified_time\" content=\"2026-03-17T07:03:50+00:00\" \/>\n<meta property=\"og:image\" content=\"https:\/\/spielgruppe-chnopf.ch\/sc\/wp-content\/uploads\/2018\/04\/Fotobalken-Aktuell.png\" \/>\n\t<meta property=\"og:image:width\" content=\"640\" \/>\n\t<meta property=\"og:image:height\" content=\"163\" \/>\n\t<meta property=\"og:image:type\" content=\"image\/png\" \/>\n<meta name=\"twitter:card\" content=\"summary_large_image\" \/>\n<meta name=\"twitter:label1\" content=\"Gesch\u00e4tzte Lesezeit\" \/>\n\t<meta name=\"twitter:data1\" content=\"5\u00a0Minuten\" \/>\n<script type=\"application\/ld+json\" class=\"yoast-schema-graph\">{\"@context\":\"https:\\\/\\\/schema.org\",\"@graph\":[{\"@type\":\"WebPage\",\"@id\":\"https:\\\/\\\/spielgruppe-chnopf.ch\\\/sc\\\/?page_id=51\",\"url\":\"https:\\\/\\\/spielgruppe-chnopf.ch\\\/sc\\\/?page_id=51\",\"name\":\"Anl\u00e4sse - Spielgruppe Chnopf\",\"isPartOf\":{\"@id\":\"https:\\\/\\\/spielgruppe-chnopf.ch\\\/sc\\\/#website\"},\"primaryImageOfPage\":{\"@id\":\"https:\\\/\\\/spielgruppe-chnopf.ch\\\/sc\\\/?page_id=51#primaryimage\"},\"image\":{\"@id\":\"https:\\\/\\\/spielgruppe-chnopf.ch\\\/sc\\\/?page_id=51#primaryimage\"},\"thumbnailUrl\":\"http:\\\/\\\/spielgruppe-chnopf.ch\\\/sc\\\/wp-content\\\/uploads\\\/2018\\\/04\\\/Fotobalken-Aktuell.png\",\"datePublished\":\"2018-01-07T08:37:02+00:00\",\"dateModified\":\"2026-03-17T07:03:50+00:00\",\"breadcrumb\":{\"@id\":\"https:\\\/\\\/spielgruppe-chnopf.ch\\\/sc\\\/?page_id=51#breadcrumb\"},\"inLanguage\":\"de\",\"potentialAction\":[{\"@type\":\"ReadAction\",\"target\":[\"https:\\\/\\\/spielgruppe-chnopf.ch\\\/sc\\\/?page_id=51\"]}]},{\"@type\":\"ImageObject\",\"inLanguage\":\"de\",\"@id\":\"https:\\\/\\\/spielgruppe-chnopf.ch\\\/sc\\\/?page_id=51#primaryimage\",\"url\":\"http:\\\/\\\/spielgruppe-chnopf.ch\\\/sc\\\/wp-content\\\/uploads\\\/2018\\\/04\\\/Fotobalken-Aktuell.png\",\"contentUrl\":\"http:\\\/\\\/spielgruppe-chnopf.ch\\\/sc\\\/wp-content\\\/uploads\\\/2018\\\/04\\\/Fotobalken-Aktuell.png\"},{\"@type\":\"BreadcrumbList\",\"@id\":\"https:\\\/\\\/spielgruppe-chnopf.ch\\\/sc\\\/?page_id=51#breadcrumb\",\"itemListElement\":[{\"@type\":\"ListItem\",\"position\":1,\"name\":\"Startseite\",\"item\":\"https:\\\/\\\/spielgruppe-chnopf.ch\\\/sc\\\/\"},{\"@type\":\"ListItem\",\"position\":2,\"name\":\"Anl\u00e4sse\"}]},{\"@type\":\"WebSite\",\"@id\":\"https:\\\/\\\/spielgruppe-chnopf.ch\\\/sc\\\/#website\",\"url\":\"https:\\\/\\\/spielgruppe-chnopf.ch\\\/sc\\\/\",\"name\":\"Spielgruppe Chnopf - Pf\u00e4ffikon ZH\",\"description\":\"Pf\u00e4ffikon ZH\",\"publisher\":{\"@id\":\"https:\\\/\\\/spielgruppe-chnopf.ch\\\/sc\\\/#organization\"},\"potentialAction\":[{\"@type\":\"SearchAction\",\"target\":{\"@type\":\"EntryPoint\",\"urlTemplate\":\"https:\\\/\\\/spielgruppe-chnopf.ch\\\/sc\\\/?s={search_term_string}\"},\"query-input\":{\"@type\":\"PropertyValueSpecification\",\"valueRequired\":true,\"valueName\":\"search_term_string\"}}],\"inLanguage\":\"de\"},{\"@type\":\"Organization\",\"@id\":\"https:\\\/\\\/spielgruppe-chnopf.ch\\\/sc\\\/#organization\",\"name\":\"Spielgruppe Chnopf\",\"url\":\"https:\\\/\\\/spielgruppe-chnopf.ch\\\/sc\\\/\",\"logo\":{\"@type\":\"ImageObject\",\"inLanguage\":\"de\",\"@id\":\"https:\\\/\\\/spielgruppe-chnopf.ch\\\/sc\\\/#\\\/schema\\\/logo\\\/image\\\/\",\"url\":\"https:\\\/\\\/spielgruppe-chnopf.ch\\\/sc\\\/wp-content\\\/uploads\\\/2018\\\/03\\\/neues-Chnopf-Logo-bunt-Chalkboard-3D-zugeschnitten.png\",\"contentUrl\":\"https:\\\/\\\/spielgruppe-chnopf.ch\\\/sc\\\/wp-content\\\/uploads\\\/2018\\\/03\\\/neues-Chnopf-Logo-bunt-Chalkboard-3D-zugeschnitten.png\",\"width\":640,\"height\":328,\"caption\":\"Spielgruppe Chnopf\"},\"image\":{\"@id\":\"https:\\\/\\\/spielgruppe-chnopf.ch\\\/sc\\\/#\\\/schema\\\/logo\\\/image\\\/\"},\"sameAs\":[\"https:\\\/\\\/www.facebook.com\\\/SpielgruppeChnopf\\\/\"]}]}<\/script>\n<!-- \/ Yoast SEO plugin. -->","yoast_head_json":{"title":"Anl\u00e4sse - Spielgruppe Chnopf","robots":{"index":"index","follow":"follow","max-snippet":"max-snippet:-1","max-image-preview":"max-image-preview:large","max-video-preview":"max-video-preview:-1"},"canonical":"https:\/\/spielgruppe-chnopf.ch\/sc\/?page_id=51","og_locale":"de_DE","og_type":"article","og_title":"Anl\u00e4sse - Spielgruppe Chnopf","og_description":"UNSERE ANL\u00c4SSE &#8230; Morgen der offenen T\u00fcr F\u00fcr alle\u00a0interessierten Eltern mit Kindern im Spielgruppenalter \u00f6ffnen wir jeweils im Mai an einem Samstagmorgen unsere T\u00fcren. Schauen Sie vorbei und nutzen Sie die Gelegenheit, Spielgruppenluft zu schnuppern, die Leiterinnen und das sch\u00f6ne weiterlesen...","og_url":"https:\/\/spielgruppe-chnopf.ch\/sc\/?page_id=51","og_site_name":"Spielgruppe Chnopf","article_publisher":"https:\/\/www.facebook.com\/SpielgruppeChnopf\/","article_modified_time":"2026-03-17T07:03:50+00:00","og_image":[{"width":640,"height":163,"url":"https:\/\/spielgruppe-chnopf.ch\/sc\/wp-content\/uploads\/2018\/04\/Fotobalken-Aktuell.png","type":"image\/png"}],"twitter_card":"summary_large_image","twitter_misc":{"Gesch\u00e4tzte Lesezeit":"5\u00a0Minuten"},"schema":{"@context":"https:\/\/schema.org","@graph":[{"@type":"WebPage","@id":"https:\/\/spielgruppe-chnopf.ch\/sc\/?page_id=51","url":"https:\/\/spielgruppe-chnopf.ch\/sc\/?page_id=51","name":"Anl\u00e4sse - Spielgruppe Chnopf","isPartOf":{"@id":"https:\/\/spielgruppe-chnopf.ch\/sc\/#website"},"primaryImageOfPage":{"@id":"https:\/\/spielgruppe-chnopf.ch\/sc\/?page_id=51#primaryimage"},"image":{"@id":"https:\/\/spielgruppe-chnopf.ch\/sc\/?page_id=51#primaryimage"},"thumbnailUrl":"http:\/\/spielgruppe-chnopf.ch\/sc\/wp-content\/uploads\/2018\/04\/Fotobalken-Aktuell.png","datePublished":"2018-01-07T08:37:02+00:00","dateModified":"2026-03-17T07:03:50+00:00","breadcrumb":{"@id":"https:\/\/spielgruppe-chnopf.ch\/sc\/?page_id=51#breadcrumb"},"inLanguage":"de","potentialAction":[{"@type":"ReadAction","target":["https:\/\/spielgruppe-chnopf.ch\/sc\/?page_id=51"]}]},{"@type":"ImageObject","inLanguage":"de","@id":"https:\/\/spielgruppe-chnopf.ch\/sc\/?page_id=51#primaryimage","url":"http:\/\/spielgruppe-chnopf.ch\/sc\/wp-content\/uploads\/2018\/04\/Fotobalken-Aktuell.png","contentUrl":"http:\/\/spielgruppe-chnopf.ch\/sc\/wp-content\/uploads\/2018\/04\/Fotobalken-Aktuell.png"},{"@type":"BreadcrumbList","@id":"https:\/\/spielgruppe-chnopf.ch\/sc\/?page_id=51#breadcrumb","itemListElement":[{"@type":"ListItem","position":1,"name":"Startseite","item":"https:\/\/spielgruppe-chnopf.ch\/sc\/"},{"@type":"ListItem","position":2,"name":"Anl\u00e4sse"}]},{"@type":"WebSite","@id":"https:\/\/spielgruppe-chnopf.ch\/sc\/#website","url":"https:\/\/spielgruppe-chnopf.ch\/sc\/","name":"Spielgruppe Chnopf - Pf\u00e4ffikon ZH","description":"Pf\u00e4ffikon ZH","publisher":{"@id":"https:\/\/spielgruppe-chnopf.ch\/sc\/#organization"},"potentialAction":[{"@type":"SearchAction","target":{"@type":"EntryPoint","urlTemplate":"https:\/\/spielgruppe-chnopf.ch\/sc\/?s={search_term_string}"},"query-input":{"@type":"PropertyValueSpecification","valueRequired":true,"valueName":"search_term_string"}}],"inLanguage":"de"},{"@type":"Organization","@id":"https:\/\/spielgruppe-chnopf.ch\/sc\/#organization","name":"Spielgruppe Chnopf","url":"https:\/\/spielgruppe-chnopf.ch\/sc\/","logo":{"@type":"ImageObject","inLanguage":"de","@id":"https:\/\/spielgruppe-chnopf.ch\/sc\/#\/schema\/logo\/image\/","url":"https:\/\/spielgruppe-chnopf.ch\/sc\/wp-content\/uploads\/2018\/03\/neues-Chnopf-Logo-bunt-Chalkboard-3D-zugeschnitten.png","contentUrl":"https:\/\/spielgruppe-chnopf.ch\/sc\/wp-content\/uploads\/2018\/03\/neues-Chnopf-Logo-bunt-Chalkboard-3D-zugeschnitten.png","width":640,"height":328,"caption":"Spielgruppe Chnopf"},"image":{"@id":"https:\/\/spielgruppe-chnopf.ch\/sc\/#\/schema\/logo\/image\/"},"sameAs":["https:\/\/www.facebook.com\/SpielgruppeChnopf\/"]}]}},"_links":{"self":[{"href":"https:\/\/spielgruppe-chnopf.ch\/sc\/index.php?rest_route=\/wp\/v2\/pages\/51","targetHints":{"allow":["GET"]}}],"collection":[{"href":"https:\/\/spielgruppe-chnopf.ch\/sc\/index.php?rest_route=\/wp\/v2\/pages"}],"about":[{"href":"https:\/\/spielgruppe-chnopf.ch\/sc\/index.php?rest_route=\/wp\/v2\/types\/page"}],"author":[{"embeddable":true,"href":"https:\/\/spielgruppe-chnopf.ch\/sc\/index.php?rest_route=\/wp\/v2\/users\/2"}],"replies":[{"embeddable":true,"href":"https:\/\/spielgruppe-chnopf.ch\/sc\/index.php?rest_route=%2Fwp%2Fv2%2Fcomments&post=51"}],"version-history":[{"count":60,"href":"https:\/\/spielgruppe-chnopf.ch\/sc\/index.php?rest_route=\/wp\/v2\/pages\/51\/revisions"}],"predecessor-version":[{"id":3057,"href":"https:\/\/spielgruppe-chnopf.ch\/sc\/index.php?rest_route=\/wp\/v2\/pages\/51\/revisions\/3057"}],"wp:attachment":[{"href":"https:\/\/spielgruppe-chnopf.ch\/sc\/index.php?rest_route=%2Fwp%2Fv2%2Fmedia&parent=51"}],"curies":[{"name":"wp","href":"https:\/\/api.w.org\/{rel}","templated":true}]}}