{"id":64,"date":"2018-01-10T19:01:01","date_gmt":"2018-01-10T19:01:01","guid":{"rendered":"http:\/\/spielgruppe-chnopf.ch\/sc\/?page_id=64"},"modified":"2023-06-18T14:25:37","modified_gmt":"2023-06-18T14:25:37","slug":"raeumlichkeiten","status":"publish","type":"page","link":"https:\/\/spielgruppe-chnopf.ch\/sc\/?page_id=64","title":{"rendered":"R\u00e4umlichkeiten"},"content":{"rendered":"\n<p><\/p>\n\n\n<p><img loading=\"lazy\" decoding=\"async\" class=\"alignnone wp-image-477 size-full\" src=\"http:\/\/spielgruppe-chnopf.ch\/sc\/wp-content\/uploads\/2018\/05\/Fotobalken-Angebot-Raeumlichkeiten.png\" alt=\"\" width=\"1889\" height=\"484\" srcset=\"https:\/\/spielgruppe-chnopf.ch\/sc\/wp-content\/uploads\/2018\/05\/Fotobalken-Angebot-Raeumlichkeiten.png 1889w, https:\/\/spielgruppe-chnopf.ch\/sc\/wp-content\/uploads\/2018\/05\/Fotobalken-Angebot-Raeumlichkeiten-300x77.png 300w, https:\/\/spielgruppe-chnopf.ch\/sc\/wp-content\/uploads\/2018\/05\/Fotobalken-Angebot-Raeumlichkeiten-768x197.png 768w, https:\/\/spielgruppe-chnopf.ch\/sc\/wp-content\/uploads\/2018\/05\/Fotobalken-Angebot-Raeumlichkeiten-1024x262.png 1024w, https:\/\/spielgruppe-chnopf.ch\/sc\/wp-content\/uploads\/2018\/05\/Fotobalken-Angebot-Raeumlichkeiten-400x102.png 400w\" sizes=\"auto, (max-width: 1889px) 100vw, 1889px\" \/><\/p>\n<h6><strong>Wo wir zu Hause sind<\/strong><\/h6>\n<p>Unser Spielgruppenhaus befindet sich an der Wallikerstrasse 10, im selben Geb\u00e4ude wie die Kinderarztpraxis.<\/p>\n<p><img loading=\"lazy\" decoding=\"async\" class=\"alignnone size-medium wp-image-565\" src=\"http:\/\/spielgruppe-chnopf.ch\/sc\/wp-content\/uploads\/2018\/07\/Haus-Spielgruppe-Chnopf-300x200.jpg\" alt=\"\" width=\"300\" height=\"200\" srcset=\"https:\/\/spielgruppe-chnopf.ch\/sc\/wp-content\/uploads\/2018\/07\/Haus-Spielgruppe-Chnopf-300x200.jpg 300w, https:\/\/spielgruppe-chnopf.ch\/sc\/wp-content\/uploads\/2018\/07\/Haus-Spielgruppe-Chnopf-768x512.jpg 768w, https:\/\/spielgruppe-chnopf.ch\/sc\/wp-content\/uploads\/2018\/07\/Haus-Spielgruppe-Chnopf-1024x683.jpg 1024w, https:\/\/spielgruppe-chnopf.ch\/sc\/wp-content\/uploads\/2018\/07\/Haus-Spielgruppe-Chnopf-400x267.jpg 400w\" sizes=\"auto, (max-width: 300px) 100vw, 300px\" \/><\/p>\n<h6><strong>Spielen drinnen und draussen<\/strong><\/h6>\n<p>Neben zwei heimeligen R\u00e4umen steht uns ein grosser Garten zur Verf\u00fcgung, welcher bei sch\u00f6nem Wetter zum Austoben und Spielen im Freien einl\u00e4dt.<\/p>\n<p><strong>Das grosse Spielzimmer<\/strong><\/p>\n<p><img loading=\"lazy\" decoding=\"async\" class=\"size-medium wp-image-2217 alignnone\" src=\"http:\/\/spielgruppe-chnopf.ch\/sc\/wp-content\/uploads\/2022\/07\/Foto-Innen-2022-2-300x225.png\" alt=\"\" width=\"300\" height=\"225\" srcset=\"https:\/\/spielgruppe-chnopf.ch\/sc\/wp-content\/uploads\/2022\/07\/Foto-Innen-2022-2-300x225.png 300w, https:\/\/spielgruppe-chnopf.ch\/sc\/wp-content\/uploads\/2022\/07\/Foto-Innen-2022-2-1024x768.png 1024w, https:\/\/spielgruppe-chnopf.ch\/sc\/wp-content\/uploads\/2022\/07\/Foto-Innen-2022-2-768x576.png 768w, https:\/\/spielgruppe-chnopf.ch\/sc\/wp-content\/uploads\/2022\/07\/Foto-Innen-2022-2-1536x1152.png 1536w, https:\/\/spielgruppe-chnopf.ch\/sc\/wp-content\/uploads\/2022\/07\/Foto-Innen-2022-2-400x300.png 400w, https:\/\/spielgruppe-chnopf.ch\/sc\/wp-content\/uploads\/2022\/07\/Foto-Innen-2022-2.png 2017w\" sizes=\"auto, (max-width: 300px) 100vw, 300px\" \/><\/p>\n<p><strong>Das Spiel-, Bastel und Zn\u00fcnizimmer<\/strong><\/p>\n<p><img loading=\"lazy\" decoding=\"async\" class=\"size-medium wp-image-563 alignnone\" src=\"http:\/\/spielgruppe-chnopf.ch\/sc\/wp-content\/uploads\/2018\/07\/Spielgruppe-Raum-2-Bastelzimmer-300x225.jpg\" alt=\"\" width=\"300\" height=\"225\" srcset=\"https:\/\/spielgruppe-chnopf.ch\/sc\/wp-content\/uploads\/2018\/07\/Spielgruppe-Raum-2-Bastelzimmer-300x225.jpg 300w, https:\/\/spielgruppe-chnopf.ch\/sc\/wp-content\/uploads\/2018\/07\/Spielgruppe-Raum-2-Bastelzimmer-768x576.jpg 768w, https:\/\/spielgruppe-chnopf.ch\/sc\/wp-content\/uploads\/2018\/07\/Spielgruppe-Raum-2-Bastelzimmer.jpg 1024w, https:\/\/spielgruppe-chnopf.ch\/sc\/wp-content\/uploads\/2018\/07\/Spielgruppe-Raum-2-Bastelzimmer-400x300.jpg 400w\" sizes=\"auto, (max-width: 300px) 100vw, 300px\" \/><\/p>\n<p><strong>Der grosse Garten mit Spielplatz<\/strong><\/p>\n<p><img loading=\"lazy\" decoding=\"async\" class=\"size-medium wp-image-2220 alignnone\" src=\"http:\/\/spielgruppe-chnopf.ch\/sc\/wp-content\/uploads\/2022\/07\/IMG_2729-300x225.jpg\" alt=\"\" width=\"300\" height=\"225\" srcset=\"https:\/\/spielgruppe-chnopf.ch\/sc\/wp-content\/uploads\/2022\/07\/IMG_2729-300x225.jpg 300w, https:\/\/spielgruppe-chnopf.ch\/sc\/wp-content\/uploads\/2022\/07\/IMG_2729-1024x768.jpg 1024w, https:\/\/spielgruppe-chnopf.ch\/sc\/wp-content\/uploads\/2022\/07\/IMG_2729-768x576.jpg 768w, https:\/\/spielgruppe-chnopf.ch\/sc\/wp-content\/uploads\/2022\/07\/IMG_2729-1536x1152.jpg 1536w, https:\/\/spielgruppe-chnopf.ch\/sc\/wp-content\/uploads\/2022\/07\/IMG_2729-2048x1536.jpg 2048w, https:\/\/spielgruppe-chnopf.ch\/sc\/wp-content\/uploads\/2022\/07\/IMG_2729-400x300.jpg 400w\" sizes=\"auto, (max-width: 300px) 100vw, 300px\" \/><\/p>","protected":false},"excerpt":{"rendered":"<p>Wo wir zu Hause sind Unser Spielgruppenhaus befindet sich an der Wallikerstrasse 10, im selben Geb\u00e4ude wie die Kinderarztpraxis. Spielen drinnen und draussen Neben zwei heimeligen R\u00e4umen steht uns ein grosser Garten zur Verf\u00fcgung, welcher bei sch\u00f6nem Wetter zum Austoben <a class=\"more-link\" href=\"https:\/\/spielgruppe-chnopf.ch\/sc\/?page_id=64\">weiterlesen&#8230;<\/a><\/p>\n","protected":false},"author":2,"featured_media":0,"parent":24,"menu_order":0,"comment_status":"closed","ping_status":"closed","template":"","meta":{"footnotes":""},"class_list":["post-64","page","type-page","status-publish","hentry"],"yoast_head":"<!-- This site is optimized with the Yoast SEO plugin v27.3 - https:\/\/yoast.com\/product\/yoast-seo-wordpress\/ -->\n<title>R\u00e4umlichkeiten - Spielgruppe Chnopf<\/title>\n<meta name=\"robots\" content=\"index, follow, max-snippet:-1, max-image-preview:large, max-video-preview:-1\" \/>\n<link rel=\"canonical\" href=\"https:\/\/spielgruppe-chnopf.ch\/sc\/?page_id=64\" \/>\n<meta property=\"og:locale\" content=\"de_DE\" \/>\n<meta property=\"og:type\" content=\"article\" \/>\n<meta property=\"og:title\" content=\"R\u00e4umlichkeiten - Spielgruppe Chnopf\" \/>\n<meta property=\"og:description\" content=\"Wo wir zu Hause sind Unser Spielgruppenhaus befindet sich an der Wallikerstrasse 10, im selben Geb\u00e4ude wie die Kinderarztpraxis. Spielen drinnen und draussen Neben zwei heimeligen R\u00e4umen steht uns ein grosser Garten zur Verf\u00fcgung, welcher bei sch\u00f6nem Wetter zum Austoben weiterlesen...\" \/>\n<meta property=\"og:url\" content=\"https:\/\/spielgruppe-chnopf.ch\/sc\/?page_id=64\" \/>\n<meta property=\"og:site_name\" content=\"Spielgruppe Chnopf\" \/>\n<meta property=\"article:publisher\" content=\"https:\/\/www.facebook.com\/SpielgruppeChnopf\/\" \/>\n<meta property=\"article:modified_time\" content=\"2023-06-18T14:25:37+00:00\" \/>\n<meta property=\"og:image\" content=\"http:\/\/spielgruppe-chnopf.ch\/sc\/wp-content\/uploads\/2018\/05\/Fotobalken-Angebot-Raeumlichkeiten.png\" \/>\n<meta name=\"twitter:card\" content=\"summary_large_image\" \/>\n<meta name=\"twitter:label1\" content=\"Gesch\u00e4tzte Lesezeit\" \/>\n\t<meta name=\"twitter:data1\" content=\"2\u00a0Minuten\" \/>\n<script type=\"application\/ld+json\" class=\"yoast-schema-graph\">{\"@context\":\"https:\\\/\\\/schema.org\",\"@graph\":[{\"@type\":\"WebPage\",\"@id\":\"https:\\\/\\\/spielgruppe-chnopf.ch\\\/sc\\\/?page_id=64\",\"url\":\"https:\\\/\\\/spielgruppe-chnopf.ch\\\/sc\\\/?page_id=64\",\"name\":\"R\u00e4umlichkeiten - Spielgruppe Chnopf\",\"isPartOf\":{\"@id\":\"https:\\\/\\\/spielgruppe-chnopf.ch\\\/sc\\\/#website\"},\"primaryImageOfPage\":{\"@id\":\"https:\\\/\\\/spielgruppe-chnopf.ch\\\/sc\\\/?page_id=64#primaryimage\"},\"image\":{\"@id\":\"https:\\\/\\\/spielgruppe-chnopf.ch\\\/sc\\\/?page_id=64#primaryimage\"},\"thumbnailUrl\":\"http:\\\/\\\/spielgruppe-chnopf.ch\\\/sc\\\/wp-content\\\/uploads\\\/2018\\\/05\\\/Fotobalken-Angebot-Raeumlichkeiten.png\",\"datePublished\":\"2018-01-10T19:01:01+00:00\",\"dateModified\":\"2023-06-18T14:25:37+00:00\",\"breadcrumb\":{\"@id\":\"https:\\\/\\\/spielgruppe-chnopf.ch\\\/sc\\\/?page_id=64#breadcrumb\"},\"inLanguage\":\"de\",\"potentialAction\":[{\"@type\":\"ReadAction\",\"target\":[\"https:\\\/\\\/spielgruppe-chnopf.ch\\\/sc\\\/?page_id=64\"]}]},{\"@type\":\"ImageObject\",\"inLanguage\":\"de\",\"@id\":\"https:\\\/\\\/spielgruppe-chnopf.ch\\\/sc\\\/?page_id=64#primaryimage\",\"url\":\"https:\\\/\\\/spielgruppe-chnopf.ch\\\/sc\\\/wp-content\\\/uploads\\\/2018\\\/05\\\/Fotobalken-Angebot-Raeumlichkeiten.png\",\"contentUrl\":\"https:\\\/\\\/spielgruppe-chnopf.ch\\\/sc\\\/wp-content\\\/uploads\\\/2018\\\/05\\\/Fotobalken-Angebot-Raeumlichkeiten.png\",\"width\":1889,\"height\":484},{\"@type\":\"BreadcrumbList\",\"@id\":\"https:\\\/\\\/spielgruppe-chnopf.ch\\\/sc\\\/?page_id=64#breadcrumb\",\"itemListElement\":[{\"@type\":\"ListItem\",\"position\":1,\"name\":\"Startseite\",\"item\":\"https:\\\/\\\/spielgruppe-chnopf.ch\\\/sc\\\/\"},{\"@type\":\"ListItem\",\"position\":2,\"name\":\"Angebot\",\"item\":\"https:\\\/\\\/spielgruppe-chnopf.ch\\\/sc\\\/?page_id=24\"},{\"@type\":\"ListItem\",\"position\":3,\"name\":\"R\u00e4umlichkeiten\"}]},{\"@type\":\"WebSite\",\"@id\":\"https:\\\/\\\/spielgruppe-chnopf.ch\\\/sc\\\/#website\",\"url\":\"https:\\\/\\\/spielgruppe-chnopf.ch\\\/sc\\\/\",\"name\":\"Spielgruppe Chnopf - Pf\u00e4ffikon ZH\",\"description\":\"Pf\u00e4ffikon ZH\",\"publisher\":{\"@id\":\"https:\\\/\\\/spielgruppe-chnopf.ch\\\/sc\\\/#organization\"},\"potentialAction\":[{\"@type\":\"SearchAction\",\"target\":{\"@type\":\"EntryPoint\",\"urlTemplate\":\"https:\\\/\\\/spielgruppe-chnopf.ch\\\/sc\\\/?s={search_term_string}\"},\"query-input\":{\"@type\":\"PropertyValueSpecification\",\"valueRequired\":true,\"valueName\":\"search_term_string\"}}],\"inLanguage\":\"de\"},{\"@type\":\"Organization\",\"@id\":\"https:\\\/\\\/spielgruppe-chnopf.ch\\\/sc\\\/#organization\",\"name\":\"Spielgruppe Chnopf\",\"url\":\"https:\\\/\\\/spielgruppe-chnopf.ch\\\/sc\\\/\",\"logo\":{\"@type\":\"ImageObject\",\"inLanguage\":\"de\",\"@id\":\"https:\\\/\\\/spielgruppe-chnopf.ch\\\/sc\\\/#\\\/schema\\\/logo\\\/image\\\/\",\"url\":\"https:\\\/\\\/spielgruppe-chnopf.ch\\\/sc\\\/wp-content\\\/uploads\\\/2018\\\/03\\\/neues-Chnopf-Logo-bunt-Chalkboard-3D-zugeschnitten.png\",\"contentUrl\":\"https:\\\/\\\/spielgruppe-chnopf.ch\\\/sc\\\/wp-content\\\/uploads\\\/2018\\\/03\\\/neues-Chnopf-Logo-bunt-Chalkboard-3D-zugeschnitten.png\",\"width\":640,\"height\":328,\"caption\":\"Spielgruppe Chnopf\"},\"image\":{\"@id\":\"https:\\\/\\\/spielgruppe-chnopf.ch\\\/sc\\\/#\\\/schema\\\/logo\\\/image\\\/\"},\"sameAs\":[\"https:\\\/\\\/www.facebook.com\\\/SpielgruppeChnopf\\\/\"]}]}<\/script>\n<!-- \/ Yoast SEO plugin. -->","yoast_head_json":{"title":"R\u00e4umlichkeiten - Spielgruppe Chnopf","robots":{"index":"index","follow":"follow","max-snippet":"max-snippet:-1","max-image-preview":"max-image-preview:large","max-video-preview":"max-video-preview:-1"},"canonical":"https:\/\/spielgruppe-chnopf.ch\/sc\/?page_id=64","og_locale":"de_DE","og_type":"article","og_title":"R\u00e4umlichkeiten - Spielgruppe Chnopf","og_description":"Wo wir zu Hause sind Unser Spielgruppenhaus befindet sich an der Wallikerstrasse 10, im selben Geb\u00e4ude wie die Kinderarztpraxis. Spielen drinnen und draussen Neben zwei heimeligen R\u00e4umen steht uns ein grosser Garten zur Verf\u00fcgung, welcher bei sch\u00f6nem Wetter zum Austoben weiterlesen...","og_url":"https:\/\/spielgruppe-chnopf.ch\/sc\/?page_id=64","og_site_name":"Spielgruppe Chnopf","article_publisher":"https:\/\/www.facebook.com\/SpielgruppeChnopf\/","article_modified_time":"2023-06-18T14:25:37+00:00","og_image":[{"url":"http:\/\/spielgruppe-chnopf.ch\/sc\/wp-content\/uploads\/2018\/05\/Fotobalken-Angebot-Raeumlichkeiten.png","type":"","width":"","height":""}],"twitter_card":"summary_large_image","twitter_misc":{"Gesch\u00e4tzte Lesezeit":"2\u00a0Minuten"},"schema":{"@context":"https:\/\/schema.org","@graph":[{"@type":"WebPage","@id":"https:\/\/spielgruppe-chnopf.ch\/sc\/?page_id=64","url":"https:\/\/spielgruppe-chnopf.ch\/sc\/?page_id=64","name":"R\u00e4umlichkeiten - Spielgruppe Chnopf","isPartOf":{"@id":"https:\/\/spielgruppe-chnopf.ch\/sc\/#website"},"primaryImageOfPage":{"@id":"https:\/\/spielgruppe-chnopf.ch\/sc\/?page_id=64#primaryimage"},"image":{"@id":"https:\/\/spielgruppe-chnopf.ch\/sc\/?page_id=64#primaryimage"},"thumbnailUrl":"http:\/\/spielgruppe-chnopf.ch\/sc\/wp-content\/uploads\/2018\/05\/Fotobalken-Angebot-Raeumlichkeiten.png","datePublished":"2018-01-10T19:01:01+00:00","dateModified":"2023-06-18T14:25:37+00:00","breadcrumb":{"@id":"https:\/\/spielgruppe-chnopf.ch\/sc\/?page_id=64#breadcrumb"},"inLanguage":"de","potentialAction":[{"@type":"ReadAction","target":["https:\/\/spielgruppe-chnopf.ch\/sc\/?page_id=64"]}]},{"@type":"ImageObject","inLanguage":"de","@id":"https:\/\/spielgruppe-chnopf.ch\/sc\/?page_id=64#primaryimage","url":"https:\/\/spielgruppe-chnopf.ch\/sc\/wp-content\/uploads\/2018\/05\/Fotobalken-Angebot-Raeumlichkeiten.png","contentUrl":"https:\/\/spielgruppe-chnopf.ch\/sc\/wp-content\/uploads\/2018\/05\/Fotobalken-Angebot-Raeumlichkeiten.png","width":1889,"height":484},{"@type":"BreadcrumbList","@id":"https:\/\/spielgruppe-chnopf.ch\/sc\/?page_id=64#breadcrumb","itemListElement":[{"@type":"ListItem","position":1,"name":"Startseite","item":"https:\/\/spielgruppe-chnopf.ch\/sc\/"},{"@type":"ListItem","position":2,"name":"Angebot","item":"https:\/\/spielgruppe-chnopf.ch\/sc\/?page_id=24"},{"@type":"ListItem","position":3,"name":"R\u00e4umlichkeiten"}]},{"@type":"WebSite","@id":"https:\/\/spielgruppe-chnopf.ch\/sc\/#website","url":"https:\/\/spielgruppe-chnopf.ch\/sc\/","name":"Spielgruppe Chnopf - Pf\u00e4ffikon ZH","description":"Pf\u00e4ffikon ZH","publisher":{"@id":"https:\/\/spielgruppe-chnopf.ch\/sc\/#organization"},"potentialAction":[{"@type":"SearchAction","target":{"@type":"EntryPoint","urlTemplate":"https:\/\/spielgruppe-chnopf.ch\/sc\/?s={search_term_string}"},"query-input":{"@type":"PropertyValueSpecification","valueRequired":true,"valueName":"search_term_string"}}],"inLanguage":"de"},{"@type":"Organization","@id":"https:\/\/spielgruppe-chnopf.ch\/sc\/#organization","name":"Spielgruppe Chnopf","url":"https:\/\/spielgruppe-chnopf.ch\/sc\/","logo":{"@type":"ImageObject","inLanguage":"de","@id":"https:\/\/spielgruppe-chnopf.ch\/sc\/#\/schema\/logo\/image\/","url":"https:\/\/spielgruppe-chnopf.ch\/sc\/wp-content\/uploads\/2018\/03\/neues-Chnopf-Logo-bunt-Chalkboard-3D-zugeschnitten.png","contentUrl":"https:\/\/spielgruppe-chnopf.ch\/sc\/wp-content\/uploads\/2018\/03\/neues-Chnopf-Logo-bunt-Chalkboard-3D-zugeschnitten.png","width":640,"height":328,"caption":"Spielgruppe Chnopf"},"image":{"@id":"https:\/\/spielgruppe-chnopf.ch\/sc\/#\/schema\/logo\/image\/"},"sameAs":["https:\/\/www.facebook.com\/SpielgruppeChnopf\/"]}]}},"_links":{"self":[{"href":"https:\/\/spielgruppe-chnopf.ch\/sc\/index.php?rest_route=\/wp\/v2\/pages\/64","targetHints":{"allow":["GET"]}}],"collection":[{"href":"https:\/\/spielgruppe-chnopf.ch\/sc\/index.php?rest_route=\/wp\/v2\/pages"}],"about":[{"href":"https:\/\/spielgruppe-chnopf.ch\/sc\/index.php?rest_route=\/wp\/v2\/types\/page"}],"author":[{"embeddable":true,"href":"https:\/\/spielgruppe-chnopf.ch\/sc\/index.php?rest_route=\/wp\/v2\/users\/2"}],"replies":[{"embeddable":true,"href":"https:\/\/spielgruppe-chnopf.ch\/sc\/index.php?rest_route=%2Fwp%2Fv2%2Fcomments&post=64"}],"version-history":[{"count":34,"href":"https:\/\/spielgruppe-chnopf.ch\/sc\/index.php?rest_route=\/wp\/v2\/pages\/64\/revisions"}],"predecessor-version":[{"id":2571,"href":"https:\/\/spielgruppe-chnopf.ch\/sc\/index.php?rest_route=\/wp\/v2\/pages\/64\/revisions\/2571"}],"up":[{"embeddable":true,"href":"https:\/\/spielgruppe-chnopf.ch\/sc\/index.php?rest_route=\/wp\/v2\/pages\/24"}],"wp:attachment":[{"href":"https:\/\/spielgruppe-chnopf.ch\/sc\/index.php?rest_route=%2Fwp%2Fv2%2Fmedia&parent=64"}],"curies":[{"name":"wp","href":"https:\/\/api.w.org\/{rel}","templated":true}]}}