{"id":69,"date":"2018-01-12T13:11:46","date_gmt":"2018-01-12T13:11:46","guid":{"rendered":"http:\/\/spielgruppe-chnopf.ch\/sc\/?page_id=69"},"modified":"2024-08-15T10:42:35","modified_gmt":"2024-08-15T10:42:35","slug":"preise","status":"publish","type":"page","link":"https:\/\/spielgruppe-chnopf.ch\/sc\/?page_id=69","title":{"rendered":"Preise"},"content":{"rendered":"<p><img loading=\"lazy\" decoding=\"async\" class=\"alignnone wp-image-346\" src=\"http:\/\/spielgruppe-chnopf.ch\/sc\/wp-content\/uploads\/2018\/04\/Fotobalken-Preise.png\" alt=\"\" width=\"1889\" height=\"481\" srcset=\"https:\/\/spielgruppe-chnopf.ch\/sc\/wp-content\/uploads\/2018\/04\/Fotobalken-Preise.png 640w, https:\/\/spielgruppe-chnopf.ch\/sc\/wp-content\/uploads\/2018\/04\/Fotobalken-Preise-300x76.png 300w, https:\/\/spielgruppe-chnopf.ch\/sc\/wp-content\/uploads\/2018\/04\/Fotobalken-Preise-400x102.png 400w\" sizes=\"auto, (max-width: 1889px) 100vw, 1889px\" \/><\/p>\n<h6><strong>Preise<\/strong><\/h6>\n<p><strong>Innenspielgruppe (1x pro Woche)<\/strong><br \/>CHF 300.-\/Quartal<\/p>\n<p><strong>Waldspielgruppe (1x pro Woche)<\/strong><br \/>CHF 300.-\/Quartal<\/p>\n<div><strong>Wichtig:<\/strong><\/div>\n<div><strong>Die Beitr\u00e4ge werden pro Jahr berechnet und sind in vier Raten jeweils im Voraus zahlbar und zuz\u00fcglich einer einmaligen Einschreibegeb\u00fchr von CHF 40.-<\/strong><\/div>\n<div>\u00a0<\/div>\n<div>Preise per Dezember <span style=\"font-size: inherit;\">2023<br \/><\/span><span style=\"font-size: inherit;\">Preis\u00e4nderungen bleiben vorbehalten<\/span><\/div>\n<div>\u00a0<\/div>\n<div>Die Spielgruppe soll allen Kindern offenstehen. Die Gemeinde Pf\u00e4ffikon hat die M\u00f6glichkeit, finanzielle Unterst\u00fctzung zu Gunsten von Kindern und Jugendlichen auszusprechen, wenn diese aus Familien mit bescheidenen Mitteln kommen.<br \/>Mehr Infos und den Link zum Antrag finden Sie <a href=\"https:\/\/www.pfaeffikon.ch\/dienste\/jugend\/beitraege-kinder-und-jugendfoerderung-stipendien\/\" target=\"_blank\" rel=\"noopener\">hier<\/a>.<\/div>\n\n\n<p><\/p>\n","protected":false},"excerpt":{"rendered":"<p>Preise Innenspielgruppe (1x pro Woche)CHF 300.-\/Quartal Waldspielgruppe (1x pro Woche)CHF 300.-\/Quartal Wichtig: Die Beitr\u00e4ge werden pro Jahr berechnet und sind in vier Raten jeweils im Voraus zahlbar und zuz\u00fcglich einer einmaligen Einschreibegeb\u00fchr von CHF 40.- \u00a0 Preise per Dezember 2023Preis\u00e4nderungen <a class=\"more-link\" href=\"https:\/\/spielgruppe-chnopf.ch\/sc\/?page_id=69\">weiterlesen&#8230;<\/a><\/p>\n","protected":false},"author":2,"featured_media":0,"parent":0,"menu_order":0,"comment_status":"closed","ping_status":"closed","template":"","meta":{"footnotes":""},"class_list":["post-69","page","type-page","status-publish","hentry"],"yoast_head":"<!-- This site is optimized with the Yoast SEO plugin v27.3 - https:\/\/yoast.com\/product\/yoast-seo-wordpress\/ -->\n<title>Preise - Spielgruppe Chnopf<\/title>\n<meta name=\"robots\" content=\"index, follow, max-snippet:-1, max-image-preview:large, max-video-preview:-1\" \/>\n<link rel=\"canonical\" href=\"https:\/\/spielgruppe-chnopf.ch\/sc\/?page_id=69\" \/>\n<meta property=\"og:locale\" content=\"de_DE\" \/>\n<meta property=\"og:type\" content=\"article\" \/>\n<meta property=\"og:title\" content=\"Preise - Spielgruppe Chnopf\" \/>\n<meta property=\"og:description\" content=\"Preise Innenspielgruppe (1x pro Woche)CHF 300.-\/Quartal Waldspielgruppe (1x pro Woche)CHF 300.-\/Quartal Wichtig: Die Beitr\u00e4ge werden pro Jahr berechnet und sind in vier Raten jeweils im Voraus zahlbar und zuz\u00fcglich einer einmaligen Einschreibegeb\u00fchr von CHF 40.- \u00a0 Preise per Dezember 2023Preis\u00e4nderungen weiterlesen...\" \/>\n<meta property=\"og:url\" content=\"https:\/\/spielgruppe-chnopf.ch\/sc\/?page_id=69\" \/>\n<meta property=\"og:site_name\" content=\"Spielgruppe Chnopf\" \/>\n<meta property=\"article:publisher\" content=\"https:\/\/www.facebook.com\/SpielgruppeChnopf\/\" \/>\n<meta property=\"article:modified_time\" content=\"2024-08-15T10:42:35+00:00\" \/>\n<meta property=\"og:image\" content=\"http:\/\/spielgruppe-chnopf.ch\/sc\/wp-content\/uploads\/2018\/04\/Fotobalken-Preise.png\" \/>\n<meta name=\"twitter:card\" content=\"summary_large_image\" \/>\n<meta name=\"twitter:label1\" content=\"Gesch\u00e4tzte Lesezeit\" \/>\n\t<meta name=\"twitter:data1\" content=\"1\u00a0Minute\" \/>\n<script type=\"application\/ld+json\" class=\"yoast-schema-graph\">{\"@context\":\"https:\\\/\\\/schema.org\",\"@graph\":[{\"@type\":\"WebPage\",\"@id\":\"https:\\\/\\\/spielgruppe-chnopf.ch\\\/sc\\\/?page_id=69\",\"url\":\"https:\\\/\\\/spielgruppe-chnopf.ch\\\/sc\\\/?page_id=69\",\"name\":\"Preise - Spielgruppe Chnopf\",\"isPartOf\":{\"@id\":\"https:\\\/\\\/spielgruppe-chnopf.ch\\\/sc\\\/#website\"},\"primaryImageOfPage\":{\"@id\":\"https:\\\/\\\/spielgruppe-chnopf.ch\\\/sc\\\/?page_id=69#primaryimage\"},\"image\":{\"@id\":\"https:\\\/\\\/spielgruppe-chnopf.ch\\\/sc\\\/?page_id=69#primaryimage\"},\"thumbnailUrl\":\"http:\\\/\\\/spielgruppe-chnopf.ch\\\/sc\\\/wp-content\\\/uploads\\\/2018\\\/04\\\/Fotobalken-Preise.png\",\"datePublished\":\"2018-01-12T13:11:46+00:00\",\"dateModified\":\"2024-08-15T10:42:35+00:00\",\"breadcrumb\":{\"@id\":\"https:\\\/\\\/spielgruppe-chnopf.ch\\\/sc\\\/?page_id=69#breadcrumb\"},\"inLanguage\":\"de\",\"potentialAction\":[{\"@type\":\"ReadAction\",\"target\":[\"https:\\\/\\\/spielgruppe-chnopf.ch\\\/sc\\\/?page_id=69\"]}]},{\"@type\":\"ImageObject\",\"inLanguage\":\"de\",\"@id\":\"https:\\\/\\\/spielgruppe-chnopf.ch\\\/sc\\\/?page_id=69#primaryimage\",\"url\":\"http:\\\/\\\/spielgruppe-chnopf.ch\\\/sc\\\/wp-content\\\/uploads\\\/2018\\\/04\\\/Fotobalken-Preise.png\",\"contentUrl\":\"http:\\\/\\\/spielgruppe-chnopf.ch\\\/sc\\\/wp-content\\\/uploads\\\/2018\\\/04\\\/Fotobalken-Preise.png\"},{\"@type\":\"BreadcrumbList\",\"@id\":\"https:\\\/\\\/spielgruppe-chnopf.ch\\\/sc\\\/?page_id=69#breadcrumb\",\"itemListElement\":[{\"@type\":\"ListItem\",\"position\":1,\"name\":\"Startseite\",\"item\":\"https:\\\/\\\/spielgruppe-chnopf.ch\\\/sc\\\/\"},{\"@type\":\"ListItem\",\"position\":2,\"name\":\"Preise\"}]},{\"@type\":\"WebSite\",\"@id\":\"https:\\\/\\\/spielgruppe-chnopf.ch\\\/sc\\\/#website\",\"url\":\"https:\\\/\\\/spielgruppe-chnopf.ch\\\/sc\\\/\",\"name\":\"Spielgruppe Chnopf - Pf\u00e4ffikon ZH\",\"description\":\"Pf\u00e4ffikon ZH\",\"publisher\":{\"@id\":\"https:\\\/\\\/spielgruppe-chnopf.ch\\\/sc\\\/#organization\"},\"potentialAction\":[{\"@type\":\"SearchAction\",\"target\":{\"@type\":\"EntryPoint\",\"urlTemplate\":\"https:\\\/\\\/spielgruppe-chnopf.ch\\\/sc\\\/?s={search_term_string}\"},\"query-input\":{\"@type\":\"PropertyValueSpecification\",\"valueRequired\":true,\"valueName\":\"search_term_string\"}}],\"inLanguage\":\"de\"},{\"@type\":\"Organization\",\"@id\":\"https:\\\/\\\/spielgruppe-chnopf.ch\\\/sc\\\/#organization\",\"name\":\"Spielgruppe Chnopf\",\"url\":\"https:\\\/\\\/spielgruppe-chnopf.ch\\\/sc\\\/\",\"logo\":{\"@type\":\"ImageObject\",\"inLanguage\":\"de\",\"@id\":\"https:\\\/\\\/spielgruppe-chnopf.ch\\\/sc\\\/#\\\/schema\\\/logo\\\/image\\\/\",\"url\":\"https:\\\/\\\/spielgruppe-chnopf.ch\\\/sc\\\/wp-content\\\/uploads\\\/2018\\\/03\\\/neues-Chnopf-Logo-bunt-Chalkboard-3D-zugeschnitten.png\",\"contentUrl\":\"https:\\\/\\\/spielgruppe-chnopf.ch\\\/sc\\\/wp-content\\\/uploads\\\/2018\\\/03\\\/neues-Chnopf-Logo-bunt-Chalkboard-3D-zugeschnitten.png\",\"width\":640,\"height\":328,\"caption\":\"Spielgruppe Chnopf\"},\"image\":{\"@id\":\"https:\\\/\\\/spielgruppe-chnopf.ch\\\/sc\\\/#\\\/schema\\\/logo\\\/image\\\/\"},\"sameAs\":[\"https:\\\/\\\/www.facebook.com\\\/SpielgruppeChnopf\\\/\"]}]}<\/script>\n<!-- \/ Yoast SEO plugin. -->","yoast_head_json":{"title":"Preise - Spielgruppe Chnopf","robots":{"index":"index","follow":"follow","max-snippet":"max-snippet:-1","max-image-preview":"max-image-preview:large","max-video-preview":"max-video-preview:-1"},"canonical":"https:\/\/spielgruppe-chnopf.ch\/sc\/?page_id=69","og_locale":"de_DE","og_type":"article","og_title":"Preise - Spielgruppe Chnopf","og_description":"Preise Innenspielgruppe (1x pro Woche)CHF 300.-\/Quartal Waldspielgruppe (1x pro Woche)CHF 300.-\/Quartal Wichtig: Die Beitr\u00e4ge werden pro Jahr berechnet und sind in vier Raten jeweils im Voraus zahlbar und zuz\u00fcglich einer einmaligen Einschreibegeb\u00fchr von CHF 40.- \u00a0 Preise per Dezember 2023Preis\u00e4nderungen weiterlesen...","og_url":"https:\/\/spielgruppe-chnopf.ch\/sc\/?page_id=69","og_site_name":"Spielgruppe Chnopf","article_publisher":"https:\/\/www.facebook.com\/SpielgruppeChnopf\/","article_modified_time":"2024-08-15T10:42:35+00:00","og_image":[{"url":"http:\/\/spielgruppe-chnopf.ch\/sc\/wp-content\/uploads\/2018\/04\/Fotobalken-Preise.png","type":"","width":"","height":""}],"twitter_card":"summary_large_image","twitter_misc":{"Gesch\u00e4tzte Lesezeit":"1\u00a0Minute"},"schema":{"@context":"https:\/\/schema.org","@graph":[{"@type":"WebPage","@id":"https:\/\/spielgruppe-chnopf.ch\/sc\/?page_id=69","url":"https:\/\/spielgruppe-chnopf.ch\/sc\/?page_id=69","name":"Preise - Spielgruppe Chnopf","isPartOf":{"@id":"https:\/\/spielgruppe-chnopf.ch\/sc\/#website"},"primaryImageOfPage":{"@id":"https:\/\/spielgruppe-chnopf.ch\/sc\/?page_id=69#primaryimage"},"image":{"@id":"https:\/\/spielgruppe-chnopf.ch\/sc\/?page_id=69#primaryimage"},"thumbnailUrl":"http:\/\/spielgruppe-chnopf.ch\/sc\/wp-content\/uploads\/2018\/04\/Fotobalken-Preise.png","datePublished":"2018-01-12T13:11:46+00:00","dateModified":"2024-08-15T10:42:35+00:00","breadcrumb":{"@id":"https:\/\/spielgruppe-chnopf.ch\/sc\/?page_id=69#breadcrumb"},"inLanguage":"de","potentialAction":[{"@type":"ReadAction","target":["https:\/\/spielgruppe-chnopf.ch\/sc\/?page_id=69"]}]},{"@type":"ImageObject","inLanguage":"de","@id":"https:\/\/spielgruppe-chnopf.ch\/sc\/?page_id=69#primaryimage","url":"http:\/\/spielgruppe-chnopf.ch\/sc\/wp-content\/uploads\/2018\/04\/Fotobalken-Preise.png","contentUrl":"http:\/\/spielgruppe-chnopf.ch\/sc\/wp-content\/uploads\/2018\/04\/Fotobalken-Preise.png"},{"@type":"BreadcrumbList","@id":"https:\/\/spielgruppe-chnopf.ch\/sc\/?page_id=69#breadcrumb","itemListElement":[{"@type":"ListItem","position":1,"name":"Startseite","item":"https:\/\/spielgruppe-chnopf.ch\/sc\/"},{"@type":"ListItem","position":2,"name":"Preise"}]},{"@type":"WebSite","@id":"https:\/\/spielgruppe-chnopf.ch\/sc\/#website","url":"https:\/\/spielgruppe-chnopf.ch\/sc\/","name":"Spielgruppe Chnopf - Pf\u00e4ffikon ZH","description":"Pf\u00e4ffikon ZH","publisher":{"@id":"https:\/\/spielgruppe-chnopf.ch\/sc\/#organization"},"potentialAction":[{"@type":"SearchAction","target":{"@type":"EntryPoint","urlTemplate":"https:\/\/spielgruppe-chnopf.ch\/sc\/?s={search_term_string}"},"query-input":{"@type":"PropertyValueSpecification","valueRequired":true,"valueName":"search_term_string"}}],"inLanguage":"de"},{"@type":"Organization","@id":"https:\/\/spielgruppe-chnopf.ch\/sc\/#organization","name":"Spielgruppe Chnopf","url":"https:\/\/spielgruppe-chnopf.ch\/sc\/","logo":{"@type":"ImageObject","inLanguage":"de","@id":"https:\/\/spielgruppe-chnopf.ch\/sc\/#\/schema\/logo\/image\/","url":"https:\/\/spielgruppe-chnopf.ch\/sc\/wp-content\/uploads\/2018\/03\/neues-Chnopf-Logo-bunt-Chalkboard-3D-zugeschnitten.png","contentUrl":"https:\/\/spielgruppe-chnopf.ch\/sc\/wp-content\/uploads\/2018\/03\/neues-Chnopf-Logo-bunt-Chalkboard-3D-zugeschnitten.png","width":640,"height":328,"caption":"Spielgruppe Chnopf"},"image":{"@id":"https:\/\/spielgruppe-chnopf.ch\/sc\/#\/schema\/logo\/image\/"},"sameAs":["https:\/\/www.facebook.com\/SpielgruppeChnopf\/"]}]}},"_links":{"self":[{"href":"https:\/\/spielgruppe-chnopf.ch\/sc\/index.php?rest_route=\/wp\/v2\/pages\/69","targetHints":{"allow":["GET"]}}],"collection":[{"href":"https:\/\/spielgruppe-chnopf.ch\/sc\/index.php?rest_route=\/wp\/v2\/pages"}],"about":[{"href":"https:\/\/spielgruppe-chnopf.ch\/sc\/index.php?rest_route=\/wp\/v2\/types\/page"}],"author":[{"embeddable":true,"href":"https:\/\/spielgruppe-chnopf.ch\/sc\/index.php?rest_route=\/wp\/v2\/users\/2"}],"replies":[{"embeddable":true,"href":"https:\/\/spielgruppe-chnopf.ch\/sc\/index.php?rest_route=%2Fwp%2Fv2%2Fcomments&post=69"}],"version-history":[{"count":38,"href":"https:\/\/spielgruppe-chnopf.ch\/sc\/index.php?rest_route=\/wp\/v2\/pages\/69\/revisions"}],"predecessor-version":[{"id":2902,"href":"https:\/\/spielgruppe-chnopf.ch\/sc\/index.php?rest_route=\/wp\/v2\/pages\/69\/revisions\/2902"}],"wp:attachment":[{"href":"https:\/\/spielgruppe-chnopf.ch\/sc\/index.php?rest_route=%2Fwp%2Fv2%2Fmedia&parent=69"}],"curies":[{"name":"wp","href":"https:\/\/api.w.org\/{rel}","templated":true}]}}