{"id":93,"date":"2018-01-20T08:17:54","date_gmt":"2018-01-20T08:17:54","guid":{"rendered":"http:\/\/spielgruppe-chnopf.ch\/sc\/?page_id=93"},"modified":"2025-01-17T13:30:43","modified_gmt":"2025-01-17T13:30:43","slug":"anmeldung","status":"publish","type":"page","link":"https:\/\/spielgruppe-chnopf.ch\/sc\/?page_id=93","title":{"rendered":"Anmeldung"},"content":{"rendered":"<h6><strong>Anmeldung<\/strong><\/h6>\n<p class=\"paragraph_style_2\"><strong>Wir freuen uns, dass Sie sich f\u00fcr die Spielgruppe Chnopf entschieden haben!<\/strong><\/p>\n<p class=\"paragraph_style_2\">Bitte beachten Sie beim Ausf\u00fcllen der Anmeldung folgende Punkte:<\/p>\n<ul>\n<li class=\"paragraph_style_2\"><span class=\"style_2\">Telefon:\u00a0<\/span>Wenn vorhanden Angabe von Festnetz und Natel<\/li>\n<li class=\"paragraph_style_2\">Bemerkungen: W\u00fcnsche zu einem bestimmten Spielgruppentag bzw. zu einer bestimmten Gruppe bitte unter Bemerkungen angeben.<\/li>\n<li class=\"paragraph_style_2\"><span style=\"font-size: inherit;\">Vertragsbedingungen: \u00a0Link zu den\u00a0<\/span><a style=\"font-size: inherit;\" href=\"https:\/\/spielgruppe-chnopf.ch\/sc\/wp-content\/uploads\/2025\/01\/2025-Vertragsbedingungen-Anmeldung-Chnopf-14.01.2025-def.pdf\" target=\"_blank\" rel=\"noopener noreferrer\">Vertragsbedingungen<\/a><\/li>\n<li class=\"paragraph_style_2\"><span style=\"font-size: inherit;\">Bildrechterkl\u00e4rung: \u00a0Link zur\u00a0<\/span><a href=\"https:\/\/spielgruppe-chnopf.ch\/sc\/wp-content\/uploads\/2020\/11\/01_BildrechterklaerungChnopf-2020-11.pdf\" target=\"_blank\" rel=\"noopener noreferrer\">Bildrechterkl\u00e4rung<\/a><\/li>\n<\/ul>\n<div>\n<p><strong>Anmeldung:<\/strong><\/p>\n\n<div class=\"wpcf7 no-js\" id=\"wpcf7-f92-o1\" lang=\"de-DE\" dir=\"ltr\" data-wpcf7-id=\"92\">\n<div class=\"screen-reader-response\"><p role=\"status\" aria-live=\"polite\" aria-atomic=\"true\"><\/p> <ul><\/ul><\/div>\n<form action=\"\/sc\/index.php?rest_route=%2Fwp%2Fv2%2Fpages%2F93#wpcf7-f92-o1\" method=\"post\" class=\"wpcf7-form init\" aria-label=\"Kontaktformular\" novalidate=\"novalidate\" data-status=\"init\">\n<fieldset class=\"hidden-fields-container\"><input type=\"hidden\" name=\"_wpcf7\" value=\"92\" \/><input type=\"hidden\" name=\"_wpcf7_version\" value=\"6.1.5\" \/><input type=\"hidden\" name=\"_wpcf7_locale\" value=\"de_DE\" \/><input type=\"hidden\" name=\"_wpcf7_unit_tag\" value=\"wpcf7-f92-o1\" \/><input type=\"hidden\" name=\"_wpcf7_container_post\" value=\"0\" \/><input type=\"hidden\" name=\"_wpcf7_posted_data_hash\" value=\"\" \/><input type=\"hidden\" name=\"_wpcf7_recaptcha_response\" value=\"\" \/>\n<\/fieldset>\n<p><label> *Pflichtfelder <\/label>\n<\/p>\n<div class=\"reihe\">\n\t<div class=\"spalte-1\">\n\t\t<p><label> Angaben zu Eltern \/ Erziehungsberechtigten* <\/label><br \/>\n<label> Erster Elternteil<br \/>\nAnrede: &nbsp; <span class=\"wpcf7-form-control-wrap\" data-name=\"parent1-salutation\"><select class=\"wpcf7-form-control wpcf7-select wpcf7-validates-as-required\" aria-required=\"true\" aria-invalid=\"false\" name=\"parent1-salutation\"><option value=\"Frau\">Frau<\/option><option value=\"Herr\">Herr<\/option><option value=\"Keine Anrede\">Keine Anrede<\/option><\/select><\/span><br \/>\n<span class=\"wpcf7-form-control-wrap\" data-name=\"parent1-name\"><input size=\"40\" maxlength=\"400\" class=\"wpcf7-form-control wpcf7-text wpcf7-validates-as-required\" aria-required=\"true\" aria-invalid=\"false\" placeholder=\"Vorname \/ Nachname\" value=\"\" type=\"text\" name=\"parent1-name\" \/><\/span><br \/>\n<span class=\"wpcf7-form-control-wrap\" data-name=\"parent1-phone\"><input size=\"40\" maxlength=\"400\" class=\"wpcf7-form-control wpcf7-text wpcf7-validates-as-required\" aria-required=\"true\" aria-invalid=\"false\" placeholder=\"Telefon-Nr.\" value=\"\" type=\"text\" name=\"parent1-phone\" \/><\/span> <\/label>\n\t\t<\/p>\n\t<\/div>\n\t<div class=\"spalte-2\">\n\t\t<p><label \/><br \/>\n<\/label><label> Zweiter Elternteil<br \/>\nAnrede: &nbsp; <span class=\"wpcf7-form-control-wrap\" data-name=\"parent2-salutation\"><select class=\"wpcf7-form-control wpcf7-select\" aria-invalid=\"false\" name=\"parent2-salutation\"><option value=\"Herr\">Herr<\/option><option value=\"Frau\">Frau<\/option><option value=\"Keine Anrede\">Keine Anrede<\/option><\/select><\/span><br \/>\n<span class=\"wpcf7-form-control-wrap\" data-name=\"parent2-name\"><input size=\"40\" maxlength=\"400\" class=\"wpcf7-form-control wpcf7-text\" aria-invalid=\"false\" placeholder=\"Vorname \/ Nachname\" value=\"\" type=\"text\" name=\"parent2-name\" \/><\/span><br \/>\n<span class=\"wpcf7-form-control-wrap\" data-name=\"parent2-phone\"><input size=\"40\" maxlength=\"400\" class=\"wpcf7-form-control wpcf7-text\" aria-invalid=\"false\" placeholder=\"Telefon-Nr.\" value=\"\" type=\"text\" name=\"parent2-phone\" \/><\/span> <\/label>\n\t\t<\/p>\n\t<\/div>\n<\/div>\n<p><label> Kontaktdaten*<br \/>\n<span class=\"wpcf7-form-control-wrap\" data-name=\"parent-street\"><input size=\"40\" maxlength=\"400\" class=\"wpcf7-form-control wpcf7-text wpcf7-validates-as-required\" aria-required=\"true\" aria-invalid=\"false\" placeholder=\"Strasse \/ Nr.\" value=\"\" type=\"text\" name=\"parent-street\" \/><\/span><br \/>\n<span class=\"wpcf7-form-control-wrap\" data-name=\"parent-city\"><input size=\"40\" maxlength=\"400\" class=\"wpcf7-form-control wpcf7-text wpcf7-validates-as-required\" aria-required=\"true\" aria-invalid=\"false\" placeholder=\"PLZ \/ Ort\" value=\"\" type=\"text\" name=\"parent-city\" \/><\/span><br \/>\n<span class=\"wpcf7-form-control-wrap\" data-name=\"parent-email\"><input size=\"40\" maxlength=\"400\" class=\"wpcf7-form-control wpcf7-email wpcf7-validates-as-required wpcf7-text wpcf7-validates-as-email\" aria-required=\"true\" aria-invalid=\"false\" placeholder=\"E-Mail\" value=\"\" type=\"email\" name=\"parent-email\" \/><\/span> <\/label>\n<\/p>\n<div class=\"reihe\">\n\t<div class=\"spalte-1\">\n\t\t<p><label> Angaben zum Kind* <\/label><br \/>\n<span class=\"wpcf7-form-control-wrap\" data-name=\"child-gender\"><span class=\"wpcf7-form-control wpcf7-radio myradio\"><span class=\"wpcf7-list-item first\"><label><input type=\"radio\" name=\"child-gender\" value=\"Junge\" \/><span class=\"wpcf7-list-item-label\">Junge<\/span><\/label><\/span><span class=\"wpcf7-list-item last\"><label><input type=\"radio\" name=\"child-gender\" value=\"M\u00e4dchen\" checked=\"checked\" \/><span class=\"wpcf7-list-item-label\">M\u00e4dchen<\/span><\/label><\/span><\/span><\/span><br \/>\n<span class=\"wpcf7-form-control-wrap\" data-name=\"child-name\"><input size=\"40\" maxlength=\"400\" class=\"wpcf7-form-control wpcf7-text wpcf7-validates-as-required\" aria-required=\"true\" aria-invalid=\"false\" placeholder=\"Vorname \/ Nachname\" value=\"\" type=\"text\" name=\"child-name\" \/><\/span><br \/>\n<span class=\"wpcf7-form-control-wrap\" data-name=\"child-birthdate\"><input size=\"40\" maxlength=\"400\" class=\"wpcf7-form-control wpcf7-text wpcf7-validates-as-required\" aria-required=\"true\" aria-invalid=\"false\" placeholder=\"Geburtsdatum\" value=\"\" type=\"text\" name=\"child-birthdate\" \/><\/span>\n\t\t<\/p>\n\t<\/div>\n\t<div class=\"spalte-2\">\n\t\t<p><label \/><br \/>\nVersteht das Kind Deutsch? <span class=\"wpcf7-form-control-wrap\" data-name=\"child-german\"><select class=\"wpcf7-form-control wpcf7-select wpcf7-validates-as-required\" aria-required=\"true\" aria-invalid=\"false\" name=\"child-german\"><option value=\"Ja\">Ja<\/option><option value=\"Nein\">Nein<\/option><option value=\"Ein wenig\">Ein wenig<\/option><\/select><\/span><br \/>\n<span class=\"wpcf7-form-control-wrap\" data-name=\"child-language\"><input size=\"40\" maxlength=\"400\" class=\"wpcf7-form-control wpcf7-text wpcf7-validates-as-required\" aria-required=\"true\" aria-invalid=\"false\" placeholder=\"Muttersprache\" value=\"\" type=\"text\" name=\"child-language\" \/><\/span> <\/label><br \/>\n<span class=\"wpcf7-form-control-wrap\" data-name=\"child-allergies\"><input size=\"40\" maxlength=\"400\" class=\"wpcf7-form-control wpcf7-text\" aria-invalid=\"false\" placeholder=\"Allergien (optional)\" value=\"\" type=\"text\" name=\"child-allergies\" \/><\/span>\n\t\t<\/p>\n\t<\/div>\n<\/div>\n<div class=\"reihe\">\n\t<div class=\"spalte-1\">\n\t\t<p><label> Spielgruppe* <\/label><br \/>\nInnenspielgruppe: <span class=\"wpcf7-form-control-wrap\" data-name=\"group-inside\"><span class=\"wpcf7-form-control wpcf7-checkbox mycheck\"><span class=\"wpcf7-list-item first\"><label><input type=\"checkbox\" name=\"group-inside[]\" value=\"Montag, 09:00 - 11:30\" \/><span class=\"wpcf7-list-item-label\">Montag, 09:00 - 11:30<\/span><\/label><\/span><span class=\"wpcf7-list-item\"><label><input type=\"checkbox\" name=\"group-inside[]\" value=\"Dienstag, 09:00 - 11:30\" \/><span class=\"wpcf7-list-item-label\">Dienstag, 09:00 - 11:30<\/span><\/label><\/span><span class=\"wpcf7-list-item\"><label><input type=\"checkbox\" name=\"group-inside[]\" value=\"Mittwoch, 09:00 - 11:30\" \/><span class=\"wpcf7-list-item-label\">Mittwoch, 09:00 - 11:30<\/span><\/label><\/span><span class=\"wpcf7-list-item\"><label><input type=\"checkbox\" name=\"group-inside[]\" value=\"Donnerstag, 09:00 - 11:30\" \/><span class=\"wpcf7-list-item-label\">Donnerstag, 09:00 - 11:30<\/span><\/label><\/span><span class=\"wpcf7-list-item last\"><label><input type=\"checkbox\" name=\"group-inside[]\" value=\"Freitag, 09:00 - 11:30\" \/><span class=\"wpcf7-list-item-label\">Freitag, 09:00 - 11:30<\/span><\/label><\/span><\/span><\/span>\n\t\t<\/p>\n\t<\/div>\n\t<div class=\"spalte-2\">\n\t\t<p><label \/><br \/>\nWaldspielgruppe: <span class=\"wpcf7-form-control-wrap\" data-name=\"group-outside\"><span class=\"wpcf7-form-control wpcf7-checkbox mycheck\"><span class=\"wpcf7-list-item first\"><label><input type=\"checkbox\" name=\"group-outside[]\" value=\"Dienstag (Sulzberg), 09:00 - 11:30\" \/><span class=\"wpcf7-list-item-label\">Dienstag (Sulzberg), 09:00 - 11:30<\/span><\/label><\/span><span class=\"wpcf7-list-item last\"><label><input type=\"checkbox\" name=\"group-outside[]\" value=\"Donnerstag (Pfaffberg), 09:00 - 11:30\" \/><span class=\"wpcf7-list-item-label\">Donnerstag (Pfaffberg), 09:00 - 11:30<\/span><\/label><\/span><\/span><\/span><br \/>\n<\/label>\n\t\t<\/p>\n\t<\/div>\n<\/div>\n<p>Anmeldung ab: <span class=\"wpcf7-form-control-wrap\" data-name=\"group-date\"><input size=\"40\" maxlength=\"400\" class=\"wpcf7-form-control wpcf7-text\" aria-invalid=\"false\" value=\"TT.MM.JJJJ\" type=\"text\" name=\"group-date\" \/><\/span>\n<\/p>\n<p><label> Bemerkungen (z.B. Spezielle Gewohnheiten, Logop\u00e4die, Fr\u00fcherziehung)<br \/>\n<span class=\"wpcf7-form-control-wrap\" data-name=\"remarks\"><textarea cols=\"40\" rows=\"10\" maxlength=\"2000\" class=\"wpcf7-form-control wpcf7-textarea\" aria-invalid=\"false\" name=\"remarks\"><\/textarea><\/span> <\/label>\n<\/p>\n<p><label> Wie sind Sie auf uns aufmerksam geworden?<br \/>\n<span class=\"wpcf7-form-control-wrap\" data-name=\"reference\"><select class=\"wpcf7-form-control wpcf7-select\" aria-invalid=\"false\" name=\"reference\"><option value=\"\"><\/option><option value=\"Internet-Suche, Website vom Chnopf\">Internet-Suche, Website vom Chnopf<\/option><option value=\"Geschwister war im Chnopf\">Geschwister war im Chnopf<\/option><option value=\"Inserat oder Bericht in der Pf\u00e4ffikerIn\">Inserat oder Bericht in der Pf\u00e4ffikerIn<\/option><option value=\"Aushang beim Chnopf, Migros, Coop o.a.\">Aushang beim Chnopf, Migros, Coop o.a.<\/option><option value=\"Tag der offenen T\u00fcr\">Tag der offenen T\u00fcr<\/option><option value=\"Fr\u00fchlingsm\u00e4rt, Herbstm\u00e4rt\">Fr\u00fchlingsm\u00e4rt, Herbstm\u00e4rt<\/option><option value=\"Empfehlung durch Bekannte, Freunde, andere Eltern\">Empfehlung durch Bekannte, Freunde, andere Eltern<\/option><option value=\"Empfehlung durch Kinder\u00e4rztin\/-arzt\">Empfehlung durch Kinder\u00e4rztin\/-arzt<\/option><option value=\"Empfehlung durch Gemeinde\">Empfehlung durch Gemeinde<\/option><option value=\"Anderes\">Anderes<\/option><\/select><\/span> <\/label>\n<\/p>\n<p><span id=\"wpcf7-69e4b2c7c4b6b-wrapper\" class=\"wpcf7-form-control-wrap honeypot-870-wrap\" style=\"display:none !important; visibility:hidden !important;\"><label for=\"wpcf7-69e4b2c7c4b6b-field\" class=\"hp-message\">Bitte lasse dieses Feld leer.<\/label><input id=\"wpcf7-69e4b2c7c4b6b-field\"  class=\"wpcf7-form-control wpcf7-text\" type=\"text\" name=\"honeypot-870\" value=\"\" size=\"40\" tabindex=\"-1\" autocomplete=\"new-password\" \/><\/span>\n<\/p>\n<p><label> Rechtliches:<br \/>\n<span class=\"wpcf7-form-control-wrap\" data-name=\"checkbox-629\"><span class=\"wpcf7-form-control wpcf7-checkbox wpcf7-validates-as-required\"><span class=\"wpcf7-list-item first last\"><input type=\"checkbox\" name=\"checkbox-629[]\" value=\"Ich habe die Vertragsbedingungen gelesen und bin damit einverstanden.*\" \/><span class=\"wpcf7-list-item-label\">Ich habe die Vertragsbedingungen gelesen und bin damit einverstanden.*<\/span><\/span><\/span><\/span><br \/>\n<span class=\"wpcf7-form-control-wrap\" data-name=\"checkbox-777\"><span class=\"wpcf7-form-control wpcf7-checkbox wpcf7-validates-as-required\"><span class=\"wpcf7-list-item first last\"><input type=\"checkbox\" name=\"checkbox-777[]\" value=\"Ich habe die Bildrechterkl\u00e4rung gelesen und bin damit einverstanden.*\" \/><span class=\"wpcf7-list-item-label\">Ich habe die Bildrechterkl\u00e4rung gelesen und bin damit einverstanden.*<\/span><\/span><\/span><\/span> <\/label>\n<\/p>\n<p><input class=\"wpcf7-form-control wpcf7-submit has-spinner\" type=\"submit\" value=\"Senden\" \/>\n<\/p><div class=\"wpcf7-response-output\" aria-hidden=\"true\"><\/div>\n<\/form>\n<\/div>\n\n<\/div>\n<div><\/div>\n<div>\n<ul>\n<li><span style=\"font-size: inherit;\">Link zu den\u00a0<\/span><a style=\"font-size: inherit;\" href=\"https:\/\/spielgruppe-chnopf.ch\/sc\/wp-content\/uploads\/2025\/01\/2025-Vertragsbedingungen-Anmeldung-Chnopf-14.01.2025-def.pdf\" target=\"_blank\" rel=\"noopener noreferrer\">Vertragsbedingungen<\/a><\/li>\n<li class=\"paragraph_style_2\"><span style=\"font-size: inherit;\">Link zur\u00a0<\/span><a href=\"https:\/\/spielgruppe-chnopf.ch\/sc\/wp-content\/uploads\/2020\/11\/01_BildrechterklaerungChnopf-2020-11.pdf\" target=\"_blank\" rel=\"noopener noreferrer\">Bildrechterkl\u00e4rung<\/a><\/li>\n<\/ul>\n<\/div>\n<p><strong>BESTEN DANK!<\/strong><\/p>\n","protected":false},"excerpt":{"rendered":"<p>Anmeldung Wir freuen uns, dass Sie sich f\u00fcr die Spielgruppe Chnopf entschieden haben! Bitte beachten Sie beim Ausf\u00fcllen der Anmeldung folgende Punkte: Telefon:\u00a0Wenn vorhanden Angabe von Festnetz und Natel Bemerkungen: W\u00fcnsche zu einem bestimmten Spielgruppentag bzw. zu einer bestimmten Gruppe <a class=\"more-link\" href=\"https:\/\/spielgruppe-chnopf.ch\/sc\/?page_id=93\">weiterlesen&#8230;<\/a><\/p>\n","protected":false},"author":2,"featured_media":0,"parent":0,"menu_order":0,"comment_status":"closed","ping_status":"closed","template":"","meta":{"footnotes":""},"class_list":["post-93","page","type-page","status-publish","hentry"],"yoast_head":"<!-- This site is optimized with the Yoast SEO plugin v27.3 - https:\/\/yoast.com\/product\/yoast-seo-wordpress\/ -->\n<title>Anmeldung - Spielgruppe Chnopf<\/title>\n<meta name=\"robots\" content=\"index, follow, max-snippet:-1, max-image-preview:large, max-video-preview:-1\" \/>\n<link rel=\"canonical\" href=\"https:\/\/spielgruppe-chnopf.ch\/sc\/?page_id=93\" \/>\n<meta property=\"og:locale\" content=\"de_DE\" \/>\n<meta property=\"og:type\" content=\"article\" \/>\n<meta property=\"og:title\" content=\"Anmeldung - Spielgruppe Chnopf\" \/>\n<meta property=\"og:description\" content=\"Anmeldung Wir freuen uns, dass Sie sich f\u00fcr die Spielgruppe Chnopf entschieden haben! Bitte beachten Sie beim Ausf\u00fcllen der Anmeldung folgende Punkte: Telefon:\u00a0Wenn vorhanden Angabe von Festnetz und Natel Bemerkungen: W\u00fcnsche zu einem bestimmten Spielgruppentag bzw. zu einer bestimmten Gruppe weiterlesen...\" \/>\n<meta property=\"og:url\" content=\"https:\/\/spielgruppe-chnopf.ch\/sc\/?page_id=93\" \/>\n<meta property=\"og:site_name\" content=\"Spielgruppe Chnopf\" \/>\n<meta property=\"article:publisher\" content=\"https:\/\/www.facebook.com\/SpielgruppeChnopf\/\" \/>\n<meta property=\"article:modified_time\" content=\"2025-01-17T13:30:43+00:00\" \/>\n<meta name=\"twitter:card\" content=\"summary_large_image\" \/>\n<meta name=\"twitter:label1\" content=\"Gesch\u00e4tzte Lesezeit\" \/>\n\t<meta name=\"twitter:data1\" content=\"1\u00a0Minute\" \/>\n<script type=\"application\/ld+json\" class=\"yoast-schema-graph\">{\"@context\":\"https:\\\/\\\/schema.org\",\"@graph\":[{\"@type\":\"WebPage\",\"@id\":\"https:\\\/\\\/spielgruppe-chnopf.ch\\\/sc\\\/?page_id=93\",\"url\":\"https:\\\/\\\/spielgruppe-chnopf.ch\\\/sc\\\/?page_id=93\",\"name\":\"Anmeldung - Spielgruppe Chnopf\",\"isPartOf\":{\"@id\":\"https:\\\/\\\/spielgruppe-chnopf.ch\\\/sc\\\/#website\"},\"datePublished\":\"2018-01-20T08:17:54+00:00\",\"dateModified\":\"2025-01-17T13:30:43+00:00\",\"breadcrumb\":{\"@id\":\"https:\\\/\\\/spielgruppe-chnopf.ch\\\/sc\\\/?page_id=93#breadcrumb\"},\"inLanguage\":\"de\",\"potentialAction\":[{\"@type\":\"ReadAction\",\"target\":[\"https:\\\/\\\/spielgruppe-chnopf.ch\\\/sc\\\/?page_id=93\"]}]},{\"@type\":\"BreadcrumbList\",\"@id\":\"https:\\\/\\\/spielgruppe-chnopf.ch\\\/sc\\\/?page_id=93#breadcrumb\",\"itemListElement\":[{\"@type\":\"ListItem\",\"position\":1,\"name\":\"Startseite\",\"item\":\"https:\\\/\\\/spielgruppe-chnopf.ch\\\/sc\\\/\"},{\"@type\":\"ListItem\",\"position\":2,\"name\":\"Anmeldung\"}]},{\"@type\":\"WebSite\",\"@id\":\"https:\\\/\\\/spielgruppe-chnopf.ch\\\/sc\\\/#website\",\"url\":\"https:\\\/\\\/spielgruppe-chnopf.ch\\\/sc\\\/\",\"name\":\"Spielgruppe Chnopf - Pf\u00e4ffikon ZH\",\"description\":\"Pf\u00e4ffikon ZH\",\"publisher\":{\"@id\":\"https:\\\/\\\/spielgruppe-chnopf.ch\\\/sc\\\/#organization\"},\"potentialAction\":[{\"@type\":\"SearchAction\",\"target\":{\"@type\":\"EntryPoint\",\"urlTemplate\":\"https:\\\/\\\/spielgruppe-chnopf.ch\\\/sc\\\/?s={search_term_string}\"},\"query-input\":{\"@type\":\"PropertyValueSpecification\",\"valueRequired\":true,\"valueName\":\"search_term_string\"}}],\"inLanguage\":\"de\"},{\"@type\":\"Organization\",\"@id\":\"https:\\\/\\\/spielgruppe-chnopf.ch\\\/sc\\\/#organization\",\"name\":\"Spielgruppe Chnopf\",\"url\":\"https:\\\/\\\/spielgruppe-chnopf.ch\\\/sc\\\/\",\"logo\":{\"@type\":\"ImageObject\",\"inLanguage\":\"de\",\"@id\":\"https:\\\/\\\/spielgruppe-chnopf.ch\\\/sc\\\/#\\\/schema\\\/logo\\\/image\\\/\",\"url\":\"https:\\\/\\\/spielgruppe-chnopf.ch\\\/sc\\\/wp-content\\\/uploads\\\/2018\\\/03\\\/neues-Chnopf-Logo-bunt-Chalkboard-3D-zugeschnitten.png\",\"contentUrl\":\"https:\\\/\\\/spielgruppe-chnopf.ch\\\/sc\\\/wp-content\\\/uploads\\\/2018\\\/03\\\/neues-Chnopf-Logo-bunt-Chalkboard-3D-zugeschnitten.png\",\"width\":640,\"height\":328,\"caption\":\"Spielgruppe Chnopf\"},\"image\":{\"@id\":\"https:\\\/\\\/spielgruppe-chnopf.ch\\\/sc\\\/#\\\/schema\\\/logo\\\/image\\\/\"},\"sameAs\":[\"https:\\\/\\\/www.facebook.com\\\/SpielgruppeChnopf\\\/\"]}]}<\/script>\n<!-- \/ Yoast SEO plugin. -->","yoast_head_json":{"title":"Anmeldung - Spielgruppe Chnopf","robots":{"index":"index","follow":"follow","max-snippet":"max-snippet:-1","max-image-preview":"max-image-preview:large","max-video-preview":"max-video-preview:-1"},"canonical":"https:\/\/spielgruppe-chnopf.ch\/sc\/?page_id=93","og_locale":"de_DE","og_type":"article","og_title":"Anmeldung - Spielgruppe Chnopf","og_description":"Anmeldung Wir freuen uns, dass Sie sich f\u00fcr die Spielgruppe Chnopf entschieden haben! Bitte beachten Sie beim Ausf\u00fcllen der Anmeldung folgende Punkte: Telefon:\u00a0Wenn vorhanden Angabe von Festnetz und Natel Bemerkungen: W\u00fcnsche zu einem bestimmten Spielgruppentag bzw. zu einer bestimmten Gruppe weiterlesen...","og_url":"https:\/\/spielgruppe-chnopf.ch\/sc\/?page_id=93","og_site_name":"Spielgruppe Chnopf","article_publisher":"https:\/\/www.facebook.com\/SpielgruppeChnopf\/","article_modified_time":"2025-01-17T13:30:43+00:00","twitter_card":"summary_large_image","twitter_misc":{"Gesch\u00e4tzte Lesezeit":"1\u00a0Minute"},"schema":{"@context":"https:\/\/schema.org","@graph":[{"@type":"WebPage","@id":"https:\/\/spielgruppe-chnopf.ch\/sc\/?page_id=93","url":"https:\/\/spielgruppe-chnopf.ch\/sc\/?page_id=93","name":"Anmeldung - Spielgruppe Chnopf","isPartOf":{"@id":"https:\/\/spielgruppe-chnopf.ch\/sc\/#website"},"datePublished":"2018-01-20T08:17:54+00:00","dateModified":"2025-01-17T13:30:43+00:00","breadcrumb":{"@id":"https:\/\/spielgruppe-chnopf.ch\/sc\/?page_id=93#breadcrumb"},"inLanguage":"de","potentialAction":[{"@type":"ReadAction","target":["https:\/\/spielgruppe-chnopf.ch\/sc\/?page_id=93"]}]},{"@type":"BreadcrumbList","@id":"https:\/\/spielgruppe-chnopf.ch\/sc\/?page_id=93#breadcrumb","itemListElement":[{"@type":"ListItem","position":1,"name":"Startseite","item":"https:\/\/spielgruppe-chnopf.ch\/sc\/"},{"@type":"ListItem","position":2,"name":"Anmeldung"}]},{"@type":"WebSite","@id":"https:\/\/spielgruppe-chnopf.ch\/sc\/#website","url":"https:\/\/spielgruppe-chnopf.ch\/sc\/","name":"Spielgruppe Chnopf - Pf\u00e4ffikon ZH","description":"Pf\u00e4ffikon ZH","publisher":{"@id":"https:\/\/spielgruppe-chnopf.ch\/sc\/#organization"},"potentialAction":[{"@type":"SearchAction","target":{"@type":"EntryPoint","urlTemplate":"https:\/\/spielgruppe-chnopf.ch\/sc\/?s={search_term_string}"},"query-input":{"@type":"PropertyValueSpecification","valueRequired":true,"valueName":"search_term_string"}}],"inLanguage":"de"},{"@type":"Organization","@id":"https:\/\/spielgruppe-chnopf.ch\/sc\/#organization","name":"Spielgruppe Chnopf","url":"https:\/\/spielgruppe-chnopf.ch\/sc\/","logo":{"@type":"ImageObject","inLanguage":"de","@id":"https:\/\/spielgruppe-chnopf.ch\/sc\/#\/schema\/logo\/image\/","url":"https:\/\/spielgruppe-chnopf.ch\/sc\/wp-content\/uploads\/2018\/03\/neues-Chnopf-Logo-bunt-Chalkboard-3D-zugeschnitten.png","contentUrl":"https:\/\/spielgruppe-chnopf.ch\/sc\/wp-content\/uploads\/2018\/03\/neues-Chnopf-Logo-bunt-Chalkboard-3D-zugeschnitten.png","width":640,"height":328,"caption":"Spielgruppe Chnopf"},"image":{"@id":"https:\/\/spielgruppe-chnopf.ch\/sc\/#\/schema\/logo\/image\/"},"sameAs":["https:\/\/www.facebook.com\/SpielgruppeChnopf\/"]}]}},"_links":{"self":[{"href":"https:\/\/spielgruppe-chnopf.ch\/sc\/index.php?rest_route=\/wp\/v2\/pages\/93","targetHints":{"allow":["GET"]}}],"collection":[{"href":"https:\/\/spielgruppe-chnopf.ch\/sc\/index.php?rest_route=\/wp\/v2\/pages"}],"about":[{"href":"https:\/\/spielgruppe-chnopf.ch\/sc\/index.php?rest_route=\/wp\/v2\/types\/page"}],"author":[{"embeddable":true,"href":"https:\/\/spielgruppe-chnopf.ch\/sc\/index.php?rest_route=\/wp\/v2\/users\/2"}],"replies":[{"embeddable":true,"href":"https:\/\/spielgruppe-chnopf.ch\/sc\/index.php?rest_route=%2Fwp%2Fv2%2Fcomments&post=93"}],"version-history":[{"count":43,"href":"https:\/\/spielgruppe-chnopf.ch\/sc\/index.php?rest_route=\/wp\/v2\/pages\/93\/revisions"}],"predecessor-version":[{"id":2964,"href":"https:\/\/spielgruppe-chnopf.ch\/sc\/index.php?rest_route=\/wp\/v2\/pages\/93\/revisions\/2964"}],"wp:attachment":[{"href":"https:\/\/spielgruppe-chnopf.ch\/sc\/index.php?rest_route=%2Fwp%2Fv2%2Fmedia&parent=93"}],"curies":[{"name":"wp","href":"https:\/\/api.w.org\/{rel}","templated":true}]}}